{"id":23613,"date":"2024-03-31T15:28:50","date_gmt":"2024-03-31T16:28:50","guid":{"rendered":"https:\/\/guidetotheazores.pt\/product\/sonnenhaus-flores\/"},"modified":"2024-03-31T15:28:50","modified_gmt":"2024-03-31T16:28:50","slug":"sonnenhaus-flores","status":"publish","type":"product","link":"https:\/\/guidetotheazores.pt\/de\/produkt\/sonnenhaus-flores\/","title":{"rendered":"Sonnenhaus &#8211; Flores"},"content":{"rendered":"<p>Casa do Sol&#8220; ist ein gro\u00dfes Steinhaus mit direktem Zugang zum Meer. Es hat einen wundersch\u00f6nen Blick auf das Meer, den Sonnenuntergang und die S\u00fcdseite, die Berge und den Ozean. <\/p>\n<p>Komfortabel und sehr ger\u00e4umig, ideal f\u00fcr 4 Personen, hat es 80m2 mit 2 Schlafzimmern im Erdgeschoss mit Meerblick, ein Badezimmer, eine voll ausgestattete K\u00fcche und ein Wohnzimmer mit Sofa (kann als Zusatzbett genutzt werden), TV und Stereoanlage.<\/p>\n<p>Das Haus ist neu und gem\u00fctlich eingerichtet und verf\u00fcgt \u00fcber einen Geschirrsp\u00fcler, eine Waschmaschine und eine Klimaanlage. Bettw\u00e4sche und Handt\u00fccher sind inklusive. <\/p>\n<p>Es hat einen m\u00f6blierten Garten, in dem du den Sonnenuntergang bequem von zu Hause aus genie\u00dfen kannst.<\/p>\n<p style=\"color: #000000;font-family: 'Helvetica Neue', Helvetica, Roboto, Arial, sans-serif;margin: 0px 0px 20px\">Nicht enthaltene Geb\u00fchren und Steuern:<br \/>\n&#8211; Wir bitten um eine Geb\u00fchr von 25eur pro Person beim Check-in.<\/p>\n<p style=\"color: #000000;font-family: 'Helvetica Neue', Helvetica, Roboto, Arial, sans-serif;margin: 0px 0px 20px\">Zahlungsbedingungen:<br \/>\n&#8211; Wir bitten um eine Vorauszahlung von 100% des Buchungsbetrags. Die Zahlung muss per Kreditkarte oder Bank\u00fcberweisung erfolgen.<br \/>\n** Die Best\u00e4tigung der Unterkunft erfolgt erst nach der Zahlung von 100% der Aufenthaltskosten. **<\/p>\n<p style=\"color: #000000;font-family: 'Helvetica Neue', Helvetica, Roboto, Arial, sans-serif;margin: 0px 0px 20px\">Stornierungsbedingungen:<br \/>\n&#8211; Nicht erstattungsf\u00e4hig<\/p>\n<p>&nbsp;<\/p>\n","protected":false},"excerpt":{"rendered":"<p>Das &#8222;Casa do Sol&#8220; ist ein gro\u00dfes Steinhaus mit direktem Zugang zum Meer. Es hat einen wundersch\u00f6nen Blick auf das Meer, den Sonnenuntergang und die S\u00fcdseite, die Berge und den Ozean. <\/p>\n<p>Komfortabel und sehr ger\u00e4umig, ideal f\u00fcr 4 Personen, hat es 80m2 mit 2 Schlafzimmern im Erdgeschoss mit Meerblick, ein Badezimmer, eine voll ausgestattete K\u00fcche und ein Wohnzimmer mit Sofa (kann als Zusatzbett genutzt werden), TV und Stereoanlage.<\/p>\n","protected":false},"featured_media":23614,"comment_status":"open","ping_status":"closed","template":"","meta":{"_acf_changed":false},"product_brand":[],"product_cat":[19490,19514,19529,19511],"product_tag":[19530],"class_list":{"0":"post-23613","1":"product","2":"type-product","3":"status-publish","4":"has-post-thumbnail","6":"product_cat-alle-inseln","7":"product_cat-alojamento-lokal","8":"product_cat-flores","9":"product_cat-unterkunft","10":"product_tag-floresisland","12":"first","13":"instock","14":"virtual","15":"sold-individually","16":"taxable","17":"purchasable","18":"product-type-phive_booking"},"acf":[],"_links":{"self":[{"href":"https:\/\/guidetotheazores.pt\/de\/wp-json\/wp\/v2\/product\/23613","targetHints":{"allow":["GET"]}}],"collection":[{"href":"https:\/\/guidetotheazores.pt\/de\/wp-json\/wp\/v2\/product"}],"about":[{"href":"https:\/\/guidetotheazores.pt\/de\/wp-json\/wp\/v2\/types\/product"}],"replies":[{"embeddable":true,"href":"https:\/\/guidetotheazores.pt\/de\/wp-json\/wp\/v2\/comments?post=23613"}],"wp:featuredmedia":[{"embeddable":true,"href":"https:\/\/guidetotheazores.pt\/de\/wp-json\/wp\/v2\/media\/23614"}],"wp:attachment":[{"href":"https:\/\/guidetotheazores.pt\/de\/wp-json\/wp\/v2\/media?parent=23613"}],"wp:term":[{"taxonomy":"product_brand","embeddable":true,"href":"https:\/\/guidetotheazores.pt\/de\/wp-json\/wp\/v2\/product_brand?post=23613"},{"taxonomy":"product_cat","embeddable":true,"href":"https:\/\/guidetotheazores.pt\/de\/wp-json\/wp\/v2\/product_cat?post=23613"},{"taxonomy":"product_tag","embeddable":true,"href":"https:\/\/guidetotheazores.pt\/de\/wp-json\/wp\/v2\/product_tag?post=23613"}],"curies":[{"name":"wp","href":"https:\/\/api.w.org\/{rel}","templated":true}]}}