{"id":23622,"date":"2024-03-07T15:38:39","date_gmt":"2024-03-07T16:38:39","guid":{"rendered":"https:\/\/guidetotheazores.pt\/product\/suite-miradouro-pico\/"},"modified":"2024-03-07T15:38:39","modified_gmt":"2024-03-07T16:38:39","slug":"suite-miradouro-pico","status":"publish","type":"product","link":"https:\/\/guidetotheazores.pt\/de\/produkt\/suite-miradouro-pico\/","title":{"rendered":"Suite Miradouro &#8211; Pico"},"content":{"rendered":"<p style=\"color: #000000; font-family: 'Helvetica Neue', Helvetica, Roboto, Arial, sans-serif; margin: 0px 0px 20px;\">Von deinem *K\u00f6nigsbett oder zwei Einzelbetten in der Miradouro Suite aus hast du einen atemberaubenden Blick auf das Meer und die K\u00fcste bis hin zur Stadt Lajes do Pico.<\/p>\n<p style=\"color: #000000; font-family: 'Helvetica Neue', Helvetica, Roboto, Arial, sans-serif; margin: 0px 0px 20px;\">Zur Ausstattung geh\u00f6ren ein bequemes Kingsize-Bett, ein K\u00fchlschrank, Tee- und Kaffeezubereitungsm\u00f6glichkeiten sowie ein Schreibtisch, um ein paar E-Mails zu bearbeiten.<\/p>\n","protected":false},"excerpt":{"rendered":"<p style=\"color: #000000; font-family: 'Helvetica Neue', Helvetica, Roboto, Arial, sans-serif; margin: 0px 0px 20px;\">Von deinem *K\u00f6nigsbett oder zwei Einzelbetten in der Miradouro Suite aus hast du einen atemberaubenden Blick auf das Meer und die K\u00fcste bis hin zur Stadt Lajes do Pico.<\/p>\n<p style=\"color: #000000; font-family: 'Helvetica Neue', Helvetica, Roboto, Arial, sans-serif; margin: 0px 0px 20px;\">Zur Ausstattung geh\u00f6ren ein bequemes Kingsize-Bett, ein K\u00fchlschrank, Tee- und Kaffeezubereitungsm\u00f6glichkeiten sowie ein Schreibtisch, um ein paar E-Mails zu bearbeiten.<\/p>\n","protected":false},"featured_media":23623,"comment_status":"open","ping_status":"closed","template":"","meta":{"_acf_changed":false},"product_brand":[],"product_cat":[19490,19514,19517,19511],"product_tag":[19518],"class_list":{"0":"post-23622","1":"product","2":"type-product","3":"status-publish","4":"has-post-thumbnail","6":"product_cat-alle-inseln","7":"product_cat-alojamento-lokal","8":"product_cat-pico","9":"product_cat-unterkunft","10":"product_tag-picoisland","12":"first","13":"instock","14":"virtual","15":"sold-individually","16":"taxable","17":"purchasable","18":"product-type-phive_booking"},"acf":[],"_links":{"self":[{"href":"https:\/\/guidetotheazores.pt\/de\/wp-json\/wp\/v2\/product\/23622","targetHints":{"allow":["GET"]}}],"collection":[{"href":"https:\/\/guidetotheazores.pt\/de\/wp-json\/wp\/v2\/product"}],"about":[{"href":"https:\/\/guidetotheazores.pt\/de\/wp-json\/wp\/v2\/types\/product"}],"replies":[{"embeddable":true,"href":"https:\/\/guidetotheazores.pt\/de\/wp-json\/wp\/v2\/comments?post=23622"}],"wp:featuredmedia":[{"embeddable":true,"href":"https:\/\/guidetotheazores.pt\/de\/wp-json\/wp\/v2\/media\/23623"}],"wp:attachment":[{"href":"https:\/\/guidetotheazores.pt\/de\/wp-json\/wp\/v2\/media?parent=23622"}],"wp:term":[{"taxonomy":"product_brand","embeddable":true,"href":"https:\/\/guidetotheazores.pt\/de\/wp-json\/wp\/v2\/product_brand?post=23622"},{"taxonomy":"product_cat","embeddable":true,"href":"https:\/\/guidetotheazores.pt\/de\/wp-json\/wp\/v2\/product_cat?post=23622"},{"taxonomy":"product_tag","embeddable":true,"href":"https:\/\/guidetotheazores.pt\/de\/wp-json\/wp\/v2\/product_tag?post=23622"}],"curies":[{"name":"wp","href":"https:\/\/api.w.org\/{rel}","templated":true}]}}