{"id":23627,"date":"2024-03-07T15:22:26","date_gmt":"2024-03-07T16:22:26","guid":{"rendered":"https:\/\/guidetotheazores.pt\/product\/suite-atlantic-pico\/"},"modified":"2024-03-07T15:22:26","modified_gmt":"2024-03-07T16:22:26","slug":"suite-atlantic-pico","status":"publish","type":"product","link":"https:\/\/guidetotheazores.pt\/de\/produkt\/suite-atlantic-pico\/","title":{"rendered":"Suite Atlantic &#8211; Pico"},"content":{"rendered":"<p style=\"color: #000000;font-family: 'Helvetica Neue', Helvetica, Roboto, Arial, sans-serif;margin: 0px 0px 20px\">Genie\u00dfe von deinen eigenen Balkonen aus einen atemberaubenden Blick auf den Atlantischen Ozean, so weit das Auge reicht.<\/p>\n<p style=\"color: #000000;font-family: 'Helvetica Neue', Helvetica, Roboto, Arial, sans-serif;margin: 0px 0px 20px\">Die Atlantic Suite verf\u00fcgt \u00fcber ein ger\u00e4umiges Wohnzimmer mit einem fabelhaften Echtholzkamin und einem fantastischen Balkon, von dem aus du den Blick auf das Meer genie\u00dfen kannst, w\u00e4hrend dein Schlafzimmer den Luxus eines Kingsize-Bettes, einen weiten Blick auf die K\u00fcste und einen privaten Balkon mit Meerblick bietet. Dein Badezimmer verf\u00fcgt \u00fcber eine Dusche, Toilette und Bidet, einen K\u00fchlschrank und Tee-\/Kaffeezubeh\u00f6r. <\/p>\n","protected":false},"excerpt":{"rendered":"<p style=\"color: #000000;font-family: 'Helvetica Neue', Helvetica, Roboto, Arial, sans-serif;margin: 0px 0px 20px\">Genie\u00dfe von deinen eigenen Balkonen aus einen atemberaubenden Blick auf den Atlantischen Ozean, so weit das Auge reicht.<\/p>\n<p style=\"color: #000000;font-family: 'Helvetica Neue', Helvetica, Roboto, Arial, sans-serif;margin: 0px 0px 20px\">Die Atlantic Suite verf\u00fcgt \u00fcber ein ger\u00e4umiges Wohnzimmer mit einem fabelhaften Echtholzkamin und einem fantastischen Balkon, von dem aus du den Blick auf das Meer genie\u00dfen kannst, w\u00e4hrend dein Schlafzimmer den Luxus eines Kingsize-Bettes, einen weiten Blick auf die K\u00fcste und einen privaten Balkon mit Meerblick bietet. Dein Badezimmer verf\u00fcgt \u00fcber eine Dusche, Toilette und Bidet, einen K\u00fchlschrank und Tee-\/Kaffeezubeh\u00f6r. <\/p>\n","protected":false},"featured_media":23631,"comment_status":"open","ping_status":"closed","template":"","meta":{"_acf_changed":false},"product_brand":[],"product_cat":[19490,19514,19517,19511],"product_tag":[19518],"class_list":{"0":"post-23627","1":"product","2":"type-product","3":"status-publish","4":"has-post-thumbnail","6":"product_cat-alle-inseln","7":"product_cat-alojamento-lokal","8":"product_cat-pico","9":"product_cat-unterkunft","10":"product_tag-picoisland","12":"first","13":"instock","14":"virtual","15":"sold-individually","16":"taxable","17":"purchasable","18":"product-type-phive_booking"},"acf":[],"_links":{"self":[{"href":"https:\/\/guidetotheazores.pt\/de\/wp-json\/wp\/v2\/product\/23627","targetHints":{"allow":["GET"]}}],"collection":[{"href":"https:\/\/guidetotheazores.pt\/de\/wp-json\/wp\/v2\/product"}],"about":[{"href":"https:\/\/guidetotheazores.pt\/de\/wp-json\/wp\/v2\/types\/product"}],"replies":[{"embeddable":true,"href":"https:\/\/guidetotheazores.pt\/de\/wp-json\/wp\/v2\/comments?post=23627"}],"wp:featuredmedia":[{"embeddable":true,"href":"https:\/\/guidetotheazores.pt\/de\/wp-json\/wp\/v2\/media\/23631"}],"wp:attachment":[{"href":"https:\/\/guidetotheazores.pt\/de\/wp-json\/wp\/v2\/media?parent=23627"}],"wp:term":[{"taxonomy":"product_brand","embeddable":true,"href":"https:\/\/guidetotheazores.pt\/de\/wp-json\/wp\/v2\/product_brand?post=23627"},{"taxonomy":"product_cat","embeddable":true,"href":"https:\/\/guidetotheazores.pt\/de\/wp-json\/wp\/v2\/product_cat?post=23627"},{"taxonomy":"product_tag","embeddable":true,"href":"https:\/\/guidetotheazores.pt\/de\/wp-json\/wp\/v2\/product_tag?post=23627"}],"curies":[{"name":"wp","href":"https:\/\/api.w.org\/{rel}","templated":true}]}}