{"id":23633,"date":"2024-03-07T15:33:39","date_gmt":"2024-03-07T16:33:39","guid":{"rendered":"https:\/\/guidetotheazores.pt\/product\/suite-papalva-pico\/"},"modified":"2024-03-07T15:33:39","modified_gmt":"2024-03-07T16:33:39","slug":"suite-papalva-pico","status":"publish","type":"product","link":"https:\/\/guidetotheazores.pt\/de\/produkt\/suite-papalva-pico\/","title":{"rendered":"Suite Papalva &#8211; Pico"},"content":{"rendered":"<p style=\"color: #000000;font-family: 'Helvetica Neue', Helvetica, Roboto, Arial, sans-serif;margin: 0px 0px 20px\">Die Premium-Suite Papalva ist unsere ger\u00e4umigste Option und bietet den Luxus eines eigenen Badezimmers mit einem luxuri\u00f6sen Eck-Whirlpool, in dem du dich nach einem Tag voller Abenteuer und der Erkundung der vielen Sehensw\u00fcrdigkeiten und Erlebnisse der Insel Pico perfekt entspannen kannst.<\/p>\n<p style=\"color: #000000;font-family: 'Helvetica Neue', Helvetica, Roboto, Arial, sans-serif;margin: 0px 0px 20px\">Ein bequemes Queen-Size-Bett und eine herrliche private Terrasse, auf der du die Seele baumeln lassen und die Aussicht auf das Meer und den wundersch\u00f6nen Berg &#8222;Pico&#8220; genie\u00dfen kannst.<\/p>\n","protected":false},"excerpt":{"rendered":"<p style=\"color: #000000;font-family: 'Helvetica Neue', Helvetica, Roboto, Arial, sans-serif;margin: 0px 0px 20px\">Die Premium-Suite Papalva ist unsere ger\u00e4umigste Option und bietet den Luxus eines eigenen Badezimmers mit einem luxuri\u00f6sen Eck-Whirlpool, in dem du dich nach einem Tag voller Abenteuer und der Erkundung der vielen Sehensw\u00fcrdigkeiten und Erlebnisse der Insel Pico perfekt entspannen kannst.<\/p>\n<p style=\"color: #000000;font-family: 'Helvetica Neue', Helvetica, Roboto, Arial, sans-serif;margin: 0px 0px 20px\">Ein bequemes Queen-Size-Bett und eine herrliche private Terrasse, auf der du die Seele baumeln lassen und die Aussicht auf das Meer und den wundersch\u00f6nen Berg &#8222;Pico&#8220; genie\u00dfen kannst.<\/p>\n","protected":false},"featured_media":23646,"comment_status":"open","ping_status":"closed","template":"","meta":{"_acf_changed":false},"product_brand":[],"product_cat":[19490,19514,19517,19511],"product_tag":[19518],"class_list":{"0":"post-23633","1":"product","2":"type-product","3":"status-publish","4":"has-post-thumbnail","6":"product_cat-alle-inseln","7":"product_cat-alojamento-lokal","8":"product_cat-pico","9":"product_cat-unterkunft","10":"product_tag-picoisland","12":"first","13":"instock","14":"virtual","15":"sold-individually","16":"taxable","17":"purchasable","18":"product-type-phive_booking"},"acf":[],"_links":{"self":[{"href":"https:\/\/guidetotheazores.pt\/de\/wp-json\/wp\/v2\/product\/23633","targetHints":{"allow":["GET"]}}],"collection":[{"href":"https:\/\/guidetotheazores.pt\/de\/wp-json\/wp\/v2\/product"}],"about":[{"href":"https:\/\/guidetotheazores.pt\/de\/wp-json\/wp\/v2\/types\/product"}],"replies":[{"embeddable":true,"href":"https:\/\/guidetotheazores.pt\/de\/wp-json\/wp\/v2\/comments?post=23633"}],"wp:featuredmedia":[{"embeddable":true,"href":"https:\/\/guidetotheazores.pt\/de\/wp-json\/wp\/v2\/media\/23646"}],"wp:attachment":[{"href":"https:\/\/guidetotheazores.pt\/de\/wp-json\/wp\/v2\/media?parent=23633"}],"wp:term":[{"taxonomy":"product_brand","embeddable":true,"href":"https:\/\/guidetotheazores.pt\/de\/wp-json\/wp\/v2\/product_brand?post=23633"},{"taxonomy":"product_cat","embeddable":true,"href":"https:\/\/guidetotheazores.pt\/de\/wp-json\/wp\/v2\/product_cat?post=23633"},{"taxonomy":"product_tag","embeddable":true,"href":"https:\/\/guidetotheazores.pt\/de\/wp-json\/wp\/v2\/product_tag?post=23633"}],"curies":[{"name":"wp","href":"https:\/\/api.w.org\/{rel}","templated":true}]}}