{"id":23648,"date":"2024-03-02T15:50:03","date_gmt":"2024-03-02T16:50:03","guid":{"rendered":"https:\/\/guidetotheazores.pt\/product\/kolosseum-residenz\/"},"modified":"2024-03-02T15:50:03","modified_gmt":"2024-03-02T16:50:03","slug":"kolosseum-residenz","status":"publish","type":"product","link":"https:\/\/guidetotheazores.pt\/de\/produkt\/kolosseum-residenz\/","title":{"rendered":"Kolosseum Residenz"},"content":{"rendered":"<p><span style=\"color: #000000;font-family: 'Helvetica Neue', Helvetica, Roboto, Arial, sans-serif;font-size: medium\">Luxuri\u00f6ses Apartment in einer bewachten Wohnanlage, komplett ausgestattet, um deinen Urlaub auf den Azoren zu genie\u00dfen. Die Wohnung hat eine Fl\u00e4che von 145m2 und ist originell und modern eingerichtet. Das Apartment &#8222;Coliseum Residence&#8220; befindet sich im Stadtzentrum von Ponta Delgada, 10 Minuten zu Fu\u00df von den nat\u00fcrlichen Pools entfernt, mit einer Apotheke 50m entfernt und ganz in der N\u00e4he von mehreren Restaurants, dem Coliseu Micaelense, der Avenida das Portas da Cidade und dem Hafen von Ponta Delgada.    <\/span><\/p>\n<p><span style=\"color: #000000;font-family: 'Helvetica Neue', Helvetica, Roboto, Arial, sans-serif;font-size: medium\">Der Flughafen ist weniger als 10 Minuten mit dem Auto entfernt.<\/span><\/p>\n<p><span style=\"color: #000000;font-family: 'Helvetica Neue', Helvetica, Roboto, Arial, sans-serif;font-size: medium\">Die Wohnung ist ein T3 mit einer Suite mit eigenem Bad, einem Doppelschlafzimmer mit Balkon, einem Einzelschlafzimmer, 2 B\u00e4dern, einem ger\u00e4umigen Wohnzimmer (Fernseher und Zugang zum Balkon durch Glasschiebefenster), einer voll ausgestatteten K\u00fcche f\u00fcr deine Bed\u00fcrfnisse und Klimaanlage in allen R\u00e4umen au\u00dfer den B\u00e4dern.  <\/span><\/p>\n<p><span style=\"color: #000000;font-family: 'Helvetica Neue', Helvetica, Roboto, Arial, sans-serif;font-size: medium\">So k\u00f6nnen zwei bis sechs Personen bequem in dieser Wohnung untergebracht werden. Drau\u00dfen gibt es einen Garten mit Ger\u00e4ten zum Trainieren im Freien und einen \u00fcberdachten Parkplatz. Die Zimmer sind mit WiFi, Klimaanlage und Kleiderschr\u00e4nken mit zus\u00e4tzlicher Bettw\u00e4sche und Handt\u00fcchern ausgestattet.  <\/span><\/p>\n<p><span style=\"color: #000000;font-family: 'Helvetica Neue', Helvetica, Roboto, Arial, sans-serif;font-size: medium\">Die Wohnung ist sehr ruhig und f\u00fcr Familien oder Gruppen von Freunden geeignet.<\/span><\/p>\n","protected":false},"excerpt":{"rendered":"<p><span style=\"color: #000000;font-family: 'Helvetica Neue', Helvetica, Roboto, Arial, sans-serif;font-size: medium\">Luxuri\u00f6ses Apartment in einer bewachten Wohnanlage, komplett ausgestattet, um deinen Urlaub auf den Azoren zu genie\u00dfen. Die Wohnung hat eine Fl\u00e4che von 145m2 und ist originell und modern eingerichtet. Das Apartment &#8222;Coliseum Residence&#8220; befindet sich im Stadtzentrum von Ponta Delgada, 10 Minuten zu Fu\u00df von den nat\u00fcrlichen Pools entfernt, mit einer Apotheke 50m entfernt und ganz in der N\u00e4he von mehreren Restaurants, dem Coliseu Micaelense, der Avenida das Portas da Cidade und dem Hafen von Ponta Delgada.  <\/span><\/p>\n<p><span style=\"color: #000000;font-family: 'Helvetica Neue', Helvetica, Roboto, Arial, sans-serif;font-size: medium\">Die Wohnung ist ein T3 mit einer Suite mit eigenem Bad, einem Doppelschlafzimmer mit Balkon, einem Einzelschlafzimmer, 2 B\u00e4dern, einem ger\u00e4umigen Wohnzimmer (Fernseher und Zugang zum Balkon durch Glasschiebefenster), einer voll ausgestatteten K\u00fcche f\u00fcr deine Bed\u00fcrfnisse und Klimaanlage in allen R\u00e4umen au\u00dfer den B\u00e4dern.<\/span><\/p>\n","protected":false},"featured_media":23649,"comment_status":"open","ping_status":"closed","template":"","meta":{"_acf_changed":false},"product_brand":[],"product_cat":[19511],"product_tag":[],"class_list":{"0":"post-23648","1":"product","2":"type-product","3":"status-publish","4":"has-post-thumbnail","6":"product_cat-unterkunft","8":"first","9":"instock","10":"virtual","11":"sold-individually","12":"taxable","13":"purchasable","14":"product-type-phive_booking"},"acf":[],"_links":{"self":[{"href":"https:\/\/guidetotheazores.pt\/de\/wp-json\/wp\/v2\/product\/23648","targetHints":{"allow":["GET"]}}],"collection":[{"href":"https:\/\/guidetotheazores.pt\/de\/wp-json\/wp\/v2\/product"}],"about":[{"href":"https:\/\/guidetotheazores.pt\/de\/wp-json\/wp\/v2\/types\/product"}],"replies":[{"embeddable":true,"href":"https:\/\/guidetotheazores.pt\/de\/wp-json\/wp\/v2\/comments?post=23648"}],"wp:featuredmedia":[{"embeddable":true,"href":"https:\/\/guidetotheazores.pt\/de\/wp-json\/wp\/v2\/media\/23649"}],"wp:attachment":[{"href":"https:\/\/guidetotheazores.pt\/de\/wp-json\/wp\/v2\/media?parent=23648"}],"wp:term":[{"taxonomy":"product_brand","embeddable":true,"href":"https:\/\/guidetotheazores.pt\/de\/wp-json\/wp\/v2\/product_brand?post=23648"},{"taxonomy":"product_cat","embeddable":true,"href":"https:\/\/guidetotheazores.pt\/de\/wp-json\/wp\/v2\/product_cat?post=23648"},{"taxonomy":"product_tag","embeddable":true,"href":"https:\/\/guidetotheazores.pt\/de\/wp-json\/wp\/v2\/product_tag?post=23648"}],"curies":[{"name":"wp","href":"https:\/\/api.w.org\/{rel}","templated":true}]}}