{"id":23710,"date":"2024-03-02T14:55:33","date_gmt":"2024-03-02T15:55:33","guid":{"rendered":"https:\/\/guidetotheazores.pt\/product\/ganztaegige-tour-zur-insel-pico\/"},"modified":"2024-03-02T14:55:33","modified_gmt":"2024-03-02T15:55:33","slug":"ganztaegige-tour-zur-insel-pico","status":"publish","type":"product","link":"https:\/\/guidetotheazores.pt\/de\/produkt\/ganztaegige-tour-zur-insel-pico\/","title":{"rendered":"Ganzt\u00e4gige Tour zur Insel Pico"},"content":{"rendered":"<p style=\"color: #000000;font-family: 'Helvetica Neue', Helvetica, Roboto, Arial, sans-serif;margin: 0px 0px 20px\">Diese Tour ist eine Kombination aus sehenswerten Orten und versteckten Perlen der Insel Pico. Sie ist perfekt f\u00fcr alle, die sich einen \u00dcberblick \u00fcber die Insel verschaffen wollen, gew\u00fcrzt mit einigen au\u00dfergew\u00f6hnlichen Erlebnissen. Der Vormittag steht ganz im Zeichen der wundersch\u00f6nen Natur der j\u00fcngsten Insel der Azoren. Nach einem Picknick mit lokalen Produkten erkunden wir einen Teil der Picaroto-Kultur.   <span class=\"Apple-converted-space\"> <\/span><\/p>\n<p style=\"color: #000000;font-family: 'Helvetica Neue', Helvetica, Roboto, Arial, sans-serif;margin: 0px 0px 20px\">Highlights<br \/>\n&#8211; Lagoa do Capit\u00e3o<br \/>\n&#8211; Miradouro Pico da Urze<br \/>\n&#8211; Lavatunnel<br \/>\n&#8211; Cria\u00e7\u00e3o Velha Vineyards<br \/>\n&#8211; Cachorro<br \/>\n&#8211; Lajido<br \/>\n&#8211; Besuch in Vigia<br \/>\n&#8211; Lajes do Pico<br \/>\n&#8211; Picknick mit lokalen Produkten<\/p>\n<p style=\"color: #000000;font-family: 'Helvetica Neue', Helvetica, Roboto, Arial, sans-serif;margin: 0px 0px 20px\">Treffpunkt<br \/>\n&#8211; Die Tour beginnt um 9:00 Uhr an unserem B\u00fcro im Hafen von Lajes.<span class=\"Apple-converted-space\"> <\/span><\/p>\n<p style=\"color: #000000;font-family: 'Helvetica Neue', Helvetica, Roboto, Arial, sans-serif;margin: 0px 0px 20px\">In der Tour enthalten<br \/>\n&#8211; Picknick mit lokalen Produkten<br \/>\n&#8211; Transport<br \/>\n&#8211; F\u00fchrer durch den Naturpark Pico<br \/>\n&#8211; Pers\u00f6nliche Unfallversicherung<\/p>\n","protected":false},"excerpt":{"rendered":"<p style=\"color: #000000;font-family: 'Helvetica Neue', Helvetica, Roboto, Arial, sans-serif;margin: 0px 0px 20px\"><span style=\"color: #000000;font-family: 'Helvetica Neue', Helvetica, Roboto, Arial, sans-serif\">Diese Tour ist eine Kombination aus sehenswerten Orten und versteckten Perlen der Insel Pico. Sie ist perfekt f\u00fcr alle, die sich einen \u00dcberblick \u00fcber die Insel verschaffen wollen, gew\u00fcrzt mit einigen au\u00dfergew\u00f6hnlichen Erlebnissen. Der Vormittag steht ganz im Zeichen der wundersch\u00f6nen Natur der j\u00fcngsten Insel der Azoren. Nach einem Picknick mit lokalen Produkten erkunden wir einen Teil der Picaroto-Kultur.   <\/span><span class=\"Apple-converted-space\" style=\"color: #000000;font-family: 'Helvetica Neue', Helvetica, Roboto, Arial, sans-serif\"> <\/span><\/p>\n<p><span style=\"color: #000000;font-family: 'Helvetica Neue', Helvetica, Roboto, Arial, sans-serif\">Treffpunkt<\/span><br style=\"color: #000000;font-family: 'Helvetica Neue', Helvetica, Roboto, Arial, sans-serif\"><span style=\"color: #000000;font-family: 'Helvetica Neue', Helvetica, Roboto, Arial, sans-serif\">&#8211; Die Tour beginnt um 9:00 Uhr an unserem B\u00fcro im Hafen von Lajes<\/span><\/p>\n","protected":false},"featured_media":23721,"comment_status":"open","ping_status":"closed","template":"","meta":{"_acf_changed":false},"product_brand":[],"product_cat":[19483],"product_tag":[],"class_list":{"0":"post-23710","1":"product","2":"type-product","3":"status-publish","4":"has-post-thumbnail","6":"product_cat-aktivitaten","8":"first","9":"instock","10":"virtual","11":"sold-individually","12":"taxable","13":"purchasable","14":"product-type-phive_booking"},"acf":[],"_links":{"self":[{"href":"https:\/\/guidetotheazores.pt\/de\/wp-json\/wp\/v2\/product\/23710","targetHints":{"allow":["GET"]}}],"collection":[{"href":"https:\/\/guidetotheazores.pt\/de\/wp-json\/wp\/v2\/product"}],"about":[{"href":"https:\/\/guidetotheazores.pt\/de\/wp-json\/wp\/v2\/types\/product"}],"replies":[{"embeddable":true,"href":"https:\/\/guidetotheazores.pt\/de\/wp-json\/wp\/v2\/comments?post=23710"}],"wp:featuredmedia":[{"embeddable":true,"href":"https:\/\/guidetotheazores.pt\/de\/wp-json\/wp\/v2\/media\/23721"}],"wp:attachment":[{"href":"https:\/\/guidetotheazores.pt\/de\/wp-json\/wp\/v2\/media?parent=23710"}],"wp:term":[{"taxonomy":"product_brand","embeddable":true,"href":"https:\/\/guidetotheazores.pt\/de\/wp-json\/wp\/v2\/product_brand?post=23710"},{"taxonomy":"product_cat","embeddable":true,"href":"https:\/\/guidetotheazores.pt\/de\/wp-json\/wp\/v2\/product_cat?post=23710"},{"taxonomy":"product_tag","embeddable":true,"href":"https:\/\/guidetotheazores.pt\/de\/wp-json\/wp\/v2\/product_tag?post=23710"}],"curies":[{"name":"wp","href":"https:\/\/api.w.org\/{rel}","templated":true}]}}