{"id":23913,"date":"2026-05-03T20:50:31","date_gmt":"2026-05-03T21:50:31","guid":{"rendered":"https:\/\/guidetotheazores.pt\/product\/wine-food-walking-tour-in-ponta-delgada-inkl-abendessen\/"},"modified":"2026-05-03T20:50:31","modified_gmt":"2026-05-03T21:50:31","slug":"wine-food-walking-tour-in-ponta-delgada-inkl-abendessen","status":"publish","type":"product","link":"https:\/\/guidetotheazores.pt\/de\/produkt\/wine-food-walking-tour-in-ponta-delgada-inkl-abendessen\/","title":{"rendered":"Wine &amp; Food Walking Tour in Ponta Delgada, inkl. Abendessen"},"content":{"rendered":"<div class=\"subsection\" data-v-68eac83b=\"\">\n<div class=\"content-builder-markdown-view\" data-v-316d1a1e=\"\" data-v-68eac83b=\"\">\n<p>Erkunde Ponta Delgada auf einem entspannten, dreist\u00fcndigen Spaziergang, bei dem azoreanische Weine mit lokalen Meeresfr\u00fcchten, Fleisch, handwerklich hergestellten K\u00e4sesorten und Desserts kombiniert werden.<\/p>\n<p>Unter der Leitung eines kulinarischen Guides von Hungry Whales werden Verkostungen, Abendessen und spannende Geschichten \u00fcber die Trinkkultur und die Geschichte der Inseln miteinander kombiniert.<\/p>\n<p>Du besuchst mehrere Lokale in der Innenstadt, bevor du mit einem gro\u00dfartigen, von den Azoren inspirierten Abendessen abschlie\u00dft.<\/p>\n<\/div>\n<\/div>\n<div class=\"subsection\" data-v-68eac83b=\"\"><span class=\"fh-text fh-text--body-lg fh-text--bold block\" data-v-3872b9c5=\"\" data-v-68eac83b=\"\">Reiseroute<\/span><\/p>\n<div class=\"content-builder-markdown-view\" data-v-316d1a1e=\"\" data-v-68eac83b=\"\">\n<ol>\n<li>Triff deinen Guide in der Innenstadt und erhalte einen \u00dcberblick und einleitende Fakten.<\/li>\n<li>Besuche verschiedene Lokale, um Weine und Speisen zu probieren und ihre kulturelle Bedeutung zu erfahren.<\/li>\n<li>Genie\u00dfe ein komplettes Abendessen, gepaart mit Weinen, die die kulinarische Vielfalt der Azoren pr\u00e4sentieren.<\/li>\n<li>Zum Abschluss gibt es ein hausgemachtes Dessert, einen gest\u00e4rkten Wein und ein Gruppenfoto.<\/li>\n<\/ol>\n<\/div>\n<\/div>\n<div class=\"subsection\" data-v-68eac83b=\"\"><span class=\"fh-text fh-text--body-lg fh-text--bold block\" data-v-3872b9c5=\"\" data-v-68eac83b=\"\">Highlights<\/span><\/p>\n<div class=\"content-builder-markdown-view\" data-v-316d1a1e=\"\" data-v-68eac83b=\"\">\n<ul>\n<li>Probiere einzigartige, lokal produzierte vulkanische Weine und regionale Lebensmittel<\/li>\n<li>Lerne von einem fachkundigen F\u00fchrer etwas \u00fcber azoreanische Trinktraditionen und Geschichte<\/li>\n<li>Besuche eine ausgew\u00e4hlte Auswahl an authentischen Lokalen in der Innenstadt<\/li>\n<li>Kleine Gruppen f\u00fcr ein individuelles und lehrreiches Erlebnis<\/li>\n<\/ul>\n<\/div>\n<\/div>\n","protected":false},"excerpt":{"rendered":"<p>Erkunde Ponta Delgada auf einem entspannten, dreist\u00fcndigen Spaziergang, bei dem du azoreanische Weine mit lokalen Meeresfr\u00fcchten, Fleisch, handwerklich hergestellten K\u00e4sesorten und Desserts kombinieren kannst.<\/p>\n<p><script src=\"https:\/\/fareharbor.com\/embeds\/script\/calendar\/hungrywhales\/items\/174919\/?asn=fhdn-eur&amp;asn-ref=guidetotheazores&amp;ref=guidetotheazores&amp;bookable-only=yes&amp;full-items=yes&amp;marketplace=yes&amp;flow=no&amp;branding=no\"><\/script><\/p>\n<p>Dauer &#8211; 3 Stunden<br \/>\nTreffpunkt Portas da Cidade &#8211; Pra\u00e7a Gon\u00e7alo Velho Cabral<br \/>\nStornierungen &#8211; Standard-Stornierungsbedingungen: 75% Erstattung bei Stornierungen, die mehr als 60 Tage im Voraus erfolgen. 50% Erstattung bei Stornierungen, die mehr als 15 Tage im Voraus erfolgen. 25% Erstattung bei Stornierungen zwischen 3-14 Tagen im Voraus. Keine R\u00fcckerstattung innerhalb von 72 Stunden.<br \/>\nAlter &#8211; 12 &#8211; 99   <\/p>\n","protected":false},"featured_media":21650,"comment_status":"closed","ping_status":"closed","template":"","meta":{"_acf_changed":false},"product_brand":[],"product_cat":[19490,19554,19552,19551,19521],"product_tag":[19522],"class_list":{"0":"post-23913","1":"product","2":"type-product","3":"status-publish","4":"has-post-thumbnail","6":"product_cat-alle-inseln","7":"product_cat-azorean-delicatessen","8":"product_cat-azoreanische-weine","9":"product_cat-essen-und-getranke","10":"product_cat-sao-miguel","11":"product_tag-saomiguelisland","13":"first","14":"instock","15":"taxable","16":"shipping-taxable","17":"product-type-external"},"acf":[],"_links":{"self":[{"href":"https:\/\/guidetotheazores.pt\/de\/wp-json\/wp\/v2\/product\/23913","targetHints":{"allow":["GET"]}}],"collection":[{"href":"https:\/\/guidetotheazores.pt\/de\/wp-json\/wp\/v2\/product"}],"about":[{"href":"https:\/\/guidetotheazores.pt\/de\/wp-json\/wp\/v2\/types\/product"}],"replies":[{"embeddable":true,"href":"https:\/\/guidetotheazores.pt\/de\/wp-json\/wp\/v2\/comments?post=23913"}],"wp:featuredmedia":[{"embeddable":true,"href":"https:\/\/guidetotheazores.pt\/de\/wp-json\/wp\/v2\/media\/21650"}],"wp:attachment":[{"href":"https:\/\/guidetotheazores.pt\/de\/wp-json\/wp\/v2\/media?parent=23913"}],"wp:term":[{"taxonomy":"product_brand","embeddable":true,"href":"https:\/\/guidetotheazores.pt\/de\/wp-json\/wp\/v2\/product_brand?post=23913"},{"taxonomy":"product_cat","embeddable":true,"href":"https:\/\/guidetotheazores.pt\/de\/wp-json\/wp\/v2\/product_cat?post=23913"},{"taxonomy":"product_tag","embeddable":true,"href":"https:\/\/guidetotheazores.pt\/de\/wp-json\/wp\/v2\/product_tag?post=23913"}],"curies":[{"name":"wp","href":"https:\/\/api.w.org\/{rel}","templated":true}]}}