{"id":23919,"date":"2026-05-03T15:06:44","date_gmt":"2026-05-03T16:06:44","guid":{"rendered":"https:\/\/guidetotheazores.pt\/product\/canyoning-erlebnis\/"},"modified":"2026-05-03T15:06:44","modified_gmt":"2026-05-03T16:06:44","slug":"canyoning-erlebnis","status":"publish","type":"product","link":"https:\/\/guidetotheazores.pt\/de\/produkt\/canyoning-erlebnis\/","title":{"rendered":"Canyoning Erlebnis"},"content":{"rendered":"<div class=\"subsection\" data-v-68eac83b=\"\">\n<div class=\"content-builder-markdown-view\" data-v-316d1a1e=\"\" data-v-68eac83b=\"\">\n<p>Tauche ein in die Natur bei einer gef\u00fchrten Canyoning-Tour in Ribeira Grande. Ziehe deine Sicherheitsausr\u00fcstung an und sp\u00fcre den berauschenden Rausch beim Springen, Seilrutschen und Abseilen an wundersch\u00f6nen Wasserf\u00e4llen. <\/p>\n<\/div>\n<\/div>\n<div class=\"subsection\" data-v-68eac83b=\"\"><span class=\"fh-text fh-text--body-lg fh-text--bold block\" data-v-3872b9c5=\"\" data-v-68eac83b=\"\">Was enthalten ist<\/span><\/p>\n<div class=\"content-builder-markdown-view\" data-v-316d1a1e=\"\" data-v-68eac83b=\"\">\n<p>Hochwertige Standard-Sicherheitsausr\u00fcstung, Lizenzen, pers\u00f6nliche Versicherung, erfahrene qualifizierte F\u00fchrer, Foto- und Videoservice.<\/p>\n<p>Sicherheitsausr\u00fcstung: Neoprenanzug und Socken, Top-Canyoning-Schuhe, Helm, Klettergurt und Sicherheitsausr\u00fcstung f\u00fcr die Gruppe.<\/p>\n<p>Englisch und Portugiesisch sprechende Guides<\/p>\n<\/div>\n<\/div>\n<div class=\"subsection\" data-v-68eac83b=\"\"><span class=\"fh-text fh-text--body-lg fh-text--bold block\" data-v-3872b9c5=\"\" data-v-68eac83b=\"\">Highlights<\/span><\/p>\n<div class=\"content-builder-markdown-view\" data-v-316d1a1e=\"\" data-v-68eac83b=\"\">\n<ul>\n<li>Es gibt Bereiche, in denen du geothermische W\u00e4rme sp\u00fcren kannst, 3 Wasserf\u00e4lle mit 3 verschiedenen Methoden: Sprung (optional), Seilbahn und Abseilen<\/li>\n<\/ul>\n<\/div>\n<\/div>\n","protected":false},"excerpt":{"rendered":"<p>Tauche bei einer gef\u00fchrten Canyoning-Tour in Ribeira Grande in die Natur ein. Ziehe deine Sicherheitsausr\u00fcstung an und sp\u00fcre den aufregenden Rausch beim Springen, Seilrutschen und Abseilen an wundersch\u00f6nen Wasserf\u00e4llen<br \/>\n&nbsp;<\/p>\n<p><script src=\"https:\/\/fareharbor.com\/embeds\/script\/calendar\/azoreanactiveblueberry\/items\/136092\/?asn=fhdn-eur&amp;asn-ref=guidetotheazores&amp;ref=guidetotheazores&amp;bookable-only=yes&amp;full-items=yes&amp;marketplace=yes&amp;flow=no&amp;branding=no\"><\/script><\/p>\n<p>Dauer &#8211; 3 Stunden<br \/>\nTreffpunkt &#8211; https:\/\/maps.app.goo.gl\/CsCTKzWBxcQWNSxQ7<br \/>\nStornierungen &#8211; 48h vor dem Datum der Aktivit\u00e4t<br \/>\nAlter &#8211; 6 &#8211; 75<br \/>\nZug\u00e4nglichkeit &#8211; Nicht kinderwagen- und rollstuhlgerecht<\/p>\n","protected":false},"featured_media":21604,"comment_status":"closed","ping_status":"closed","template":"","meta":{"_acf_changed":false},"product_brand":[],"product_cat":[19483,19490,19556,19521],"product_tag":[],"class_list":{"0":"post-23919","1":"product","2":"type-product","3":"status-publish","4":"has-post-thumbnail","6":"product_cat-aktivitaten","7":"product_cat-alle-inseln","8":"product_cat-canyoning","9":"product_cat-sao-miguel","11":"first","12":"instock","13":"taxable","14":"shipping-taxable","15":"product-type-external"},"acf":[],"_links":{"self":[{"href":"https:\/\/guidetotheazores.pt\/de\/wp-json\/wp\/v2\/product\/23919","targetHints":{"allow":["GET"]}}],"collection":[{"href":"https:\/\/guidetotheazores.pt\/de\/wp-json\/wp\/v2\/product"}],"about":[{"href":"https:\/\/guidetotheazores.pt\/de\/wp-json\/wp\/v2\/types\/product"}],"replies":[{"embeddable":true,"href":"https:\/\/guidetotheazores.pt\/de\/wp-json\/wp\/v2\/comments?post=23919"}],"wp:featuredmedia":[{"embeddable":true,"href":"https:\/\/guidetotheazores.pt\/de\/wp-json\/wp\/v2\/media\/21604"}],"wp:attachment":[{"href":"https:\/\/guidetotheazores.pt\/de\/wp-json\/wp\/v2\/media?parent=23919"}],"wp:term":[{"taxonomy":"product_brand","embeddable":true,"href":"https:\/\/guidetotheazores.pt\/de\/wp-json\/wp\/v2\/product_brand?post=23919"},{"taxonomy":"product_cat","embeddable":true,"href":"https:\/\/guidetotheazores.pt\/de\/wp-json\/wp\/v2\/product_cat?post=23919"},{"taxonomy":"product_tag","embeddable":true,"href":"https:\/\/guidetotheazores.pt\/de\/wp-json\/wp\/v2\/product_tag?post=23919"}],"curies":[{"name":"wp","href":"https:\/\/api.w.org\/{rel}","templated":true}]}}