{"id":23920,"date":"2026-05-02T08:50:53","date_gmt":"2026-05-02T09:50:53","guid":{"rendered":"https:\/\/guidetotheazores.pt\/product\/pico-vineyards-fahrradtour\/"},"modified":"2026-05-02T08:50:53","modified_gmt":"2026-05-02T09:50:53","slug":"pico-vineyards-fahrradtour","status":"publish","type":"product","link":"https:\/\/guidetotheazores.pt\/de\/produkt\/pico-vineyards-fahrradtour\/","title":{"rendered":"Pico Vineyards Fahrradtour"},"content":{"rendered":"<p>Entdecke den einzigartigen Charme der Insel Pico auf einer unvergesslichen Radtour durch die zum UNESCO-Welterbe geh\u00f6rende Weinbergslandschaft. Folge der felsigen K\u00fcste und erkunde malerische D\u00f6rfer mit H\u00e4usern aus Vulkanstein, Weing\u00fcter und die \u00fcppigen Weinberge, die die Weinbautradition der Insel pr\u00e4gen. Unterwegs genie\u00dft du atemberaubende Ausblicke auf den Atlantik und tauchst in die reiche Geschichte und Kultur von Picos ikonischem Weinerbe ein. Diese Tour eignet sich f\u00fcr Abenteurer und Weinliebhaber gleicherma\u00dfen und ist eine Reise durch das Herz der ber\u00fchmtesten Sch\u00e4tze der Berginsel.   <\/p>\n<p>Was ist inbegriffen<br \/>\nProfessioneller Guide<br \/>\nTrek\u00ae Bike und Helm<br \/>\nReflektorweste<br \/>\nTraditioneller Snack<br \/>\nUnfallversicherung<br \/>\nWas ist nicht inbegriffen<br \/>\nAbholung und R\u00fccktransport auf Anfrage und je nach Verf\u00fcgbarkeit<br \/>\nHighlights<br \/>\nTraditionelle K\u00fcstend\u00f6rfer<br \/>\nUNESCO Kulturerbe<br \/>\nWeinberge, Weing\u00fcter und Brennereien<\/p>\n","protected":false},"excerpt":{"rendered":"<p>Entdecke den einzigartigen Charme der Insel Pico auf einer unvergesslichen Radtour durch die zum UNESCO-Welterbe geh\u00f6rende Weinbergslandschaft. Folge der felsigen K\u00fcste und erkunde malerische D\u00f6rfer mit H\u00e4usern aus Vulkanstein, Weing\u00fcter und die \u00fcppigen Weinberge, die die Weinbautradition der Insel pr\u00e4gen. Unterwegs genie\u00dft du atemberaubende Ausblicke auf den Atlantik und tauchst in die reiche Geschichte und Kultur von Picos ikonischem Weinerbe ein. Diese Tour eignet sich f\u00fcr Abenteurer und Weinliebhaber gleicherma\u00dfen und ist eine Reise durch das Herz der ber\u00fchmtesten Sch\u00e4tze der Berginsel.   <\/p>\n<p>&nbsp;<\/p>\n<p><script src=\"https:\/\/fareharbor.com\/embeds\/script\/calendar\/tripixazores\/items\/614419\/?asn=fhdn-eur&amp;asn-ref=guidetotheazores&amp;ref=guidetotheazores&amp;bookable-only=yes&amp;full-items=yes&amp;marketplace=yes&amp;flow=no&amp;branding=no\"><\/script><\/p>\n<p>Dauer &#8211; 3 Stunden<br \/>\nTreffpunkt &#8211; Tripix Azoren B\u00fcro<br \/>\nAlter &#8211; 10+<\/p>\n","protected":false},"featured_media":21572,"comment_status":"closed","ping_status":"closed","template":"","meta":{"_acf_changed":false},"product_brand":[],"product_cat":[19483,19490,19517,19533],"product_tag":[19518],"class_list":{"0":"post-23920","1":"product","2":"type-product","3":"status-publish","4":"has-post-thumbnail","6":"product_cat-aktivitaten","7":"product_cat-alle-inseln","8":"product_cat-pico","9":"product_cat-radfahren","10":"product_tag-picoisland","12":"first","13":"instock","14":"taxable","15":"shipping-taxable","16":"product-type-external"},"acf":[],"_links":{"self":[{"href":"https:\/\/guidetotheazores.pt\/de\/wp-json\/wp\/v2\/product\/23920","targetHints":{"allow":["GET"]}}],"collection":[{"href":"https:\/\/guidetotheazores.pt\/de\/wp-json\/wp\/v2\/product"}],"about":[{"href":"https:\/\/guidetotheazores.pt\/de\/wp-json\/wp\/v2\/types\/product"}],"replies":[{"embeddable":true,"href":"https:\/\/guidetotheazores.pt\/de\/wp-json\/wp\/v2\/comments?post=23920"}],"wp:featuredmedia":[{"embeddable":true,"href":"https:\/\/guidetotheazores.pt\/de\/wp-json\/wp\/v2\/media\/21572"}],"wp:attachment":[{"href":"https:\/\/guidetotheazores.pt\/de\/wp-json\/wp\/v2\/media?parent=23920"}],"wp:term":[{"taxonomy":"product_brand","embeddable":true,"href":"https:\/\/guidetotheazores.pt\/de\/wp-json\/wp\/v2\/product_brand?post=23920"},{"taxonomy":"product_cat","embeddable":true,"href":"https:\/\/guidetotheazores.pt\/de\/wp-json\/wp\/v2\/product_cat?post=23920"},{"taxonomy":"product_tag","embeddable":true,"href":"https:\/\/guidetotheazores.pt\/de\/wp-json\/wp\/v2\/product_tag?post=23920"}],"curies":[{"name":"wp","href":"https:\/\/api.w.org\/{rel}","templated":true}]}}