{"id":23999,"date":"2026-05-05T08:41:49","date_gmt":"2026-05-05T09:41:49","guid":{"rendered":"https:\/\/guidetotheazores.pt\/product\/ganztaegige-private-inseltour-faial\/"},"modified":"2026-05-05T20:32:41","modified_gmt":"2026-05-05T21:32:41","slug":"ganztaegige-private-inseltour-faial","status":"publish","type":"product","link":"https:\/\/guidetotheazores.pt\/de\/produkt\/ganztaegige-private-inseltour-faial\/","title":{"rendered":"Ganzt\u00e4gige private Inseltour &#8211; Faial"},"content":{"rendered":"<div class=\"subsection\" data-v-68eac83b=\"\">\n<div class=\"content-builder-markdown-view\" data-v-316d1a1e=\"\" data-v-68eac83b=\"\">\n<div class=\"subsection\" data-v-68eac83b=\"\">\n<div class=\"content-builder-markdown-view\" data-v-316d1a1e=\"\" data-v-68eac83b=\"\">\n<p><strong>Erkunde die Insel Faial auf einer privaten, flexiblen Ganztagestour ab Horta, egal ob du alleine, zu zweit, mit der Familie oder mit Freunden unterwegs bist!<\/strong><\/p>\n<p>Obwohl wir unsere Tour im Voraus festgelegt haben, ist es immer m\u00f6glich, innerhalb der verf\u00fcgbaren Zeit die Richtung der Reise zu bestimmen und die von dir gew\u00fcnschten Stopps einzulegen.<\/p>\n<p>Wir fahren auf normalen Stra\u00dfen, aber auch auf weniger bekannten Wegen und Abk\u00fcrzungen zu den Highlights der Insel.<\/p>\n<p>Besuche das von blauen Hortensien umrahmte Naturschutzgebiet Caldeira, genie\u00dfe den Panoramablick von der Ribeira das Cabras und der Serra de Feteira und genie\u00dfe ein hausgemachtes Mittagessen im Campo dos Sabores.<\/p>\n<p>Am Nachmittag f\u00e4hrst du hinunter zur Faj\u00e3 in Praia do Norte, um kleine Steinh\u00e4user und lokale Adegas zu sehen, und entdeckst dann das dramatische, mond\u00e4hnliche Terrain des Vulkans Capelinhos und sein Interpretationszentrum.<\/p>\n<p>Die Tour endet mit Blicken auf die K\u00fcste bei Varadouro und den Monte da Guia in Horta.<\/p>\n<\/div>\n<\/div>\n<div class=\"subsection\" data-v-68eac83b=\"\">\n<p><span class=\"fh-text fh-text--body-lg fh-text--bold block\" data-v-3872b9c5=\"\" data-v-68eac83b=\"\">Reiseroute<\/span><\/p>\n<div class=\"content-builder-markdown-view\" data-v-316d1a1e=\"\" data-v-68eac83b=\"\">\n<ol>\n<li>Du verl\u00e4sst Horta und f\u00e4hrst zum Naturschutzgebiet Caldeira, das von blauen Hortensien umgeben ist.<\/li>\n<li>Weiter geht es zum Aussichtspunkt Ribeira das Cabras und zur Serra de Feteira.<\/li>\n<li>Halte f\u00fcr ein hausgemachtes Mittagessen im Campo dos Sabores an.<\/li>\n<li>Steige zur Faj\u00e3 in Praia do Norte ab, um den kleinen Strand und die steinernen Adegas zu sehen.<\/li>\n<li>Besuche den Vulkan Capelinhos und das Interpretationszentrum des Vulkans Capelinhos.<\/li>\n<li>Kurzer Halt in Varadouro, um den Morro von Castelo Branco zu besichtigen.<\/li>\n<li>Wir fahren zur\u00fcck nach Horta und enden am Monte da Guia mit Blick auf die Stadt und die Bucht von Porto Pim.<\/li>\n<\/ol>\n<p>Beachte, dass die Reiseroute der Tour je nach Wetterbedingungen geringf\u00fcgig ge\u00e4ndert werden kann, um den Kunden den bestm\u00f6glichen Service zu bieten.<\/p>\n<\/div>\n<\/div>\n<div class=\"subsection\" data-v-68eac83b=\"\">\n<p><span class=\"fh-text fh-text--body-lg fh-text--bold block\" data-v-3872b9c5=\"\" data-v-68eac83b=\"\">Highlights<\/span><\/p>\n<div class=\"content-builder-markdown-view\" data-v-316d1a1e=\"\" data-v-68eac83b=\"\">\n<ul>\n<li>Privates, flexibles Ganztagesprogramm, das an deine W\u00fcnsche angepasst wird<\/li>\n<li>Die Caldeira von Faial, umgeben von blauen Hortensien<\/li>\n<li>Besuche den j\u00fcngsten Vulkan in Europa und seine dramatische, mond\u00e4hnliche Landschaft<\/li>\n<li>Erlebe die lokale Kultur bei einem hausgemachten Mittagessen und traditionellen Adegas<\/li>\n<li>Genie\u00dfe den Panoramablick auf die K\u00fcste und die Aussichtspunkte wie den Monte da Guia<\/li>\n<li>Sachkundiger und leidenschaftlicher F\u00fchrer<\/li>\n<li>Professioneller und verantwortungsvoller F\u00fchrer<\/li>\n<\/ul>\n<\/div>\n<\/div>\n<\/div>\n<\/div>\n","protected":false},"excerpt":{"rendered":"<p>Erkunde die Insel Faial auf einer privaten, flexiblen Ganztagestour ab Horta, egal ob du alleine, zu zweit, mit der Familie oder mit Freunden unterwegs bist!<\/p>\n<p>Obwohl wir unsere Tour im Voraus festgelegt haben, ist es immer m\u00f6glich, innerhalb der verf\u00fcgbaren Zeit die Richtung der Reise zu bestimmen und die von dir gew\u00fcnschten Stopps einzulegen.<\/p>\n<p>&nbsp;<\/p>\n<p><script src=\"https:\/\/fareharbor.com\/embeds\/script\/calendar\/azores-experiences\/items\/450674\/?asn=fhdn-eur&amp;asn-ref=guidetotheazores&amp;ref=guidetotheazores&amp;bookable-only=yes&amp;full-items=yes&amp;marketplace=yes&amp;flow=no&amp;branding=no\"><\/script><br \/>\nDauer: 7 Stunden<br \/>\nTreffpunkt: Deine Unterkunft in Horta \/\/ F\u00e4hrterminal \/\/ Flughafen \/\/ Unsere Basis!<br \/>\nStornierungen: Stornierungen m\u00fcssen schriftlich mitgeteilt werden (E-Mail oder WhatsApp). Erstattungen: 7+ Tage: 100%, 4-6 Tage: 50%, bis zu 72h: 0%. Bei Nichterscheinen aufgrund von annullierten oder versp\u00e4teten Fl\u00fcgen oder Kreuzfahrtschiffen kann eine R\u00fcckerstattung gem\u00e4\u00df dieser Richtlinie erfolgen.<br \/>\nAlter: 99 &#8218;und darunter&#8216;  <\/p>\n","protected":false},"featured_media":24003,"comment_status":"closed","ping_status":"closed","template":"","meta":{"_acf_changed":false},"product_brand":[],"product_cat":[19483,19490,19491,19503],"product_tag":[19492],"class_list":{"0":"post-23999","1":"product","2":"type-product","3":"status-publish","4":"has-post-thumbnail","6":"product_cat-aktivitaten","7":"product_cat-alle-inseln","8":"product_cat-faial","9":"product_cat-gefuehrte-touren","10":"product_tag-faialisland","12":"first","13":"instock","14":"taxable","15":"shipping-taxable","16":"product-type-external"},"acf":[],"_links":{"self":[{"href":"https:\/\/guidetotheazores.pt\/de\/wp-json\/wp\/v2\/product\/23999","targetHints":{"allow":["GET"]}}],"collection":[{"href":"https:\/\/guidetotheazores.pt\/de\/wp-json\/wp\/v2\/product"}],"about":[{"href":"https:\/\/guidetotheazores.pt\/de\/wp-json\/wp\/v2\/types\/product"}],"replies":[{"embeddable":true,"href":"https:\/\/guidetotheazores.pt\/de\/wp-json\/wp\/v2\/comments?post=23999"}],"wp:featuredmedia":[{"embeddable":true,"href":"https:\/\/guidetotheazores.pt\/de\/wp-json\/wp\/v2\/media\/24003"}],"wp:attachment":[{"href":"https:\/\/guidetotheazores.pt\/de\/wp-json\/wp\/v2\/media?parent=23999"}],"wp:term":[{"taxonomy":"product_brand","embeddable":true,"href":"https:\/\/guidetotheazores.pt\/de\/wp-json\/wp\/v2\/product_brand?post=23999"},{"taxonomy":"product_cat","embeddable":true,"href":"https:\/\/guidetotheazores.pt\/de\/wp-json\/wp\/v2\/product_cat?post=23999"},{"taxonomy":"product_tag","embeddable":true,"href":"https:\/\/guidetotheazores.pt\/de\/wp-json\/wp\/v2\/product_tag?post=23999"}],"curies":[{"name":"wp","href":"https:\/\/api.w.org\/{rel}","templated":true}]}}