{"id":24007,"date":"2024-02-23T13:40:03","date_gmt":"2024-02-23T14:40:03","guid":{"rendered":"https:\/\/guidetotheazores.pt\/product\/ganztaegige-inselrundfahrt-faial\/"},"modified":"2024-02-23T13:40:03","modified_gmt":"2024-02-23T14:40:03","slug":"ganztaegige-inselrundfahrt-faial","status":"publish","type":"product","link":"https:\/\/guidetotheazores.pt\/de\/produkt\/ganztaegige-inselrundfahrt-faial\/","title":{"rendered":"Ganzt\u00e4gige Inselrundfahrt &#8211; Faial"},"content":{"rendered":"<div class=\"subsection\" data-v-68eac83b=\"\">\n<div class=\"content-builder-markdown-view\" data-v-316d1a1e=\"\" data-v-68eac83b=\"\">\n<p><strong>Erkunde Faials abwechslungsreiche Landschaften auf einer ganzt\u00e4gigen gef\u00fchrten Tour, die \u00fcber Hauptstra\u00dfen und weniger bekannte Wege f\u00fchrt.<\/strong><\/p>\n<p>Besuche das von blauen Hortensien umrahmte Caldeira-Naturschutzgebiet, genie\u00dfe den Panoramablick von der Ribeira das Cabras und der Serra de Feteira und probiere ein hausgemachtes Mittagessen im Campo dos Sabores.<\/p>\n<p>Am Nachmittag f\u00e4hrst du hinunter zur Faj\u00e3 in Praia do Norte, um kleine Steinh\u00e4user und lokale Adegas zu besichtigen. Anschlie\u00dfend entdeckst du das dramatische, mond\u00e4hnliche Terrain des Vulkans Capelinhos und sein Interpretationszentrum.<\/p>\n<p>Die Tour endet mit einem Blick auf die K\u00fcste bei Varadouro und Monte da Guia in Horta.<\/p>\n<\/div>\n<\/div>\n<div class=\"subsection\" data-v-68eac83b=\"\"><span class=\"fh-text fh-text--body-lg fh-text--bold block\" data-v-3872b9c5=\"\" data-v-68eac83b=\"\">Reiseroute<\/span><\/p>\n<div class=\"content-builder-markdown-view\" data-v-316d1a1e=\"\" data-v-68eac83b=\"\">\n<ol>\n<li>Du verl\u00e4sst Horta und f\u00e4hrst zum Naturschutzgebiet Caldeira, das von blauen Hortensien umgeben ist.<\/li>\n<li>Weiter geht es zum Aussichtspunkt Ribeira das Cabras und zur Serra de Feteira.<\/li>\n<li>Halte f\u00fcr ein hausgemachtes Mittagessen im Campo dos Sabores an.<\/li>\n<li>Steige zur Faj\u00e3 in Praia do Norte ab, um den kleinen Strand und die steinernen Adegas zu sehen.<\/li>\n<li>Besuche den Vulkan Capelinhos und das Interpretationszentrum des Vulkans Capelinhos.<\/li>\n<li>Kurzer Halt in Varadouro, um den Morro von Castelo Branco zu besichtigen.<\/li>\n<li>Wir fahren zur\u00fcck nach Horta und enden am Monte da Guia mit Blick auf die Stadt und die Bucht von Porto Pim.<\/li>\n<\/ol>\n<p>Beachte, dass die Reiseroute der Tour je nach Wetterbedingungen geringf\u00fcgig ge\u00e4ndert werden kann, um den Kunden den bestm\u00f6glichen Service zu bieten.<\/p>\n<\/div>\n<\/div>\n<div class=\"subsection\" data-v-68eac83b=\"\"><span class=\"fh-text fh-text--body-lg fh-text--bold block\" data-v-3872b9c5=\"\" data-v-68eac83b=\"\">Highlights<\/span><\/p>\n<div class=\"content-builder-markdown-view\" data-v-316d1a1e=\"\" data-v-68eac83b=\"\">\n<ul>\n<li>Die Caldeira von Faial, umgeben von blauen Hortensien<\/li>\n<li>Besuche den j\u00fcngsten Vulkan in Europa und seine dramatische, mond\u00e4hnliche Landschaft<\/li>\n<li>Erlebe die lokale Kultur bei einem hausgemachten Mittagessen und traditionellen Adegas<\/li>\n<li>Genie\u00dfe den Panoramablick auf die K\u00fcste und die Aussichtspunkte wie den Monte da Guia<\/li>\n<li>Sachkundiger und leidenschaftlicher F\u00fchrer<\/li>\n<li>Professioneller und verantwortungsvoller F\u00fchrer<\/li>\n<\/ul>\n<\/div>\n<\/div>\n","protected":false},"excerpt":{"rendered":"<p>Erkunde Faials abwechslungsreiche Landschaften auf einer ganzt\u00e4gigen gef\u00fchrten Fahrertour, die \u00fcber Hauptstra\u00dfen und weniger bekannte Wege f\u00fchrt.<\/p>\n<p>&nbsp;<\/p>\n<p><script src=\"https:\/\/fareharbor.com\/embeds\/script\/calendar\/azores-experiences\/items\/446761\/?asn=fhdn-eur&amp;asn-ref=guidetotheazores&amp;ref=guidetotheazores&amp;bookable-only=yes&amp;full-items=yes&amp;marketplace=yes&amp;flow=no&amp;branding=no\"><\/script><\/p>\n<div class=\"flex items-start gap-4 mb-4 last:mb-0\" data-v-68eac83b=\"\">\n<div class=\"min-w-0 flex-1\"><label class=\"fh-label\" data-v-671f692c=\"\"><span class=\"fh-text fh-text--body-md fh-text--medium fh-label-text\" data-v-3872b9c5=\"\" data-v-671f692c=\"\">Dauer: <\/span><span class=\"fh-text fh-text--body-sm fh-text--regular fh-help-text\" data-v-3872b9c5=\"\" data-v-3553cfb6=\"\" data-v-671f692c=\"\">7-8 Stunden<\/span><\/label><\/div>\n<\/div>\n<div class=\"flex items-start gap-4 mb-4 last:mb-0\" data-v-68eac83b=\"\">\n<div class=\"mt-1 shrink-0\"><\/div>\n<div class=\"min-w-0 flex-1\"><label class=\"fh-label\" data-v-671f692c=\"\"><span class=\"fh-text fh-text--body-md fh-text--medium fh-label-text\" data-v-3872b9c5=\"\" data-v-671f692c=\"\">Treffpunkt: <\/span><span class=\"fh-text fh-text--body-sm fh-text--regular fh-help-text\" data-v-3872b9c5=\"\" data-v-3553cfb6=\"\" data-v-671f692c=\"\">Deine Unterkunft in Horta \/\/ F\u00e4hrterminal \/\/ Unsere Basis<\/span><\/label><\/div>\n<\/div>\n<div class=\"flex items-start gap-4 mb-4 last:mb-0\" data-v-68eac83b=\"\">\n<div class=\"mt-1 shrink-0\"><\/div>\n<div class=\"min-w-0 flex-1\"><label class=\"fh-label\" data-v-671f692c=\"\"><span class=\"fh-text fh-text--body-md fh-text--medium fh-label-text\" data-v-3872b9c5=\"\" data-v-671f692c=\"\">Stornierungen: c<\/span><span class=\"fh-text fh-text--body-sm fh-text--regular fh-help-text\" data-v-3872b9c5=\"\" data-v-3553cfb6=\"\" data-v-671f692c=\"\">Absagen m\u00fcssen schriftlich mitgeteilt werden (per E-Mail oder WhatsApp). Erstattungen: 7+ Tage: 100%, 4-6 Tage: 50%, bis zu 72h: 0%. Bei Nichterscheinen aufgrund von gestrichenen oder versp\u00e4teten Fl\u00fcgen oder Kreuzfahrtschiffen kann eine Erstattung gem\u00e4\u00df dieser Richtlinie erfolgen.  <\/span><\/label><\/div>\n<\/div>\n<div class=\"flex items-start gap-4 mb-4 last:mb-0\" data-v-68eac83b=\"\">\n<div class=\"mt-1 shrink-0\"><\/div>\n<div class=\"min-w-0 flex-1\"><label class=\"fh-label\" data-v-671f692c=\"\"><span class=\"fh-text fh-text--body-md fh-text--medium fh-label-text\" data-v-3872b9c5=\"\" data-v-671f692c=\"\">Alter: <\/span><span class=\"fh-text fh-text--body-sm fh-text--regular fh-help-text\" data-v-3872b9c5=\"\" data-v-3553cfb6=\"\" data-v-671f692c=\"\">99 &#8218;und darunter&#8216;<\/span><\/label><\/div>\n<\/div>\n","protected":false},"featured_media":24003,"comment_status":"closed","ping_status":"closed","template":"","meta":{"_acf_changed":false},"product_brand":[],"product_cat":[19483,19490,19491,19503],"product_tag":[19492],"class_list":{"0":"post-24007","1":"product","2":"type-product","3":"status-publish","4":"has-post-thumbnail","6":"product_cat-aktivitaten","7":"product_cat-alle-inseln","8":"product_cat-faial","9":"product_cat-gefuehrte-touren","10":"product_tag-faialisland","12":"first","13":"instock","14":"taxable","15":"shipping-taxable","16":"product-type-external"},"acf":[],"_links":{"self":[{"href":"https:\/\/guidetotheazores.pt\/de\/wp-json\/wp\/v2\/product\/24007","targetHints":{"allow":["GET"]}}],"collection":[{"href":"https:\/\/guidetotheazores.pt\/de\/wp-json\/wp\/v2\/product"}],"about":[{"href":"https:\/\/guidetotheazores.pt\/de\/wp-json\/wp\/v2\/types\/product"}],"replies":[{"embeddable":true,"href":"https:\/\/guidetotheazores.pt\/de\/wp-json\/wp\/v2\/comments?post=24007"}],"wp:featuredmedia":[{"embeddable":true,"href":"https:\/\/guidetotheazores.pt\/de\/wp-json\/wp\/v2\/media\/24003"}],"wp:attachment":[{"href":"https:\/\/guidetotheazores.pt\/de\/wp-json\/wp\/v2\/media?parent=24007"}],"wp:term":[{"taxonomy":"product_brand","embeddable":true,"href":"https:\/\/guidetotheazores.pt\/de\/wp-json\/wp\/v2\/product_brand?post=24007"},{"taxonomy":"product_cat","embeddable":true,"href":"https:\/\/guidetotheazores.pt\/de\/wp-json\/wp\/v2\/product_cat?post=24007"},{"taxonomy":"product_tag","embeddable":true,"href":"https:\/\/guidetotheazores.pt\/de\/wp-json\/wp\/v2\/product_tag?post=24007"}],"curies":[{"name":"wp","href":"https:\/\/api.w.org\/{rel}","templated":true}]}}