{"id":24008,"date":"2024-02-23T14:11:08","date_gmt":"2024-02-23T15:11:08","guid":{"rendered":"https:\/\/guidetotheazores.pt\/product\/whale-watching-privater-bootscharter\/"},"modified":"2024-02-23T14:11:08","modified_gmt":"2024-02-23T15:11:08","slug":"whale-watching-privater-bootscharter","status":"publish","type":"product","link":"https:\/\/guidetotheazores.pt\/de\/produkt\/whale-watching-privater-bootscharter\/","title":{"rendered":"Whale Watching &#8211; Privater Bootscharter"},"content":{"rendered":"<div class=\"subsection\" data-v-68eac83b=\"\">\n<div class=\"content-builder-markdown-view\" data-v-316d1a1e=\"\" data-v-68eac83b=\"\">\n<p>Begleite eine passionierte einheimische Crew auf einer privaten Bootsfahrt zur Wal- und Delfinbeobachtung, die auf deine Gruppe zugeschnitten ist.<\/p>\n<p>Die Abfahrten finden morgens und nachmittags statt, wobei ans\u00e4ssige Arten wie Pottwale das ganze Jahr \u00fcber zu sehen sind und andere Arten je nach Jahreszeit variieren.<\/p>\n<p>Du kannst die Richtung und die Aktivit\u00e4ten w\u00e4hrend deiner Zeit an Bord selbst bestimmen, was diese Tour zu einem idealen, flexiblen Erlebnis f\u00fcr Familien oder gr\u00f6\u00dfere Gruppen macht, die eine pers\u00f6nliche Begegnung mit der Tierwelt des Meeres w\u00fcnschen.<\/p>\n<\/div>\n<\/div>\n<div class=\"subsection\" data-v-68eac83b=\"\"><span class=\"fh-text fh-text--body-lg fh-text--bold block\" data-v-3872b9c5=\"\" data-v-68eac83b=\"\">Reiseroute<\/span><\/p>\n<div class=\"content-builder-markdown-view\" data-v-316d1a1e=\"\" data-v-68eac83b=\"\">\n<ol>\n<li>Checke in unserer Basis ein und lerne deine engagierte Crew vor Ort kennen.<\/li>\n<li>Nimm an einer Willkommensbesprechung teil und mach dich mit deinem privaten Erlebnis vertraut.<\/li>\n<li>R\u00fcste dich mit unserer wasserdichten Ausr\u00fcstung und Schwimmwesten f\u00fcr Komfort und Sicherheit aus.<\/li>\n<li>Sicherheitseinweisung an Bord, um eine reibungslose und sichere Fahrt zu gew\u00e4hrleisten.<\/li>\n<li>Begib dich auf dein privates Wal- und Delfinbeobachtungsabenteuer und folge dabei der gleichen Route wie bei unseren gemeinsamen Touren, mit der zus\u00e4tzlichen M\u00f6glichkeit, die Richtung, das Tempo und die Aktivit\u00e4ten an die Vorlieben deiner Gruppe anzupassen.<\/li>\n<li>Lerne von unseren sachkundigen Guides und Skippern. Du kannst gerne Fragen stellen! <\/li>\n<li>Kehre zur Basis zur\u00fcck, wo du von unserem Basisteam herzlich empfangen wirst.<\/li>\n<li>Sto\u00dfe mit uns an und verlasse uns mit deiner pers\u00f6nlichen Urkunde als Erinnerung an deine ma\u00dfgeschneiderte Begegnung mit den Meerestieren.<\/li>\n<\/ol>\n<\/div>\n<\/div>\n<div class=\"subsection\" data-v-68eac83b=\"\"><span class=\"fh-text fh-text--body-lg fh-text--bold block\" data-v-3872b9c5=\"\" data-v-68eac83b=\"\">Highlights<\/span><\/p>\n<div class=\"content-builder-markdown-view\" data-v-316d1a1e=\"\" data-v-68eac83b=\"\">\n<ul>\n<li>Private und individuell gestaltbare Tour f\u00fcr deine Gruppe<\/li>\n<li>Abfahrten am Morgen und am Nachmittag je nach deinem Zeitplan<\/li>\n<li>Erlebe authentische und leidenschaftliche Touren durch die Meerestiere<\/li>\n<li>Genie\u00dfe eine lustige und unterhaltsame Bootsfahrt<\/li>\n<li>Profitiere von professionellen und verantwortungsvollen Guides und Skippern<\/li>\n<\/ul>\n<\/div>\n<\/div>\n","protected":false},"excerpt":{"rendered":"<p>Begleite eine leidenschaftliche einheimische Crew auf einer privaten Bootsfahrt zur Wal- und Delfinbeobachtung, die auf deine Gruppe zugeschnitten ist.<\/p>\n<p>Die Abfahrten finden morgens und nachmittags statt, wobei ans\u00e4ssige Arten wie Pottwale das ganze Jahr \u00fcber anzutreffen sind und andere Arten je nach Jahreszeit gesichtet werden k\u00f6nnen.<\/p>\n<p>Du kannst die Richtung und die Aktivit\u00e4ten w\u00e4hrend deiner Zeit an Bord selbst bestimmen. Das macht diese Tour zu einem idealen, flexiblen Erlebnis f\u00fcr Familien oder gr\u00f6\u00dfere Gruppen, die eine individuelle Begegnung mit der Tierwelt der Meere w\u00fcnschen.<\/p>\n<p><script src=\"https:\/\/fareharbor.com\/embeds\/script\/calendar\/azores-experiences\/items\/432738\/?asn=fhdn-eur&amp;asn-ref=guidetotheazores&amp;ref=guidetotheazores&amp;bookable-only=yes&amp;full-items=yes&amp;marketplace=yes&amp;flow=no&amp;branding=no\"><\/script><\/p>\n<div class=\"flex items-start gap-4 mb-4 last:mb-0\" data-v-68eac83b=\"\">\n<div class=\"min-w-0 flex-1\"><label class=\"fh-label\" data-v-671f692c=\"\"><span class=\"fh-text fh-text--body-md fh-text--medium fh-label-text\" data-v-3872b9c5=\"\" data-v-671f692c=\"\">Dauer: <\/span><span class=\"fh-text fh-text--body-sm fh-text--regular fh-help-text\" data-v-3872b9c5=\"\" data-v-3553cfb6=\"\" data-v-671f692c=\"\">3-4 Stunden<\/span><\/label><\/div>\n<\/div>\n<div class=\"flex items-start gap-4 mb-4 last:mb-0\" data-v-68eac83b=\"\">\n<div class=\"mt-1 shrink-0\"><\/div>\n<div class=\"min-w-0 flex-1\"><label class=\"fh-label\" data-v-671f692c=\"\"><span class=\"fh-text fh-text--body-md fh-text--medium fh-label-text\" data-v-3872b9c5=\"\" data-v-671f692c=\"\">Treffpunkt: <\/span><span class=\"fh-text fh-text--body-sm fh-text--regular fh-help-text\" data-v-3872b9c5=\"\" data-v-3553cfb6=\"\" data-v-671f692c=\"\">Azores Experiences &#8211; Whale Watching &amp; Island Tours Base (B-1 Unit. Marina da Horta, Cais de Santa Cruz, 9900-038 Horta)<\/span><\/label><\/div>\n<\/div>\n<div class=\"flex items-start gap-4 mb-4 last:mb-0\" data-v-68eac83b=\"\">\n<div class=\"mt-1 shrink-0\"><\/div>\n<div class=\"min-w-0 flex-1\"><label class=\"fh-label\" data-v-671f692c=\"\"><span class=\"fh-text fh-text--body-md fh-text--medium fh-label-text\" data-v-3872b9c5=\"\" data-v-671f692c=\"\">Stornierungen: c<\/span><span class=\"fh-text fh-text--body-sm fh-text--regular fh-help-text\" data-v-3872b9c5=\"\" data-v-3553cfb6=\"\" data-v-671f692c=\"\">Absagen m\u00fcssen schriftlich mitgeteilt werden (per E-Mail oder WhatsApp). Erstattungen: 7+ Tage: 100%, 4-6 Tage: 50%, bis zu 72h: 0%. Bei Nichterscheinen aufgrund von gestrichenen oder versp\u00e4teten Fl\u00fcgen oder Kreuzfahrtschiffen kann eine Erstattung gem\u00e4\u00df dieser Richtlinie erfolgen.  <\/span><\/label><\/div>\n<\/div>\n<div class=\"flex items-start gap-4 mb-4 last:mb-0\" data-v-68eac83b=\"\">\n<div class=\"mt-1 shrink-0\"><\/div>\n<div class=\"min-w-0 flex-1\"><label class=\"fh-label\" data-v-671f692c=\"\"><span class=\"fh-text fh-text--body-md fh-text--medium fh-label-text\" data-v-3872b9c5=\"\" data-v-671f692c=\"\">Alter: <\/span><span class=\"fh-text fh-text--body-sm fh-text--regular fh-help-text\" data-v-3872b9c5=\"\" data-v-3553cfb6=\"\" data-v-671f692c=\"\">99 &#8218;und darunter&#8216;<\/span><\/label><\/div>\n<\/div>\n<div class=\"flex justify-between py-4 cursor-pointer\" data-v-c46ac7a2=\"\">\n<div class=\"heading-left\" data-v-c46ac7a2=\"\">\n<div class=\"fh-title fh-title--display-xl\" data-v-9d6554c3=\"\" data-v-c46ac7a2=\"\"><\/div>\n<\/div>\n<\/div>\n<div class=\"content pb-4\" data-v-c46ac7a2=\"\">\n<div class=\"subsection\" data-v-68eac83b=\"\">\n<div class=\"content-builder-markdown-view\" data-v-316d1a1e=\"\" data-v-68eac83b=\"\">\n<p>&nbsp;<\/p>\n<\/div>\n<\/div>\n<\/div>\n","protected":false},"featured_media":22022,"comment_status":"closed","ping_status":"closed","template":"","meta":{"_acf_changed":false},"product_brand":[],"product_cat":[19483,19490,19491,19499],"product_tag":[19492],"class_list":{"0":"post-24008","1":"product","2":"type-product","3":"status-publish","4":"has-post-thumbnail","6":"product_cat-aktivitaten","7":"product_cat-alle-inseln","8":"product_cat-faial","9":"product_cat-whale-watching","10":"product_tag-faialisland","12":"first","13":"instock","14":"taxable","15":"shipping-taxable","16":"product-type-external"},"acf":[],"_links":{"self":[{"href":"https:\/\/guidetotheazores.pt\/de\/wp-json\/wp\/v2\/product\/24008","targetHints":{"allow":["GET"]}}],"collection":[{"href":"https:\/\/guidetotheazores.pt\/de\/wp-json\/wp\/v2\/product"}],"about":[{"href":"https:\/\/guidetotheazores.pt\/de\/wp-json\/wp\/v2\/types\/product"}],"replies":[{"embeddable":true,"href":"https:\/\/guidetotheazores.pt\/de\/wp-json\/wp\/v2\/comments?post=24008"}],"wp:featuredmedia":[{"embeddable":true,"href":"https:\/\/guidetotheazores.pt\/de\/wp-json\/wp\/v2\/media\/22022"}],"wp:attachment":[{"href":"https:\/\/guidetotheazores.pt\/de\/wp-json\/wp\/v2\/media?parent=24008"}],"wp:term":[{"taxonomy":"product_brand","embeddable":true,"href":"https:\/\/guidetotheazores.pt\/de\/wp-json\/wp\/v2\/product_brand?post=24008"},{"taxonomy":"product_cat","embeddable":true,"href":"https:\/\/guidetotheazores.pt\/de\/wp-json\/wp\/v2\/product_cat?post=24008"},{"taxonomy":"product_tag","embeddable":true,"href":"https:\/\/guidetotheazores.pt\/de\/wp-json\/wp\/v2\/product_tag?post=24008"}],"curies":[{"name":"wp","href":"https:\/\/api.w.org\/{rel}","templated":true}]}}