{"id":24013,"date":"2024-02-20T09:51:11","date_gmt":"2024-02-20T10:51:11","guid":{"rendered":"https:\/\/guidetotheazores.pt\/product\/whale-watching-auf-faial\/"},"modified":"2024-02-20T09:51:11","modified_gmt":"2024-02-20T10:51:11","slug":"whale-watching-auf-faial","status":"publish","type":"product","link":"https:\/\/guidetotheazores.pt\/de\/produkt\/whale-watching-auf-faial\/","title":{"rendered":"Whale Watching auf Faial"},"content":{"rendered":"<div class=\"subsection\" data-v-68eac83b=\"\">\n<div class=\"content-builder-markdown-view\" data-v-316d1a1e=\"\" data-v-68eac83b=\"\">\n<p>Begib dich vom Yachthafen Horta aus auf ein unvergessliches, 4-st\u00fcndiges Abenteuer zur Wal- und Delfinbeobachtung in den atemberaubenden Gew\u00e4ssern um die Insel Faial. Unter der F\u00fchrung eines Teams, das sich wirklich f\u00fcr das Leben im Meer begeistert, hast du die Chance, verschiedene Wal- und Delfinarten zu beobachten, darunter auch Pottwale, die das ganze Jahr \u00fcber zu sehen sind. <\/p>\n<p>Die Ausfl\u00fcge werden sowohl am Vormittag als auch am Nachmittag angeboten, sodass du deinen Zeitplan flexibel gestalten kannst. W\u00e4hrend des gesamten Ausflugs teilen deine Guides ihren Enthusiasmus und ihr Wissen mit dir und sorgen daf\u00fcr, dass jeder Gast die Begeisterung und Authentizit\u00e4t sp\u00fcrt, die diese Ausfl\u00fcge ausmachen. Egal, ob du ein begeisterter Naturliebhaber oder einfach nur neugierig auf die Wunder des Meeres bist, diese Tour wird dich inspirieren und begeistern.  <\/p>\n<p>Sicherheit und Komfort stehen an erster Stelle: professionelle Einweisungen, wasserdichte Ausr\u00fcstung und Schwimmwesten werden bereitgestellt. Genie\u00dfe den Nervenkitzel bei der Suche nach diesen gro\u00dfartigen Tieren in ihrem nat\u00fcrlichen Lebensraum und schaffe Erinnerungen, die ein Leben lang halten. <\/p>\n<\/div>\n<\/div>\n<div class=\"subsection\" data-v-68eac83b=\"\"><span class=\"fh-text fh-text--body-lg fh-text--bold block\" data-v-3872b9c5=\"\" data-v-68eac83b=\"\">Reiseroute<\/span><\/p>\n<div class=\"content-builder-markdown-view\" data-v-316d1a1e=\"\" data-v-68eac83b=\"\">\n<ol>\n<li>Checke bei unserer Basis ein.<\/li>\n<li>Nimm an unserer Willkommensbesprechung teil.<\/li>\n<li>R\u00fcste dich mit unserer wasserdichten Ausr\u00fcstung und Schwimmwesten aus.<\/li>\n<li>Genie\u00dfe eine umfassende Sicherheitseinweisung an Bord, damit du keine Angst haben musst.<\/li>\n<li>Mach dich auf zu einer unvergesslichen Wal- und Delfinbeobachtungstour.<\/li>\n<li>Lerne von unseren sachkundigen Guides und Skippern. Fragen sind immer willkommen! <\/li>\n<li>Lass dich von unserem Basisteam herzlich willkommen hei\u00dfen.<\/li>\n<li>Feiere das Erlebnis mit einem Trinkspruch und verlasse die Schule mit deinem pers\u00f6nlichen Zertifikat.<\/li>\n<\/ol>\n<\/div>\n<\/div>\n<div class=\"subsection\" data-v-68eac83b=\"\"><span class=\"fh-text fh-text--body-lg fh-text--bold block\" data-v-3872b9c5=\"\" data-v-68eac83b=\"\">Highlights<\/span><\/p>\n<div class=\"content-builder-markdown-view\" data-v-316d1a1e=\"\" data-v-68eac83b=\"\">\n<ul>\n<li>Erlebe authentische und leidenschaftliche Touren durch die Meerestiere<\/li>\n<li>Genie\u00dfe eine lustige und unterhaltsame Bootsfahrt<\/li>\n<li>Profitiere von professionellen und verantwortungsvollen Guides und Skippern<\/li>\n<\/ul>\n<div class=\"flex justify-between py-4 cursor-pointer\" data-v-c46ac7a2=\"\">\n<div class=\"heading-left\" data-v-c46ac7a2=\"\">\n<div class=\"fh-title fh-title--display-xl\" data-v-9d6554c3=\"\" data-v-c46ac7a2=\"\"><\/div>\n<\/div>\n<\/div>\n<div class=\"content pb-4\" data-v-c46ac7a2=\"\">\n<div class=\"subsection\" data-v-68eac83b=\"\">\n<div class=\"content-builder-markdown-view\" data-v-316d1a1e=\"\" data-v-68eac83b=\"\">\n<p>&nbsp;<\/p>\n<\/div>\n<\/div>\n<\/div>\n<\/div>\n<\/div>\n","protected":false},"excerpt":{"rendered":"<p>Begib dich vom Yachthafen Horta aus auf ein unvergessliches, 4-st\u00fcndiges Abenteuer zur Wal- und Delfinbeobachtung in den atemberaubenden Gew\u00e4ssern um die Insel Faial. Unter der F\u00fchrung eines Teams, das sich wirklich f\u00fcr das Leben im Meer begeistert, hast du die Chance, verschiedene Wal- und Delfinarten zu beobachten, darunter auch Pottwale, die das ganze Jahr \u00fcber zu sehen sind. <\/p>\n<p>&nbsp;<br \/>\n<script src=\"https:\/\/fareharbor.com\/embeds\/script\/calendar\/azores-experiences\/items\/432735\/?asn=fhdn-eur&amp;asn-ref=guidetotheazores&amp;ref=guidetotheazores&amp;bookable-only=yes&amp;full-items=yes&amp;marketplace=yes&amp;flow=no&amp;branding=no\"><\/script><\/p>\n<p>&nbsp;<\/p>\n<div class=\"flex items-start gap-4 mb-4 last:mb-0\" data-v-68eac83b=\"\">\n<div class=\"min-w-0 flex-1\"><label class=\"fh-label\" data-v-671f692c=\"\"><span class=\"fh-text fh-text--body-md fh-text--medium fh-label-text\" data-v-3872b9c5=\"\" data-v-671f692c=\"\">Dauer: <\/span><span class=\"fh-text fh-text--body-sm fh-text--regular fh-help-text\" data-v-3872b9c5=\"\" data-v-3553cfb6=\"\" data-v-671f692c=\"\">3-4 Stunden<\/span><\/label><\/div>\n<\/div>\n<div class=\"flex items-start gap-4 mb-4 last:mb-0\" data-v-68eac83b=\"\">\n<div class=\"mt-1 shrink-0\"><\/div>\n<div class=\"min-w-0 flex-1\"><label class=\"fh-label\" data-v-671f692c=\"\"><span class=\"fh-text fh-text--body-md fh-text--medium fh-label-text\" data-v-3872b9c5=\"\" data-v-671f692c=\"\">Treffpunkt<\/span><span class=\"fh-text fh-text--body-sm fh-text--regular fh-help-text\" data-v-3872b9c5=\"\" data-v-3553cfb6=\"\" data-v-671f692c=\"\">Azores Experiences &#8211; Whale Watching &amp; Island Tours Base (B-1 Unit. Marina da Horta, Cais de Santa Cruz, 9900-038 Horta)<\/span><\/label><\/div>\n<\/div>\n<div class=\"flex items-start gap-4 mb-4 last:mb-0\" data-v-68eac83b=\"\">\n<div class=\"mt-1 shrink-0\"><\/div>\n<div class=\"min-w-0 flex-1\"><label class=\"fh-label\" data-v-671f692c=\"\"><span class=\"fh-text fh-text--body-md fh-text--medium fh-label-text\" data-v-3872b9c5=\"\" data-v-671f692c=\"\">Stornierungen: c<\/span><span class=\"fh-text fh-text--body-sm fh-text--regular fh-help-text\" data-v-3872b9c5=\"\" data-v-3553cfb6=\"\" data-v-671f692c=\"\">Absagen m\u00fcssen schriftlich mitgeteilt werden (per E-Mail oder WhatsApp). Erstattungen: 7+ Tage: 100%, 4-6 Tage: 50%, bis zu 72h: 0%.   <\/span><\/label><\/div>\n<div class=\"min-w-0 flex-1\"><label class=\"fh-label\" data-v-671f692c=\"\"><span class=\"fh-text fh-text--body-sm fh-text--regular fh-help-text\" data-v-3872b9c5=\"\" data-v-3553cfb6=\"\" data-v-671f692c=\"\">Bei Nichterscheinen aufgrund von gestrichenen oder versp\u00e4teten Fl\u00fcgen oder Kreuzfahrtschiffen kann eine Erstattung gem\u00e4\u00df dieser Richtlinie erfolgen.<\/span><\/label><\/div>\n<\/div>\n<div class=\"flex items-start gap-4 mb-4 last:mb-0\" data-v-68eac83b=\"\">\n<div><\/div>\n<div class=\"min-w-0 flex-1\"><label class=\"fh-label\" data-v-671f692c=\"\"><span class=\"fh-text fh-text--body-md fh-text--medium fh-label-text\" data-v-3872b9c5=\"\" data-v-671f692c=\"\">Alter: <\/span><span class=\"fh-text fh-text--body-sm fh-text--regular fh-help-text\" data-v-3872b9c5=\"\" data-v-3553cfb6=\"\" data-v-671f692c=\"\">99 &#8218;und darunter&#8216;<\/span><\/label><\/div>\n<\/div>\n","protected":false},"featured_media":24014,"comment_status":"closed","ping_status":"closed","template":"","meta":{"_acf_changed":false},"product_brand":[],"product_cat":[19483,19490,19491,19499],"product_tag":[19492],"class_list":{"0":"post-24013","1":"product","2":"type-product","3":"status-publish","4":"has-post-thumbnail","6":"product_cat-aktivitaten","7":"product_cat-alle-inseln","8":"product_cat-faial","9":"product_cat-whale-watching","10":"product_tag-faialisland","12":"first","13":"instock","14":"taxable","15":"shipping-taxable","16":"product-type-external"},"acf":[],"_links":{"self":[{"href":"https:\/\/guidetotheazores.pt\/de\/wp-json\/wp\/v2\/product\/24013","targetHints":{"allow":["GET"]}}],"collection":[{"href":"https:\/\/guidetotheazores.pt\/de\/wp-json\/wp\/v2\/product"}],"about":[{"href":"https:\/\/guidetotheazores.pt\/de\/wp-json\/wp\/v2\/types\/product"}],"replies":[{"embeddable":true,"href":"https:\/\/guidetotheazores.pt\/de\/wp-json\/wp\/v2\/comments?post=24013"}],"wp:featuredmedia":[{"embeddable":true,"href":"https:\/\/guidetotheazores.pt\/de\/wp-json\/wp\/v2\/media\/24014"}],"wp:attachment":[{"href":"https:\/\/guidetotheazores.pt\/de\/wp-json\/wp\/v2\/media?parent=24013"}],"wp:term":[{"taxonomy":"product_brand","embeddable":true,"href":"https:\/\/guidetotheazores.pt\/de\/wp-json\/wp\/v2\/product_brand?post=24013"},{"taxonomy":"product_cat","embeddable":true,"href":"https:\/\/guidetotheazores.pt\/de\/wp-json\/wp\/v2\/product_cat?post=24013"},{"taxonomy":"product_tag","embeddable":true,"href":"https:\/\/guidetotheazores.pt\/de\/wp-json\/wp\/v2\/product_tag?post=24013"}],"curies":[{"name":"wp","href":"https:\/\/api.w.org\/{rel}","templated":true}]}}