{"id":24025,"date":"2026-05-05T20:37:14","date_gmt":"2026-05-05T21:37:14","guid":{"rendered":"https:\/\/guidetotheazores.pt\/product\/mount-pico-day-climb-2\/"},"modified":"2026-05-05T20:37:14","modified_gmt":"2026-05-05T21:37:14","slug":"mount-pico-day-climb-2","status":"publish","type":"product","link":"https:\/\/guidetotheazores.pt\/de\/produkt\/mount-pico-day-climb-2\/","title":{"rendered":"Mount Pico Day Climb"},"content":{"rendered":"<div class=\"flex justify-between py-4 cursor-pointer\" data-v-c46ac7a2=\"\">\n<div class=\"heading-left\" data-v-c46ac7a2=\"\">\n<div class=\"fh-title fh-title--display-xl\" data-v-9d6554c3=\"\" data-v-c46ac7a2=\"\">\n<h1 class=\"fh-text fh-text--display-xl fh-text--medium\" data-v-3872b9c5=\"\" data-v-9d6554c3=\"\">Details zur Aktivit\u00e4t<\/h1>\n<\/div>\n<\/div>\n<div data-v-c46ac7a2=\"\">Mach dich bereit f\u00fcr einen atemberaubenden Aufstieg zum Gipfel des Mount Pico, dem h\u00f6chsten Punkt Portugals. Beginne deine Reise bei Sonnenaufgang, wenn das goldene Licht jeden Schritt dieses herausfordernden und lohnenden Abenteuers unterstreicht. Unterwegs erlebst du unvergessliche Momente in engem Kontakt mit der Natur und erh\u00e4ltst faszinierende Einblicke in die vulkanischen Urspr\u00fcnge der Azoren und die einzigartige Artenvielfalt dieses legend\u00e4ren Berges. Unter der F\u00fchrung eines zertifizierten Mount Pico Guides stehen deine Sicherheit und dein Vergn\u00fcgen an erster Stelle, um ein unvergessliches und bereicherndes Erlebnis auf dem Mount Pico zu garantieren.   <\/div>\n<\/div>\n<div class=\"content pb-4\" data-v-c46ac7a2=\"\">\n<div class=\"subsection\" data-v-68eac83b=\"\"><span class=\"fh-text fh-text--body-lg fh-text--bold block\" data-v-3872b9c5=\"\" data-v-68eac83b=\"\">Was enthalten ist<\/span><\/p>\n<div class=\"content-builder-markdown-view\" data-v-316d1a1e=\"\" data-v-68eac83b=\"\">\n<ul>\n<li>Professioneller und zertifizierter Mount Pico Guide<\/li>\n<li>Mount Pico Naturreservat Zugangsgeb\u00fchr<\/li>\n<li>Quechua\u00ae Wanderst\u00f6cke<\/li>\n<li>Climbing Technology\u00ae oder Yaktrax\u00ae Steigeisen (Winter)<\/li>\n<li>Informatives Handbuch Klettern<\/li>\n<li>Pers\u00f6nliche Unfallversicherung<\/li>\n<li>Leistungsnachweis Klettern<\/li>\n<\/ul>\n<\/div>\n<\/div>\n<div class=\"subsection\" data-v-68eac83b=\"\"><span class=\"fh-text fh-text--body-lg fh-text--bold block\" data-v-3872b9c5=\"\" data-v-68eac83b=\"\">Was nicht enthalten ist<\/span><\/p>\n<div class=\"content-builder-markdown-view\" data-v-316d1a1e=\"\" data-v-68eac83b=\"\">\n<p>\u2716 Transfer vom Tripix B\u00fcro in Madalena &#8211; Mountain House &#8211; Tripix B\u00fcro in Madalena auf Anfrage und je nach Verf\u00fcgbarkeit<br \/>\n\u2716 Diese Aktivit\u00e4t beinhaltet keine Mahlzeiten &#8211; Lunch Box auf Anfrage<\/p>\n<\/div>\n<\/div>\n<div class=\"subsection\" data-v-68eac83b=\"\"><span class=\"fh-text fh-text--body-lg fh-text--bold block\" data-v-3872b9c5=\"\" data-v-68eac83b=\"\">Highlights<\/span><\/p>\n<div class=\"content-builder-markdown-view\" data-v-316d1a1e=\"\" data-v-68eac83b=\"\">\n<ul>\n<li>Bergsteigerische Aktivit\u00e4t<\/li>\n<li>Mittlerer bis hoher Schwierigkeitsgrad<\/li>\n<li>Maximale H\u00f6he: 2.351 mt\/7.713 ft<\/li>\n<li>Aktiv- und Abenteuertourismus erleben<\/li>\n<li>Einblicke in die Vulkanologie<\/li>\n<\/ul>\n<\/div>\n<\/div>\n<\/div>\n","protected":false},"excerpt":{"rendered":"<p>Mach dich bereit f\u00fcr einen atemberaubenden Aufstieg zum Gipfel des Mount Pico, dem h\u00f6chsten Punkt Portugals. Beginne deine Reise bei Sonnenaufgang, wenn das goldene Licht jeden Schritt dieses herausfordernden und lohnenden Abenteuers unterstreicht. <\/p>\n<p>&nbsp;<\/p>\n<p><script src=\"https:\/\/fareharbor.com\/embeds\/script\/calendar\/tripixazores\/items\/614310\/?asn=fhdn-eur&amp;asn-ref=guidetotheazores&amp;ref=guidetotheazores&amp;bookable-only=yes&amp;full-items=yes&amp;marketplace=yes&amp;flow=no&amp;branding=no\"><\/script><\/p>\n<p>Dauer &#8211; 7 bis 9 Stunden<br \/>\nTreffpunkt &#8211; Mountain House<br \/>\nAlter &#8211; 12+<\/p>\n","protected":false},"featured_media":23053,"comment_status":"closed","ping_status":"closed","template":"","meta":{"_acf_changed":false},"product_brand":[],"product_cat":[19483,19490,19532,19517],"product_tag":[19518],"class_list":{"0":"post-24025","1":"product","2":"type-product","3":"status-publish","4":"has-post-thumbnail","6":"product_cat-aktivitaten","7":"product_cat-alle-inseln","8":"product_cat-hiking","9":"product_cat-pico","10":"product_tag-picoisland","12":"first","13":"instock","14":"taxable","15":"shipping-taxable","16":"product-type-external"},"acf":[],"_links":{"self":[{"href":"https:\/\/guidetotheazores.pt\/de\/wp-json\/wp\/v2\/product\/24025","targetHints":{"allow":["GET"]}}],"collection":[{"href":"https:\/\/guidetotheazores.pt\/de\/wp-json\/wp\/v2\/product"}],"about":[{"href":"https:\/\/guidetotheazores.pt\/de\/wp-json\/wp\/v2\/types\/product"}],"replies":[{"embeddable":true,"href":"https:\/\/guidetotheazores.pt\/de\/wp-json\/wp\/v2\/comments?post=24025"}],"wp:featuredmedia":[{"embeddable":true,"href":"https:\/\/guidetotheazores.pt\/de\/wp-json\/wp\/v2\/media\/23053"}],"wp:attachment":[{"href":"https:\/\/guidetotheazores.pt\/de\/wp-json\/wp\/v2\/media?parent=24025"}],"wp:term":[{"taxonomy":"product_brand","embeddable":true,"href":"https:\/\/guidetotheazores.pt\/de\/wp-json\/wp\/v2\/product_brand?post=24025"},{"taxonomy":"product_cat","embeddable":true,"href":"https:\/\/guidetotheazores.pt\/de\/wp-json\/wp\/v2\/product_cat?post=24025"},{"taxonomy":"product_tag","embeddable":true,"href":"https:\/\/guidetotheazores.pt\/de\/wp-json\/wp\/v2\/product_tag?post=24025"}],"curies":[{"name":"wp","href":"https:\/\/api.w.org\/{rel}","templated":true}]}}