{"id":24212,"date":"2026-05-07T06:51:43","date_gmt":"2026-05-07T07:51:43","guid":{"rendered":"https:\/\/guidetotheazores.pt\/product\/ponta-delgada-stadtrundgang\/"},"modified":"2026-05-07T06:51:43","modified_gmt":"2026-05-07T07:51:43","slug":"ponta-delgada-stadtrundgang","status":"publish","type":"product","link":"https:\/\/guidetotheazores.pt\/de\/produkt\/ponta-delgada-stadtrundgang\/","title":{"rendered":"Ponta Delgada Stadtrundgang"},"content":{"rendered":"<div class=\"subsection\" data-v-68eac83b=\"\">\n<div class=\"content-builder-markdown-view\" data-v-316d1a1e=\"\" data-v-68eac83b=\"\">\n<p>Tauche ein in die Geschichte unserer Stadt. Dieser kleine Rundgang f\u00fchrt dich \u00fcber die Reisef\u00fchrer hinaus in die kopfsteingepflasterten Gassen und historischen Ecken, in denen Legenden leben. Gef\u00fchrt von einem ortskundigen Experten erf\u00e4hrst du die Geschichten vergangener Jahrhunderte, entdeckst architektonische Wunderwerke, die im Verborgenen liegen, und sp\u00fcrst den pulsierenden Puls des t\u00e4glichen Lebens. Es ist mehr als eine Tour, es ist eine authentische Verbindung zur Seele der Stadt.   <\/p>\n<\/div>\n<\/div>\n<div class=\"subsection\" data-v-68eac83b=\"\"><span class=\"fh-text fh-text--body-lg fh-text--bold block\" data-v-3872b9c5=\"\" data-v-68eac83b=\"\">Was enthalten ist<\/span><\/p>\n<div class=\"content-builder-markdown-view\" data-v-316d1a1e=\"\" data-v-68eac83b=\"\">\n<ul>\n<li>Reiseleiter<\/li>\n<li>Versicherung<\/li>\n<\/ul>\n<\/div>\n<\/div>\n<div class=\"subsection\" data-v-68eac83b=\"\"><span class=\"fh-text fh-text--body-lg fh-text--bold block\" data-v-3872b9c5=\"\" data-v-68eac83b=\"\">Was nicht enthalten ist<\/span><\/p>\n<div class=\"content-builder-markdown-view\" data-v-316d1a1e=\"\" data-v-68eac83b=\"\">\n<ul>\n<li>Trinkgelder<\/li>\n<li>Mahlzeiten, Snacks und Getr\u00e4nke<\/li>\n<\/ul>\n<\/div>\n<\/div>\n<div class=\"subsection\" data-v-68eac83b=\"\"><span class=\"fh-text fh-text--body-lg fh-text--bold block\" data-v-3872b9c5=\"\" data-v-68eac83b=\"\">Reiseroute<\/span><\/p>\n<div class=\"content-builder-markdown-view\" data-v-316d1a1e=\"\" data-v-68eac83b=\"\">\n<ul>\n<li>Treffpunkt am Stadttor von Ponta Delgada. Halte Ausschau nach dem Reiseleiter mit dem flowtours-T-Shirt mit Flagge und Logo. <\/li>\n<\/ul>\n<\/div>\n<\/div>\n<div class=\"subsection\" data-v-68eac83b=\"\"><span class=\"fh-text fh-text--body-lg fh-text--bold block\" data-v-3872b9c5=\"\" data-v-68eac83b=\"\">Highlights<\/span><\/p>\n<div class=\"content-builder-markdown-view\" data-v-316d1a1e=\"\" data-v-68eac83b=\"\">\n<p>Ortskundige Reisef\u00fchrer: Entdecke die Stadt mit den Augen leidenschaftlicher Einheimischer, die Insider-Geschichten und versteckte Juwelen erz\u00e4hlen, die du in keinem Reisef\u00fchrer findest.<\/p>\n<p>Ikonische Wahrzeichen und versteckte Gassen: Erlebe die Sehensw\u00fcrdigkeiten, die du unbedingt sehen musst, und entdecke dann die charmanten, weniger bekannten Stra\u00dfen und Pl\u00e4tze.<\/p>\n<p>Mitrei\u00dfendes Storytelling: H\u00f6re nicht nur Fakten und Daten, sondern auch fesselnde Geschichten \u00fcber die Geschichte, Kultur und Legenden der Stadt.<\/p>\n<p>Perfekt f\u00fcr alle Geschwindigkeiten: Genie\u00dfe ein entspanntes Wandertempo mit reichlich Gelegenheit f\u00fcr Fotos, Fragen und zum Genie\u00dfen der Atmosph\u00e4re.<\/p>\n<p>Kleingruppenerlebnis: Profitiere von einer pers\u00f6nlichen Tour, bei der du mit deinem Reiseleiter und deinen Mitreisenden in Kontakt treten kannst.<\/p>\n<p>Orientierung &amp; Empfehlungen: Du bekommst einen fantastischen \u00dcberblick \u00fcber die Stadt und wertvolle Tipps f\u00fcr den Rest deines Aufenthalts, vom Essen bis hin zu weiteren Erkundungen.<\/p>\n<\/div>\n<\/div>\n","protected":false},"excerpt":{"rendered":"<p>Tauche ein in die Geschichte unserer Stadt. Dieser kleine Rundgang f\u00fchrt dich \u00fcber die Reisef\u00fchrer hinaus in die kopfsteingepflasterten Gassen und historischen Ecken, in denen Legenden leben. Gef\u00fchrt von einem ortskundigen Experten erf\u00e4hrst du die Geschichten vergangener Jahrhunderte, entdeckst architektonische Wunderwerke, die im Verborgenen liegen, und sp\u00fcrst den pulsierenden Puls des t\u00e4glichen Lebens. Es ist mehr als eine Tour, es ist eine authentische Verbindung zur Seele der Stadt.<br \/>\n&nbsp;<\/p>\n<p><script src=\"https:\/\/fareharbor.com\/embeds\/script\/calendar\/flowtours\/items\/645510\/?asn=fhdn-eur&amp;asn-ref=guidetotheazores&amp;ref=guidetotheazores&amp;bookable-only=yes&amp;full-items=yes&amp;marketplace=yes&amp;flow=no&amp;branding=no\"><\/script><\/p>\n<p>Dauer &#8211; 3 Stunden<br \/>\nTreffpunkt &#8211; Ponta Delgada Stadttore<br \/>\nGruppengr\u00f6\u00dfe &#8211; 20<\/p>\n","protected":false},"featured_media":24198,"comment_status":"closed","ping_status":"closed","template":"","meta":{"_acf_changed":false},"product_brand":[],"product_cat":[19483,19490,19503,19521],"product_tag":[19522],"class_list":{"0":"post-24212","1":"product","2":"type-product","3":"status-publish","4":"has-post-thumbnail","6":"product_cat-aktivitaten","7":"product_cat-alle-inseln","8":"product_cat-gefuehrte-touren","9":"product_cat-sao-miguel","10":"product_tag-saomiguelisland","12":"first","13":"instock","14":"taxable","15":"shipping-taxable","16":"product-type-external"},"acf":[],"_links":{"self":[{"href":"https:\/\/guidetotheazores.pt\/de\/wp-json\/wp\/v2\/product\/24212","targetHints":{"allow":["GET"]}}],"collection":[{"href":"https:\/\/guidetotheazores.pt\/de\/wp-json\/wp\/v2\/product"}],"about":[{"href":"https:\/\/guidetotheazores.pt\/de\/wp-json\/wp\/v2\/types\/product"}],"replies":[{"embeddable":true,"href":"https:\/\/guidetotheazores.pt\/de\/wp-json\/wp\/v2\/comments?post=24212"}],"wp:featuredmedia":[{"embeddable":true,"href":"https:\/\/guidetotheazores.pt\/de\/wp-json\/wp\/v2\/media\/24198"}],"wp:attachment":[{"href":"https:\/\/guidetotheazores.pt\/de\/wp-json\/wp\/v2\/media?parent=24212"}],"wp:term":[{"taxonomy":"product_brand","embeddable":true,"href":"https:\/\/guidetotheazores.pt\/de\/wp-json\/wp\/v2\/product_brand?post=24212"},{"taxonomy":"product_cat","embeddable":true,"href":"https:\/\/guidetotheazores.pt\/de\/wp-json\/wp\/v2\/product_cat?post=24212"},{"taxonomy":"product_tag","embeddable":true,"href":"https:\/\/guidetotheazores.pt\/de\/wp-json\/wp\/v2\/product_tag?post=24212"}],"curies":[{"name":"wp","href":"https:\/\/api.w.org\/{rel}","templated":true}]}}