{"id":24271,"date":"2026-05-07T08:06:38","date_gmt":"2026-05-07T09:06:38","guid":{"rendered":"https:\/\/guidetotheazores.pt\/?post_type=product&#038;p=24271"},"modified":"2026-05-08T05:19:32","modified_gmt":"2026-05-08T06:19:32","slug":"mount-pico-day-climb-copy","status":"publish","type":"product","link":"https:\/\/guidetotheazores.pt\/de\/produkt\/mount-pico-day-climb-copy\/","title":{"rendered":"Mount Pico Sonnenuntergangskletterei"},"content":{"rendered":"<div class=\"flex justify-between py-4 cursor-pointer\" data-v-c46ac7a2=\"\">\n<div class=\"heading-left\" data-v-c46ac7a2=\"\">\n<div class=\"fh-title fh-title--display-xl\" data-v-9d6554c3=\"\" data-v-c46ac7a2=\"\">\n<h1 class=\"fh-text fh-text--display-xl fh-text--medium\" data-v-3872b9c5=\"\" data-v-9d6554c3=\"\">Details zur Aktivit\u00e4t<\/h1>\n<\/div>\n<\/div>\n<div data-v-c46ac7a2=\"\">\n<div class=\"subsection\" data-v-68eac83b=\"\">\n<div class=\"content-builder-markdown-view\" data-v-316d1a1e=\"\" data-v-68eac83b=\"\">\n<p>Begib dich auf ein unvergessliches Abenteuer zum Gipfel von Portugals h\u00f6chstem Berg, w\u00e4hrend die Sonne \u00fcber dem Atlantik untergeht. Klettere durch Vulkanlandschaften, die in goldenes Licht getaucht sind, und erreiche den Gipfel gerade noch rechtzeitig f\u00fcr einen atemberaubenden Panoramablick. Ein magisches Erlebnis, das Herausforderung, Sch\u00f6nheit und den Nervenkitzel der Bezwingung des Pico unter dem Abendhimmel vereint.  <\/p>\n<\/div>\n<\/div>\n<div class=\"subsection\" data-v-68eac83b=\"\">\n<p><span class=\"fh-text fh-text--body-lg fh-text--bold block\" data-v-3872b9c5=\"\" data-v-68eac83b=\"\">Was enthalten ist<\/span><\/p>\n<div class=\"content-builder-markdown-view\" data-v-316d1a1e=\"\" data-v-68eac83b=\"\">\n<ul>\n<li>Zertifizierter Mount Pico Reisef\u00fchrer<\/li>\n<li>Mount Pico Naturreservat Zugangsgeb\u00fchr<\/li>\n<li>Wanderst\u00f6cke<\/li>\n<li>Scheinwerfer<\/li>\n<li>Steigeisen (Winter)<\/li>\n<li>Informatives Handbuch Klettern<\/li>\n<li>Pers\u00f6nliche Unfallversicherung<\/li>\n<li>Leistungsnachweis Klettern<\/li>\n<\/ul>\n<\/div>\n<\/div>\n<div class=\"subsection\" data-v-68eac83b=\"\">\n<p><span class=\"fh-text fh-text--body-lg fh-text--bold block\" data-v-3872b9c5=\"\" data-v-68eac83b=\"\">Was nicht enthalten ist<\/span><\/p>\n<div class=\"content-builder-markdown-view\" data-v-316d1a1e=\"\" data-v-68eac83b=\"\">\n<ul>\n<li>Transfer vom Tripix B\u00fcro in Madalena &#8211; Mountain House<\/li>\n<li>Tripix Office in Madalena auf Anfrage und je nach Verf\u00fcgbarkeit<\/li>\n<li>Diese Aktivit\u00e4t beinhaltet keine Mahlzeiten<\/li>\n<li>Lunch Box auf Anfrage<\/li>\n<\/ul>\n<\/div>\n<\/div>\n<div class=\"subsection\" data-v-68eac83b=\"\">\n<p><span class=\"fh-text fh-text--body-lg fh-text--bold block\" data-v-3872b9c5=\"\" data-v-68eac83b=\"\">Highlights<\/span><\/p>\n<div class=\"content-builder-markdown-view\" data-v-316d1a1e=\"\" data-v-68eac83b=\"\">\n<ul>\n<li>Bergsteigerische Aktivit\u00e4t<\/li>\n<li>Sehr hoher Schwierigkeitsgrad<\/li>\n<li>Maximale H\u00f6he: 2.351 m \/ 7.713 ft<\/li>\n<li>Sonnenaufgang auf dem Gipfel<\/li>\n<li>Aktiv- und Abenteuertourismus erleben<\/li>\n<li>Einblicke in die Vulkanologie<\/li>\n<\/ul>\n<\/div>\n<\/div>\n<\/div>\n<\/div>\n","protected":false},"excerpt":{"rendered":"<p>Begib dich auf ein unvergessliches Abenteuer zum Gipfel von Portugals h\u00f6chstem Berg, w\u00e4hrend die Sonne \u00fcber dem Atlantik untergeht. Klettere durch Vulkanlandschaften, die in goldenes Licht getaucht sind, und erreiche den Gipfel gerade noch rechtzeitig f\u00fcr einen atemberaubenden Panoramablick. Ein magisches Erlebnis, das Herausforderung, Sch\u00f6nheit und den Nervenkitzel der Bezwingung des Pico unter dem Abendhimmel vereint.  <\/p>\n<p>&nbsp;<\/p>\n<p><script src=\"https:\/\/fareharbor.com\/embeds\/script\/calendar\/tripixazores\/items\/614398\/?asn=fhdn-eur&amp;asn-ref=guidetotheazores&amp;ref=guidetotheazores&amp;bookable-only=yes&amp;full-items=yes&amp;marketplace=yes&amp;flow=no&amp;branding=no\"><\/script><\/p>\n<p>Dauer &#8211; 10 bis 12 Stunden<br \/>\nTreffpunkt &#8211; Mountain House<br \/>\nAlter &#8211; 12+<\/p>\n","protected":false},"featured_media":24278,"comment_status":"closed","ping_status":"closed","template":"","meta":{"_acf_changed":false},"product_brand":[],"product_cat":[19483,19490,19532,19517],"product_tag":[19518],"class_list":{"0":"post-24271","1":"product","2":"type-product","3":"status-publish","4":"has-post-thumbnail","6":"product_cat-aktivitaten","7":"product_cat-alle-inseln","8":"product_cat-hiking","9":"product_cat-pico","10":"product_tag-picoisland","12":"first","13":"instock","14":"taxable","15":"shipping-taxable","16":"product-type-external"},"acf":[],"_links":{"self":[{"href":"https:\/\/guidetotheazores.pt\/de\/wp-json\/wp\/v2\/product\/24271","targetHints":{"allow":["GET"]}}],"collection":[{"href":"https:\/\/guidetotheazores.pt\/de\/wp-json\/wp\/v2\/product"}],"about":[{"href":"https:\/\/guidetotheazores.pt\/de\/wp-json\/wp\/v2\/types\/product"}],"replies":[{"embeddable":true,"href":"https:\/\/guidetotheazores.pt\/de\/wp-json\/wp\/v2\/comments?post=24271"}],"wp:featuredmedia":[{"embeddable":true,"href":"https:\/\/guidetotheazores.pt\/de\/wp-json\/wp\/v2\/media\/24278"}],"wp:attachment":[{"href":"https:\/\/guidetotheazores.pt\/de\/wp-json\/wp\/v2\/media?parent=24271"}],"wp:term":[{"taxonomy":"product_brand","embeddable":true,"href":"https:\/\/guidetotheazores.pt\/de\/wp-json\/wp\/v2\/product_brand?post=24271"},{"taxonomy":"product_cat","embeddable":true,"href":"https:\/\/guidetotheazores.pt\/de\/wp-json\/wp\/v2\/product_cat?post=24271"},{"taxonomy":"product_tag","embeddable":true,"href":"https:\/\/guidetotheazores.pt\/de\/wp-json\/wp\/v2\/product_tag?post=24271"}],"curies":[{"name":"wp","href":"https:\/\/api.w.org\/{rel}","templated":true}]}}