{"id":24293,"date":"2026-05-07T11:52:20","date_gmt":"2026-05-07T12:52:20","guid":{"rendered":"https:\/\/guidetotheazores.pt\/?post_type=product&#038;p=24293"},"modified":"2026-05-08T05:19:32","modified_gmt":"2026-05-08T06:19:32","slug":"tauchen-an-der-kuste-copy","status":"publish","type":"product","link":"https:\/\/guidetotheazores.pt\/de\/produkt\/tauchen-an-der-kuste-copy\/","title":{"rendered":"Schnorcheln an der K\u00fcste"},"content":{"rendered":"<p>Die Azoren sind zweifelsohne eines der besten Tauch- und Schnorchelziele im Atlantik. Unsere Tauch- und Schnorchelsaison geht von April bis Oktober. Unsere Tauchpl\u00e4tze sind sehr vielf\u00e4ltig und bieten f\u00fcr alle Vorlieben und Erfahrungsstufen mehr als 20 Tauchpl\u00e4tze zwischen den Inseln Faial und Pico.  <\/p>\n<p>Die h\u00e4ufigsten Tauch- und Schnorchelpl\u00e4tze befinden sich im Meeresschutzgebiet &#8222;Monte da Guia&#8220; auf der Insel Faial. Um zum Tauchplatz zu gelangen, benutzen wir immer ein halbstarres Boot, da er etwa 5 Minuten von unserer Basis entfernt ist. Die Wassertemperaturen schwanken in den Sommermonaten zwischen 20 und 24\u00baC. Ein 5 mm oder 7 mm Neoprenanzug ist daher normalerweise ausreichend.  <\/p>\n<p>Das Meeresleben auf den Inseln Faial und Pico ist fantastisch! Du hast die Chance, zwischen den Felsen neugierige Schleimaale (Balistes carolinensis), Zackenbarsche (Epinephelus marginatus), Seehunde (Sparisoma cretense), Kraken und Mur\u00e4nen sowie kleine Arten wie bunte Nacktschnecken zu entdecken. <\/p>\n<p>&nbsp;<\/p>\n","protected":false},"excerpt":{"rendered":"<p>Die Azoren sind zweifelsohne eines der besten Tauch- und Schnorchelziele im Atlantik. Unsere Tauch- und Schnorchelsaison geht von April bis Oktober. Unsere Tauchpl\u00e4tze sind sehr vielf\u00e4ltig und bieten f\u00fcr alle Vorlieben und Erfahrungsstufen mehr als 20 Tauchpl\u00e4tze zwischen den Inseln Faial und Pico.  <\/p>\n<p>&nbsp;<\/p>\n<p><script src=\"https:\/\/fareharbor.com\/embeds\/script\/calendar\/norbertodiver\/items\/189742\/?asn=fhdn-eur&amp;asn-ref=guidetotheazores&amp;ref=guidetotheazores&amp;bookable-only=yes&amp;full-items=yes&amp;marketplace=yes&amp;flow=no&amp;branding=no\"><\/script><\/p>\n<p>&nbsp;<\/p>\n","protected":false},"featured_media":24311,"comment_status":"closed","ping_status":"closed","template":"","meta":{"_acf_changed":false},"product_brand":[],"product_cat":[19483,19490,19491,19546],"product_tag":[19492],"class_list":{"0":"post-24293","1":"product","2":"type-product","3":"status-publish","4":"has-post-thumbnail","6":"product_cat-aktivitaten","7":"product_cat-alle-inseln","8":"product_cat-faial","9":"product_cat-schnorcheln","10":"product_tag-faialisland","12":"first","13":"instock","14":"taxable","15":"shipping-taxable","16":"product-type-external"},"acf":[],"_links":{"self":[{"href":"https:\/\/guidetotheazores.pt\/de\/wp-json\/wp\/v2\/product\/24293","targetHints":{"allow":["GET"]}}],"collection":[{"href":"https:\/\/guidetotheazores.pt\/de\/wp-json\/wp\/v2\/product"}],"about":[{"href":"https:\/\/guidetotheazores.pt\/de\/wp-json\/wp\/v2\/types\/product"}],"replies":[{"embeddable":true,"href":"https:\/\/guidetotheazores.pt\/de\/wp-json\/wp\/v2\/comments?post=24293"}],"wp:featuredmedia":[{"embeddable":true,"href":"https:\/\/guidetotheazores.pt\/de\/wp-json\/wp\/v2\/media\/24311"}],"wp:attachment":[{"href":"https:\/\/guidetotheazores.pt\/de\/wp-json\/wp\/v2\/media?parent=24293"}],"wp:term":[{"taxonomy":"product_brand","embeddable":true,"href":"https:\/\/guidetotheazores.pt\/de\/wp-json\/wp\/v2\/product_brand?post=24293"},{"taxonomy":"product_cat","embeddable":true,"href":"https:\/\/guidetotheazores.pt\/de\/wp-json\/wp\/v2\/product_cat?post=24293"},{"taxonomy":"product_tag","embeddable":true,"href":"https:\/\/guidetotheazores.pt\/de\/wp-json\/wp\/v2\/product_tag?post=24293"}],"curies":[{"name":"wp","href":"https:\/\/api.w.org\/{rel}","templated":true}]}}