{"id":24722,"date":"2026-05-09T06:31:05","date_gmt":"2026-05-09T07:31:05","guid":{"rendered":"https:\/\/guidetotheazores.pt\/product\/faial-whale-watching\/"},"modified":"2026-05-09T06:31:05","modified_gmt":"2026-05-09T07:31:05","slug":"faial-whale-watching","status":"publish","type":"product","link":"https:\/\/guidetotheazores.pt\/de\/produkt\/faial-whale-watching\/","title":{"rendered":"Faial Whale Watching"},"content":{"rendered":"<div class=\"flex justify-between py-4 cursor-pointer\" data-v-c46ac7a2=\"\">\n<div class=\"heading-left\" data-v-c46ac7a2=\"\">\n<div class=\"fh-title fh-title--display-xl\" data-v-9d6554c3=\"\" data-v-c46ac7a2=\"\">\n<h1 class=\"fh-text fh-text--display-xl fh-text--medium\" data-v-3872b9c5=\"\" data-v-9d6554c3=\"\">Details zur Aktivit\u00e4t<\/h1>\n<\/div>\n<\/div>\n<div data-v-c46ac7a2=\"\">Setze die Segel in den tiefblauen Gew\u00e4ssern der Azoren und erlebe eine unvergessliche Walbeobachtung. Entdecke die Sch\u00f6nheit dieser majest\u00e4tischen Kreaturen in ihrem nat\u00fcrlichen Lebensraum und lerne gleichzeitig etwas \u00fcber ihr Verhalten und ihren Schutz. Eine einzigartige Gelegenheit, den Ozean und seine unglaubliche Tierwelt kennenzulernen &#8211; perfekt f\u00fcr alle, die ein Abenteuer in der Natur suchen.  <\/div>\n<\/div>\n<div class=\"content pb-4\" data-v-c46ac7a2=\"\">\n<div class=\"subsection\" data-v-a5b16f77=\"\">\n<div class=\"block\" data-v-a5b16f77=\"\"><span class=\"fh-text fh-text--body-lg fh-text--bold\" data-v-3872b9c5=\"\" data-v-a5b16f77=\"\">Was enthalten ist<\/span><\/div>\n<div class=\"content-builder-markdown-view\" data-v-316d1a1e=\"\" data-v-a5b16f77=\"\">\n<ul>\n<li>Briefing und Debriefing<\/li>\n<li>Meeresforscher an Bord<\/li>\n<li>Ferngl\u00e4ser<\/li>\n<li>Wasserdichte Kleidung<\/li>\n<li>Schwimmweste<\/li>\n<li>Pers\u00f6nliche Unfallversicherung<\/li>\n<\/ul>\n<\/div>\n<\/div>\n<div class=\"subsection\" data-v-a5b16f77=\"\">\n<div class=\"block\" data-v-a5b16f77=\"\"><span class=\"fh-text fh-text--body-lg fh-text--bold\" data-v-3872b9c5=\"\" data-v-a5b16f77=\"\">Was nicht enthalten ist<\/span><\/div>\n<div class=\"content-builder-markdown-view\" data-v-316d1a1e=\"\" data-v-a5b16f77=\"\">\n<ul>\n<li>F\u00e4hre Tickets<\/li>\n<li>Mahlzeiten<\/li>\n<\/ul>\n<\/div>\n<\/div>\n<div class=\"subsection\" data-v-a5b16f77=\"\">\n<div class=\"block\" data-v-a5b16f77=\"\"><span class=\"fh-text fh-text--body-lg fh-text--bold\" data-v-3872b9c5=\"\" data-v-a5b16f77=\"\">Highlights<\/span><\/div>\n<div class=\"content-builder-markdown-view\" data-v-316d1a1e=\"\" data-v-a5b16f77=\"\">\n<ul>\n<li>Einzigartige Wal- und Delfin-Expeditionen<\/li>\n<li>Wissenschaftliche Forschungsaktivit\u00e4ten<\/li>\n<li>Nachhaltige Praktiken und Sicherheitsma\u00dfnahmen<\/li>\n<\/ul>\n<\/div>\n<\/div>\n<\/div>\n","protected":false},"excerpt":{"rendered":"<p>Setze die Segel in den tiefblauen Gew\u00e4ssern der Azoren und erlebe eine unvergessliche Walbeobachtung. Entdecke die Sch\u00f6nheit dieser majest\u00e4tischen Kreaturen in ihrem nat\u00fcrlichen Lebensraum und lerne gleichzeitig etwas \u00fcber ihr Verhalten und ihren Schutz. Eine einzigartige Gelegenheit, den Ozean und seine unglaubliche Tierwelt kennenzulernen &#8211; perfekt f\u00fcr alle, die ein Abenteuer in der Natur suchen.  <\/p>\n<p><script src=\"https:\/\/fareharbor.com\/embeds\/script\/calendar\/tripixazores\/items\/635024\/?asn=fhdn-eur&amp;asn-ref=guidetotheazores&amp;ref=guidetotheazores&amp;bookable-only=yes&amp;full-items=yes&amp;marketplace=yes&amp;flow=no&amp;branding=no\"><\/script><\/p>\n<div class=\"flex items-start gap-4 mb-4 last:mb-0\" data-v-a5b16f77=\"\">\n<div class=\"min-w-0 flex-1\"><span class=\"fh-text fh-text--body-sm fh-text--medium\" data-v-3872b9c5=\"\">Dauer: <\/span>4 Stunden<\/div>\n<\/div>\n<div class=\"flex items-start gap-4 mb-4 last:mb-0\" data-v-a5b16f77=\"\">\n<div class=\"mt-1 shrink-0\"><\/div>\n<div class=\"min-w-0 flex-1\"><span class=\"fh-text fh-text--body-sm fh-text--medium\" data-v-3872b9c5=\"\">Treffpunkt: <\/span>Noch zu bestimmen<\/div>\n<\/div>\n<div class=\"flex items-start gap-4 mb-4 last:mb-0\" data-v-a5b16f77=\"\">\n<div class=\"mt-1 shrink-0\"><\/div>\n<div class=\"min-w-0 flex-1\"><span class=\"fh-text fh-text--body-sm fh-text--medium\" data-v-3872b9c5=\"\">Alter: <\/span>6+<\/div>\n<\/div>\n","protected":false},"featured_media":24670,"comment_status":"closed","ping_status":"closed","template":"","meta":{"_acf_changed":false},"product_brand":[],"product_cat":[19483,19490,19491,19499],"product_tag":[19492],"class_list":{"0":"post-24722","1":"product","2":"type-product","3":"status-publish","4":"has-post-thumbnail","6":"product_cat-aktivitaten","7":"product_cat-alle-inseln","8":"product_cat-faial","9":"product_cat-whale-watching","10":"product_tag-faialisland","12":"first","13":"instock","14":"taxable","15":"shipping-taxable","16":"product-type-external"},"acf":[],"_links":{"self":[{"href":"https:\/\/guidetotheazores.pt\/de\/wp-json\/wp\/v2\/product\/24722","targetHints":{"allow":["GET"]}}],"collection":[{"href":"https:\/\/guidetotheazores.pt\/de\/wp-json\/wp\/v2\/product"}],"about":[{"href":"https:\/\/guidetotheazores.pt\/de\/wp-json\/wp\/v2\/types\/product"}],"replies":[{"embeddable":true,"href":"https:\/\/guidetotheazores.pt\/de\/wp-json\/wp\/v2\/comments?post=24722"}],"wp:featuredmedia":[{"embeddable":true,"href":"https:\/\/guidetotheazores.pt\/de\/wp-json\/wp\/v2\/media\/24670"}],"wp:attachment":[{"href":"https:\/\/guidetotheazores.pt\/de\/wp-json\/wp\/v2\/media?parent=24722"}],"wp:term":[{"taxonomy":"product_brand","embeddable":true,"href":"https:\/\/guidetotheazores.pt\/de\/wp-json\/wp\/v2\/product_brand?post=24722"},{"taxonomy":"product_cat","embeddable":true,"href":"https:\/\/guidetotheazores.pt\/de\/wp-json\/wp\/v2\/product_cat?post=24722"},{"taxonomy":"product_tag","embeddable":true,"href":"https:\/\/guidetotheazores.pt\/de\/wp-json\/wp\/v2\/product_tag?post=24722"}],"curies":[{"name":"wp","href":"https:\/\/api.w.org\/{rel}","templated":true}]}}