{"id":24732,"date":"2026-05-07T13:48:59","date_gmt":"2026-05-07T14:48:59","guid":{"rendered":"https:\/\/guidetotheazores.pt\/product\/kajakverleih\/"},"modified":"2026-05-07T13:48:59","modified_gmt":"2026-05-07T14:48:59","slug":"kajakverleih","status":"publish","type":"product","link":"https:\/\/guidetotheazores.pt\/de\/produkt\/kajakverleih\/","title":{"rendered":"Kajakverleih"},"content":{"rendered":"<p>Miete ein Sit-on-Top-Kajak mit ergonomischem Sitz. Reite auf den Wellen und entdecke Pico aus einer einzigartigen Perspektive. <\/p>\n<p>Diese stabilen, einfach zu bedienenden Kajaks sind perfekt f\u00fcr alle K\u00f6nnensstufen und garantieren Spa\u00df f\u00fcr Anf\u00e4nger und erfahrene Paddler.<\/p>\n<p>Am Ende deines Abenteuers hast du Zugang zu \u00f6ffentlichen Umkleidekabinen, in denen du eine erfrischende kalte Dusche nehmen kannst.<\/p>\n<p>&nbsp;<\/p>\n<p>&nbsp;<\/p>\n","protected":false},"excerpt":{"rendered":"<p style=\"color: #000000; font-family: 'Helvetica Neue', Helvetica, Roboto, Arial, sans-serif; margin: 0px 0px 20px;\">Miete ein Sit-on-Top-Kajak mit ergonomischem Sitz. Reite auf den Wellen und entdecke Pico aus einer einzigartigen Perspektive. <\/p>\n<p><script src=\"https:\/\/fareharbor.com\/embeds\/script\/calendar\/hominisnatura\/items\/724859\/?asn=fhdn-eur&amp;asn-ref=guidetotheazores&amp;ref=guidetotheazores&amp;bookable-only=yes&amp;full-items=yes&amp;marketplace=yes&amp;flow=no&amp;branding=no\"><\/script><\/p>\n<p><span class=\"fh-text fh-text--body-md fh-text--medium fh-label-text\" data-v-3872b9c5=\"\" data-v-671f692c=\"\">Dauer: <\/span><span class=\"fh-text fh-text--body-sm fh-text--regular fh-help-text\" data-v-3872b9c5=\"\" data-v-3553cfb6=\"\" data-v-671f692c=\"\">1 Stunde<\/span><\/p>\n","protected":false},"featured_media":23691,"comment_status":"closed","ping_status":"closed","template":"","meta":{"_acf_changed":false},"product_brand":[],"product_cat":[19483,19570],"product_tag":[19518],"class_list":{"0":"post-24732","1":"product","2":"type-product","3":"status-publish","4":"has-post-thumbnail","6":"product_cat-aktivitaten","7":"product_cat-kanu-kajak","8":"product_tag-picoisland","10":"first","11":"instock","12":"taxable","13":"shipping-taxable","14":"product-type-external"},"acf":[],"_links":{"self":[{"href":"https:\/\/guidetotheazores.pt\/de\/wp-json\/wp\/v2\/product\/24732","targetHints":{"allow":["GET"]}}],"collection":[{"href":"https:\/\/guidetotheazores.pt\/de\/wp-json\/wp\/v2\/product"}],"about":[{"href":"https:\/\/guidetotheazores.pt\/de\/wp-json\/wp\/v2\/types\/product"}],"replies":[{"embeddable":true,"href":"https:\/\/guidetotheazores.pt\/de\/wp-json\/wp\/v2\/comments?post=24732"}],"wp:featuredmedia":[{"embeddable":true,"href":"https:\/\/guidetotheazores.pt\/de\/wp-json\/wp\/v2\/media\/23691"}],"wp:attachment":[{"href":"https:\/\/guidetotheazores.pt\/de\/wp-json\/wp\/v2\/media?parent=24732"}],"wp:term":[{"taxonomy":"product_brand","embeddable":true,"href":"https:\/\/guidetotheazores.pt\/de\/wp-json\/wp\/v2\/product_brand?post=24732"},{"taxonomy":"product_cat","embeddable":true,"href":"https:\/\/guidetotheazores.pt\/de\/wp-json\/wp\/v2\/product_cat?post=24732"},{"taxonomy":"product_tag","embeddable":true,"href":"https:\/\/guidetotheazores.pt\/de\/wp-json\/wp\/v2\/product_tag?post=24732"}],"curies":[{"name":"wp","href":"https:\/\/api.w.org\/{rel}","templated":true}]}}