{"id":24741,"date":"2026-05-09T06:13:27","date_gmt":"2026-05-09T07:13:27","guid":{"rendered":"https:\/\/guidetotheazores.pt\/product\/pico-ostkuestenwanderung\/"},"modified":"2026-05-09T06:13:27","modified_gmt":"2026-05-09T07:13:27","slug":"pico-ostkuestenwanderung","status":"publish","type":"product","link":"https:\/\/guidetotheazores.pt\/de\/produkt\/pico-ostkuestenwanderung\/","title":{"rendered":"Pico Ostk\u00fcstenwanderung"},"content":{"rendered":"<div class=\"flex justify-between py-4 cursor-pointer\" data-v-c46ac7a2=\"\">\n<div class=\"heading-left\" data-v-c46ac7a2=\"\">\n<div class=\"fh-title fh-title--display-xl\" data-v-9d6554c3=\"\" data-v-c46ac7a2=\"\">\n<h1 class=\"fh-text fh-text--display-xl fh-text--medium\" data-v-3872b9c5=\"\" data-v-9d6554c3=\"\">Details zur Aktivit\u00e4t<\/h1>\n<\/div>\n<\/div>\n<div data-v-c46ac7a2=\"\"><\/div>\n<\/div>\n<div class=\"content pb-4\" data-v-c46ac7a2=\"\">\n<div class=\"subsection\" data-v-a5b16f77=\"\">\n<div class=\"content-builder-markdown-view\" data-v-316d1a1e=\"\" data-v-a5b16f77=\"\">\n<p>Wandere entlang der unber\u00fchrten Westk\u00fcste der Insel Pico, wo dramatische Klippen auf den endlosen Atlantik treffen. \u00dcberquere malerische Pfade, erkunde versteckte Vulkanlandschaften und tauche ein in die raue Sch\u00f6nheit der Insel. Eine Reise durch Natur, Geschichte und atemberaubende Ausblicke auf den Ozean wartet auf dich!  <\/p>\n<\/div>\n<\/div>\n<div class=\"subsection\" data-v-a5b16f77=\"\">\n<div class=\"block\" data-v-a5b16f77=\"\"><span class=\"fh-text fh-text--body-lg fh-text--bold\" data-v-3872b9c5=\"\" data-v-a5b16f77=\"\">Was enthalten ist<\/span><\/div>\n<div class=\"content-builder-markdown-view\" data-v-316d1a1e=\"\" data-v-a5b16f77=\"\">\n<ul>\n<li>Professioneller F\u00fchrer<\/li>\n<li>Bodentransport<\/li>\n<li>Pers\u00f6nliche Unfallversicherung<\/li>\n<\/ul>\n<\/div>\n<\/div>\n<div class=\"subsection\" data-v-a5b16f77=\"\">\n<div class=\"block\" data-v-a5b16f77=\"\"><span class=\"fh-text fh-text--body-lg fh-text--bold\" data-v-3872b9c5=\"\" data-v-a5b16f77=\"\">Was nicht enthalten ist<\/span><\/div>\n<div class=\"content-builder-markdown-view\" data-v-316d1a1e=\"\" data-v-a5b16f77=\"\">\n<ul>\n<li>F\u00e4hre Tickets<\/li>\n<li>Mahlzeiten<\/li>\n<\/ul>\n<\/div>\n<\/div>\n<div class=\"subsection\" data-v-a5b16f77=\"\">\n<div class=\"block\" data-v-a5b16f77=\"\"><span class=\"fh-text fh-text--body-lg fh-text--bold\" data-v-3872b9c5=\"\" data-v-a5b16f77=\"\">Highlights<\/span><\/div>\n<div class=\"content-builder-markdown-view\" data-v-316d1a1e=\"\" data-v-a5b16f77=\"\">\n<ul>\n<li>Weinstra\u00dfe<\/li>\n<li>Vulkanische K\u00fcste<\/li>\n<li>Alte Traditionen<\/li>\n<\/ul>\n<\/div>\n<\/div>\n<\/div>\n","protected":false},"excerpt":{"rendered":"<p>Wandere entlang der unber\u00fchrten Westk\u00fcste der Insel Pico, wo dramatische Klippen auf den endlosen Atlantik treffen. \u00dcberquere malerische Pfade, erkunde versteckte Vulkanlandschaften und tauche ein in die raue Sch\u00f6nheit der Insel. Eine Reise durch Natur, Geschichte und atemberaubende Ausblicke auf den Ozean wartet auf dich!  <\/p>\n<p><script src=\"https:\/\/fareharbor.com\/embeds\/script\/calendar\/tripixazores\/items\/634190\/?asn=fhdn-eur&amp;asn-ref=guidetotheazores&amp;ref=guidetotheazores&amp;bookable-only=yes&amp;full-items=yes&amp;marketplace=yes&amp;flow=no&amp;branding=no\"><\/script><\/p>\n<div class=\"flex items-start gap-4 mb-4 last:mb-0\" data-v-a5b16f77=\"\">\n<div class=\"min-w-0 flex-1\"><span class=\"fh-text fh-text--body-sm fh-text--medium\" data-v-3872b9c5=\"\">Dauer: <\/span>4 Stunden<\/div>\n<\/div>\n<div class=\"flex items-start gap-4 mb-4 last:mb-0\" data-v-a5b16f77=\"\">\n<div class=\"mt-1 shrink-0\"><\/div>\n<div class=\"min-w-0 flex-1\"><span class=\"fh-text fh-text--body-sm fh-text--medium\" data-v-3872b9c5=\"\">Treffpunkt: <\/span>Tripix Azoren B\u00fcro<\/div>\n<\/div>\n<div class=\"flex items-start gap-4 mb-4 last:mb-0\" data-v-a5b16f77=\"\">\n<div class=\"mt-1 shrink-0\"><\/div>\n<div class=\"min-w-0 flex-1\"><span class=\"fh-text fh-text--body-sm fh-text--medium\" data-v-3872b9c5=\"\">Alter: <\/span>6+<\/div>\n<\/div>\n","protected":false},"featured_media":24648,"comment_status":"closed","ping_status":"closed","template":"","meta":{"_acf_changed":false},"product_brand":[],"product_cat":[19483,19490,19532,19517],"product_tag":[19518],"class_list":{"0":"post-24741","1":"product","2":"type-product","3":"status-publish","4":"has-post-thumbnail","6":"product_cat-aktivitaten","7":"product_cat-alle-inseln","8":"product_cat-hiking","9":"product_cat-pico","10":"product_tag-picoisland","12":"first","13":"instock","14":"taxable","15":"shipping-taxable","16":"product-type-external"},"acf":[],"_links":{"self":[{"href":"https:\/\/guidetotheazores.pt\/de\/wp-json\/wp\/v2\/product\/24741","targetHints":{"allow":["GET"]}}],"collection":[{"href":"https:\/\/guidetotheazores.pt\/de\/wp-json\/wp\/v2\/product"}],"about":[{"href":"https:\/\/guidetotheazores.pt\/de\/wp-json\/wp\/v2\/types\/product"}],"replies":[{"embeddable":true,"href":"https:\/\/guidetotheazores.pt\/de\/wp-json\/wp\/v2\/comments?post=24741"}],"wp:featuredmedia":[{"embeddable":true,"href":"https:\/\/guidetotheazores.pt\/de\/wp-json\/wp\/v2\/media\/24648"}],"wp:attachment":[{"href":"https:\/\/guidetotheazores.pt\/de\/wp-json\/wp\/v2\/media?parent=24741"}],"wp:term":[{"taxonomy":"product_brand","embeddable":true,"href":"https:\/\/guidetotheazores.pt\/de\/wp-json\/wp\/v2\/product_brand?post=24741"},{"taxonomy":"product_cat","embeddable":true,"href":"https:\/\/guidetotheazores.pt\/de\/wp-json\/wp\/v2\/product_cat?post=24741"},{"taxonomy":"product_tag","embeddable":true,"href":"https:\/\/guidetotheazores.pt\/de\/wp-json\/wp\/v2\/product_tag?post=24741"}],"curies":[{"name":"wp","href":"https:\/\/api.w.org\/{rel}","templated":true}]}}