{"id":24820,"date":"2026-05-10T06:53:25","date_gmt":"2026-05-10T07:53:25","guid":{"rendered":"https:\/\/guidetotheazores.pt\/product\/ganztaegige-vip-tour\/"},"modified":"2026-05-10T06:53:25","modified_gmt":"2026-05-10T07:53:25","slug":"ganztaegige-vip-tour","status":"publish","type":"product","link":"https:\/\/guidetotheazores.pt\/de\/produkt\/ganztaegige-vip-tour\/","title":{"rendered":"Ganzt\u00e4gige VIP-Tour"},"content":{"rendered":"<p>Beschreibung<br \/>\nEine wunderbare Bootsfahrt, die rund 22 Seemeilen umfasst.<\/p>\n<p>R\u00fcckfahrt zur kleinen Insel Vila Franca. Genie\u00dfe unsere fantastische K\u00fcstenlinie und betrachte die Landschaft aus einer anderen Perspektive. Auf der R\u00fcckfahrt ankern wir in einer unserer Buchten, damit du ein Bad in unserem wundersch\u00f6nen Meer nehmen kannst.  <\/p>\n<p>Dauer: 8 Stunden<\/p>\n<p>Highlights<br \/>\nLandschaft &amp; Schwimmen<\/p>\n<p>Inklusive<br \/>\nSteuern inklusive<br \/>\nSkipper<br \/>\nTreibstoff<br \/>\nReinigungsgeb\u00fchr<\/p>\n<p>Getr\u00e4nke und ein spezielles Degustationsmen\u00fc mit Produkten von den Azoren<br \/>\n&#8211; SUP Paddle<br \/>\nTreffpunkt am Yachthafen &#8211; Portas do Mar &#8211; Ponta Delgada<\/p>\n","protected":false},"excerpt":{"rendered":"<p>Eine wunderbare Bootsfahrt, die etwa 22 Seemeilen umfasst.<\/p>\n<p>R\u00fcckfahrt zur kleinen Insel Vila Franca. Genie\u00dfe unsere fantastische K\u00fcstenlinie und betrachte die Landschaft aus einer anderen Perspektive. Auf der R\u00fcckfahrt ankern wir in einer unserer Buchten, damit du ein Bad in unserem wundersch\u00f6nen Meer nehmen kannst.  <\/p>\n<p><script src=\"https:\/\/fareharbor.com\/embeds\/script\/calendar\/sail4sailing\/items\/472777\/?asn=fhdn-eur&amp;asn-ref=guidetotheazores&amp;ref=guidetotheazores&amp;bookable-only=yes&amp;full-items=yes&amp;marketplace=yes&amp;flow=no&amp;branding=no\"><\/script><\/p>\n<p>Dauer: 8 Stunden<\/p>\n<p>Max 4 pax<\/p>\n<p>Treffpunkt: Yachthafen &#8211; Portas do Mar &#8211; Ponta Delgada<\/p>\n<p>&nbsp;<\/p>\n","protected":false},"featured_media":24781,"comment_status":"closed","ping_status":"closed","template":"","meta":{"_acf_changed":false},"product_brand":[19590],"product_cat":[19483,19490,19521,19493],"product_tag":[19522],"class_list":{"0":"post-24820","1":"product","2":"type-product","3":"status-publish","4":"has-post-thumbnail","6":"product_brand-sao-miguel","7":"product_cat-aktivitaten","8":"product_cat-alle-inseln","9":"product_cat-sao-miguel","10":"product_cat-segeln","11":"product_tag-saomiguelisland","13":"first","14":"instock","15":"taxable","16":"shipping-taxable","17":"product-type-external"},"acf":[],"_links":{"self":[{"href":"https:\/\/guidetotheazores.pt\/de\/wp-json\/wp\/v2\/product\/24820","targetHints":{"allow":["GET"]}}],"collection":[{"href":"https:\/\/guidetotheazores.pt\/de\/wp-json\/wp\/v2\/product"}],"about":[{"href":"https:\/\/guidetotheazores.pt\/de\/wp-json\/wp\/v2\/types\/product"}],"replies":[{"embeddable":true,"href":"https:\/\/guidetotheazores.pt\/de\/wp-json\/wp\/v2\/comments?post=24820"}],"wp:featuredmedia":[{"embeddable":true,"href":"https:\/\/guidetotheazores.pt\/de\/wp-json\/wp\/v2\/media\/24781"}],"wp:attachment":[{"href":"https:\/\/guidetotheazores.pt\/de\/wp-json\/wp\/v2\/media?parent=24820"}],"wp:term":[{"taxonomy":"product_brand","embeddable":true,"href":"https:\/\/guidetotheazores.pt\/de\/wp-json\/wp\/v2\/product_brand?post=24820"},{"taxonomy":"product_cat","embeddable":true,"href":"https:\/\/guidetotheazores.pt\/de\/wp-json\/wp\/v2\/product_cat?post=24820"},{"taxonomy":"product_tag","embeddable":true,"href":"https:\/\/guidetotheazores.pt\/de\/wp-json\/wp\/v2\/product_tag?post=24820"}],"curies":[{"name":"wp","href":"https:\/\/api.w.org\/{rel}","templated":true}]}}