{"id":24824,"date":"2026-05-10T06:39:27","date_gmt":"2026-05-10T07:39:27","guid":{"rendered":"https:\/\/guidetotheazores.pt\/product\/santa-maria-island-sondercharter\/"},"modified":"2026-05-10T06:39:27","modified_gmt":"2026-05-10T07:39:27","slug":"santa-maria-island-sondercharter","status":"publish","type":"product","link":"https:\/\/guidetotheazores.pt\/de\/produkt\/santa-maria-island-sondercharter\/","title":{"rendered":"Santa Maria Island Sondercharter"},"content":{"rendered":"<p>Beschreibung<\/p>\n<p>Ob mit oder ohne unseren Skipper an Bord, komm und genie\u00dfe das Vergn\u00fcgen, nach Santa Maria zu segeln, mit einem Aufenthalt von zwei N\u00e4chten an Bord. Ein einzigartiges Segelerlebnis mit der M\u00f6glichkeit, bei den Aufgaben an Bord mitzuhelfen. Ein wunderbarer Segelt\u00f6rn, der rund 108 Seemeilen umfasst.  <\/p>\n<p>Highlights<br \/>\nPrivates Boot<\/p>\n<p>Dauer: 3 Tage. Abreise um 18 Uhr &amp; Ankunft um 18 Uhr <\/p>\n<p>Inklusive<br \/>\nSkipper (optional)<br \/>\nZwei Doppelkabinen<br \/>\nBettw\u00e4sche und Handt\u00fccher<br \/>\nVersicherung<br \/>\nTreibstoff<br \/>\nYachthafengeb\u00fchren<br \/>\nBootsreinigungsgeb\u00fchr<br \/>\nWichtige Informationen<br \/>\nAbfahrten an jedem Tag der Woche: Tag 1 ab Ponta Delgada um 18 Uhr, Tag 2 nach Santa Maria &amp; Tag 3 Ankunft in Ponta Delgada um 18 Uhr<\/p>\n<p>Treffpunkt<br \/>\nAm Yachthafen &#8211; Marina Ponta Delgada<\/p>\n","protected":false},"excerpt":{"rendered":"<p>Ob mit oder ohne unseren Skipper an Bord, komm und genie\u00dfe das Vergn\u00fcgen, nach Santa Maria zu segeln, mit einem Aufenthalt von zwei N\u00e4chten an Bord. Ein einzigartiges Segelerlebnis mit der M\u00f6glichkeit, bei den Aufgaben an Bord mitzuhelfen. Ein wunderbarer Segelt\u00f6rn, der rund 108 Seemeilen umfasst.  <\/p>\n<p><script src=\"https:\/\/fareharbor.com\/embeds\/script\/calendar\/sail4sailing\/items\/472771\/?asn=fhdn-eur&amp;asn-ref=guidetotheazores&amp;ref=guidetotheazores&amp;bookable-only=yes&amp;full-items=yes&amp;marketplace=yes&amp;flow=no&amp;branding=no\"><\/script><\/p>\n<p>Dauer: 3 Tage<br \/>\nTreffpunkt: Yachthafen &#8211; Ponta Delgada<\/p>\n","protected":false},"featured_media":24764,"comment_status":"closed","ping_status":"closed","template":"","meta":{"_acf_changed":false},"product_brand":[19590],"product_cat":[19483,19490,19521,19493],"product_tag":[19522],"class_list":{"0":"post-24824","1":"product","2":"type-product","3":"status-publish","4":"has-post-thumbnail","6":"product_brand-sao-miguel","7":"product_cat-aktivitaten","8":"product_cat-alle-inseln","9":"product_cat-sao-miguel","10":"product_cat-segeln","11":"product_tag-saomiguelisland","13":"first","14":"instock","15":"taxable","16":"shipping-taxable","17":"product-type-external"},"acf":[],"_links":{"self":[{"href":"https:\/\/guidetotheazores.pt\/de\/wp-json\/wp\/v2\/product\/24824","targetHints":{"allow":["GET"]}}],"collection":[{"href":"https:\/\/guidetotheazores.pt\/de\/wp-json\/wp\/v2\/product"}],"about":[{"href":"https:\/\/guidetotheazores.pt\/de\/wp-json\/wp\/v2\/types\/product"}],"replies":[{"embeddable":true,"href":"https:\/\/guidetotheazores.pt\/de\/wp-json\/wp\/v2\/comments?post=24824"}],"wp:featuredmedia":[{"embeddable":true,"href":"https:\/\/guidetotheazores.pt\/de\/wp-json\/wp\/v2\/media\/24764"}],"wp:attachment":[{"href":"https:\/\/guidetotheazores.pt\/de\/wp-json\/wp\/v2\/media?parent=24824"}],"wp:term":[{"taxonomy":"product_brand","embeddable":true,"href":"https:\/\/guidetotheazores.pt\/de\/wp-json\/wp\/v2\/product_brand?post=24824"},{"taxonomy":"product_cat","embeddable":true,"href":"https:\/\/guidetotheazores.pt\/de\/wp-json\/wp\/v2\/product_cat?post=24824"},{"taxonomy":"product_tag","embeddable":true,"href":"https:\/\/guidetotheazores.pt\/de\/wp-json\/wp\/v2\/product_tag?post=24824"}],"curies":[{"name":"wp","href":"https:\/\/api.w.org\/{rel}","templated":true}]}}