{"id":24956,"date":"2026-05-12T06:28:46","date_gmt":"2026-05-12T07:28:46","guid":{"rendered":"https:\/\/guidetotheazores.pt\/product\/vila-franca-do-campo-vogelbeobachtung-und-schnorcheln\/"},"modified":"2026-05-12T06:28:46","modified_gmt":"2026-05-12T07:28:46","slug":"vila-franca-do-campo-vogelbeobachtung-und-schnorcheln","status":"publish","type":"product","link":"https:\/\/guidetotheazores.pt\/de\/produkt\/vila-franca-do-campo-vogelbeobachtung-und-schnorcheln\/","title":{"rendered":"Vila Franca do Campo: Vogelbeobachtung und Schnorcheln"},"content":{"rendered":"<h2>Details zur Aktivit\u00e4t<\/h2>\n<p>Begib dich auf eine Bootstour und beobachte das Meeresleben der Azoren auf einer gef\u00fchrten Tour. Entdecke die unglaubliche Geschichte und die Aussicht auf die Insel Vila Franca do Campo. <\/p>\n<p>Was enthalten ist<\/p>\n<p>Erfahrener Kapit\u00e4n und Crew<\/p>\n<p>Boot mit einer Kapazit\u00e4t f\u00fcr 10 Personen<\/p>\n<p>Schwimmwesten<\/p>\n<p>Schnorchelausr\u00fcstung<\/p>\n<p>Versicherung<\/p>\n<p>Was nicht enthalten ist<\/p>\n<p>Ferngl\u00e4ser<\/p>\n<p>Reiseroute<\/p>\n<p>Treffpunkt: <a style=\"cursor: pointer !important; user-select: none !important;\" href=\"https:\/\/maps.app.goo.gl\/STSSgCXcrWNw5qvDA\" target=\"_blank\" rel=\"noopener\">https:\/\/maps.app.goo.gl\/STSSgCXcrWNw5qvDA<\/a><\/p>\n<p>Highlights<\/p>\n<p>Begib dich auf eine Bootstour und beobachte die Meeresbewohner und V\u00f6gel der Azoren. Entdecke Sturmtaucher, Gelbschenkelm\u00f6wen, Sturmschwalben, Krabben und vieles mehr mit Hilfe unseres sachkundigen F\u00fchrers. <\/p>\n<p>Um die Meeresbewohner nicht zu st\u00f6ren, wird unser Kapit\u00e4n von einem professionellen Team von Ausguckern in Vila Franca do Campo unterst\u00fctzt, und die gesamte Kommunikation erfolgt \u00fcber UKW-Funk.<\/p>\n<p>Am Ende der Tour kannst du die fantastischen Gew\u00e4sser der Azoren an der M\u00fcndung der Insel Vila Franca do Campo genie\u00dfen und schnorcheln gehen.<\/p>\n","protected":false},"excerpt":{"rendered":"<p>Details zur Aktivit\u00e4t Begib dich auf eine Bootstour und beobachte das Meeresleben der Azoren auf einer gef\u00fchrten Tour. Entdecke die<\/p>\n","protected":false},"featured_media":24932,"comment_status":"closed","ping_status":"closed","template":"","meta":{"_acf_changed":false},"product_brand":[19590],"product_cat":[19483,19490,19521,19546,19548],"product_tag":[19522],"class_list":{"0":"post-24956","1":"product","2":"type-product","3":"status-publish","4":"has-post-thumbnail","6":"product_brand-sao-miguel","7":"product_cat-aktivitaten","8":"product_cat-alle-inseln","9":"product_cat-sao-miguel","10":"product_cat-schnorcheln","11":"product_cat-vogelbeobachtung","12":"product_tag-saomiguelisland","14":"first","15":"instock","16":"taxable","17":"shipping-taxable","18":"product-type-external"},"acf":[],"_links":{"self":[{"href":"https:\/\/guidetotheazores.pt\/de\/wp-json\/wp\/v2\/product\/24956","targetHints":{"allow":["GET"]}}],"collection":[{"href":"https:\/\/guidetotheazores.pt\/de\/wp-json\/wp\/v2\/product"}],"about":[{"href":"https:\/\/guidetotheazores.pt\/de\/wp-json\/wp\/v2\/types\/product"}],"replies":[{"embeddable":true,"href":"https:\/\/guidetotheazores.pt\/de\/wp-json\/wp\/v2\/comments?post=24956"}],"wp:featuredmedia":[{"embeddable":true,"href":"https:\/\/guidetotheazores.pt\/de\/wp-json\/wp\/v2\/media\/24932"}],"wp:attachment":[{"href":"https:\/\/guidetotheazores.pt\/de\/wp-json\/wp\/v2\/media?parent=24956"}],"wp:term":[{"taxonomy":"product_brand","embeddable":true,"href":"https:\/\/guidetotheazores.pt\/de\/wp-json\/wp\/v2\/product_brand?post=24956"},{"taxonomy":"product_cat","embeddable":true,"href":"https:\/\/guidetotheazores.pt\/de\/wp-json\/wp\/v2\/product_cat?post=24956"},{"taxonomy":"product_tag","embeddable":true,"href":"https:\/\/guidetotheazores.pt\/de\/wp-json\/wp\/v2\/product_tag?post=24956"}],"curies":[{"name":"wp","href":"https:\/\/api.w.org\/{rel}","templated":true}]}}