{"id":25142,"date":"2026-05-13T10:21:38","date_gmt":"2026-05-13T11:21:38","guid":{"rendered":"https:\/\/guidetotheazores.pt\/product\/extremes-wasserfall-erlebnis-mit-picknick\/"},"modified":"2026-05-13T10:21:38","modified_gmt":"2026-05-13T11:21:38","slug":"extremes-wasserfall-erlebnis-mit-picknick","status":"publish","type":"product","link":"https:\/\/guidetotheazores.pt\/de\/produkt\/extremes-wasserfall-erlebnis-mit-picknick\/","title":{"rendered":"Extremes Wasserfall-Erlebnis mit Picknick"},"content":{"rendered":"<p>Details zur Aktivit\u00e4t<br \/>\nEin anspruchsvoller Weg, der zu den versteckten Wasserf\u00e4llen der Insel Flores f\u00fchrt, die vom Turismo de Portugal anerkannt sind, aber selten von Touristen besucht werden. Begleitet von einheimischen F\u00fchrern folgst du abseits der ausgetretenen Pfade und h\u00e4ltst an, um in der einzigartigen Naturlandschaft des Nordatlantiks zu baden. <\/p>\n<p>Dies ist ein Erlebnis f\u00fcr alle, die eine Herausforderung und echten Kontakt mit der Natur suchen.<br \/>\nEntlang der Route besuchen wir einige der beeindruckendsten Wasserf\u00e4lle der Insel, die nur f\u00fcr diejenigen zug\u00e4nglich sind, die das Terrain gut kennen.<\/p>\n<p>Es ist mehr als nur ein Pfad, es ist eine andere und intensive Art, die Insel Flores zu erleben.<\/p>\n<p>Nach der Wanderung gibt es ein Picknick mit regionalen Produkten und eine Ruhepause.<\/p>\n<p>Inklusive<br \/>\nLokaler, zertifizierter Guide<br \/>\nErste Sicherheitseinweisung<br \/>\nVersicherung<br \/>\nAnleitung und technische Unterst\u00fctzung w\u00e4hrend des gesamten Trails<br \/>\nSnack (Picknick)<\/p>\n<p>Was nicht inbegriffen ist<br \/>\nTransport zum Startpunkt der Aktivit\u00e4t<\/p>\n<p>Pers\u00f6nliche Ausr\u00fcstung (geeignetes Schuhwerk und Kleidung)<\/p>\n<p>Pers\u00f6nliche Ausgaben<\/p>\n<p>Reiseroute<br \/>\nReiseroute<br \/>\nWasserfall Ribeira do Cascalho<br \/>\nEntfernung: 1,1 km | Schwierigkeitsgrad: M\u00e4\u00dfig<br \/>\nGesamt-H\u00f6hengewinn: 51 m | Dauer: 2 Stunden | Schwimmen: Ja<\/p>\n<p>Ribeira Grande Wasserfall<br \/>\nEntfernung zu Fu\u00df: 3 km | Gesamth\u00f6henunterschied: 206 m<br \/>\nSchwierigkeitsgrad: Hoch | Dauer: 2h30 | Schwimmen: Nein<\/p>\n<p>Ribeira do C\u00e3o Wasserfall<br \/>\nEntfernung: 2 km | Gesamth\u00f6henunterschied: 241 m<br \/>\nSchwierigkeitsgrad: Mittel | Dauer: 1h30 | Schwimmen: Nein<\/p>\n<p>Ribeira Jos\u00e9 Fraga Wasserf\u00e4lle<br \/>\nEntfernung: 1,7 km | Gesamth\u00f6henunterschied: 98 m<br \/>\nSchwierigkeitsgrad: Hoch | Dauer: 2h30 | Schwimmen: Ja<\/p>\n<p>Highlights<br \/>\nZugang zu versteckten Wasserf\u00e4llen, die Besuchern kaum bekannt sind<\/p>\n<p>Ein anspruchsvoller Weg, ideal f\u00fcr alle, die Abenteuer und lange Wanderungen suchen<\/p>\n<p>Gelegenheit, in nat\u00fcrlichen Gew\u00e4ssern inmitten der Natur zu schwimmen<\/p>\n<p>Erfahrene lokale F\u00fchrer, die die weniger offensichtlichen Wege kennen<\/p>\n<p>Kontakt mit der wahren Wildnis der Insel Flores<\/p>\n<p>Ein exklusives Erlebnis, weit weg von den Menschenmassen und den \u00fcblichen Touristenrouten<\/p>\n","protected":false},"excerpt":{"rendered":"<p>Ein anspruchsvoller Weg, der zu den versteckten Wasserf\u00e4llen der Insel Flores f\u00fchrt, die vom Turismo de Portugal anerkannt sind, aber nur selten von Touristen besucht werden. Begleitet von einheimischen F\u00fchrern folgst du abseits der ausgetretenen Pfade und h\u00e4ltst an, um in der einzigartigen Naturlandschaft des Nordatlantiks zu baden. <\/p>\n<p><script src=\"https:\/\/fareharbor.com\/embeds\/script\/calendar\/experienceoc\/items\/277532\/?asn=fhdn-eur&amp;asn-ref=guidetotheazores&amp;ref=guidetotheazores&amp;bookable-only=yes&amp;full-items=yes&amp;marketplace=yes&amp;flow=no&amp;branding=no\"><\/script><\/p>\n<p>Dauer: 6 Stunden<\/p>\n<p>Treffpunkt: OC-Shop erleben<\/p>\n<p>Stornierungen: Stornierungen, die weniger als 72 Stunden im Voraus erfolgen: 100% des Gesamtbetrags werden berechnet.<\/p>\n<p>Alter: 16+<\/p>\n","protected":false},"featured_media":25102,"comment_status":"closed","ping_status":"closed","template":"","meta":{"_acf_changed":false},"product_brand":[19602],"product_cat":[19483,19490,19529,19503],"product_tag":[19530],"class_list":{"0":"post-25142","1":"product","2":"type-product","3":"status-publish","4":"has-post-thumbnail","6":"product_brand-flores","7":"product_cat-aktivitaten","8":"product_cat-alle-inseln","9":"product_cat-flores","10":"product_cat-gefuehrte-touren","11":"product_tag-floresisland","13":"first","14":"instock","15":"taxable","16":"shipping-taxable","17":"product-type-external"},"acf":[],"_links":{"self":[{"href":"https:\/\/guidetotheazores.pt\/de\/wp-json\/wp\/v2\/product\/25142","targetHints":{"allow":["GET"]}}],"collection":[{"href":"https:\/\/guidetotheazores.pt\/de\/wp-json\/wp\/v2\/product"}],"about":[{"href":"https:\/\/guidetotheazores.pt\/de\/wp-json\/wp\/v2\/types\/product"}],"replies":[{"embeddable":true,"href":"https:\/\/guidetotheazores.pt\/de\/wp-json\/wp\/v2\/comments?post=25142"}],"wp:featuredmedia":[{"embeddable":true,"href":"https:\/\/guidetotheazores.pt\/de\/wp-json\/wp\/v2\/media\/25102"}],"wp:attachment":[{"href":"https:\/\/guidetotheazores.pt\/de\/wp-json\/wp\/v2\/media?parent=25142"}],"wp:term":[{"taxonomy":"product_brand","embeddable":true,"href":"https:\/\/guidetotheazores.pt\/de\/wp-json\/wp\/v2\/product_brand?post=25142"},{"taxonomy":"product_cat","embeddable":true,"href":"https:\/\/guidetotheazores.pt\/de\/wp-json\/wp\/v2\/product_cat?post=25142"},{"taxonomy":"product_tag","embeddable":true,"href":"https:\/\/guidetotheazores.pt\/de\/wp-json\/wp\/v2\/product_tag?post=25142"}],"curies":[{"name":"wp","href":"https:\/\/api.w.org\/{rel}","templated":true}]}}