{"id":25154,"date":"2026-05-13T09:17:51","date_gmt":"2026-05-13T10:17:51","guid":{"rendered":"https:\/\/guidetotheazores.pt\/product\/canyoning-in-alem-inferior-level-1\/"},"modified":"2026-05-13T09:17:51","modified_gmt":"2026-05-13T10:17:51","slug":"canyoning-in-alem-inferior-level-1","status":"publish","type":"product","link":"https:\/\/guidetotheazores.pt\/de\/produkt\/canyoning-in-alem-inferior-level-1\/","title":{"rendered":"Canyoning in Al\u00e9m Inferior &#8211; Level 1"},"content":{"rendered":"<p>Details zur Aktivit\u00e4t<br \/>\nGenie\u00dfe ein intensives und einzigartiges Erlebnis im Herzen einer der atemberaubendsten Landschaften von Flores.<br \/>\nLawine<\/p>\n<p>Diese Canyoning-Route verbindet Natur, Geschichte und Abenteuer mit herausfordernden Abfahrten, rauschendem Wasser und einer Landschaft, die man nur vom Inneren der Schlucht aus sehen kann.<\/p>\n<p>W\u00e4hrend der Tour wirst du 7 Abseilstellen bew\u00e4ltigen, die l\u00e4ngste ist 16 Meter lang, immer in Begleitung eines zertifizierten Guides, der f\u00fcr Sicherheit und Anleitung sorgt.<\/p>\n<p>Mit einer durchschnittlichen Dauer von 4 Stunden ist diese Aktivit\u00e4t perfekt f\u00fcr alle, die Nervenkitzel, direkten Kontakt zur Natur und ein unvergessliches Erlebnis auf der Insel suchen.<\/p>\n<p>Inklusive<br \/>\nZertifizierter und erfahrener Reiseleiter auf der gesamten Strecke<\/p>\n<p>Komplette Canyoning-Ausr\u00fcstung (Thermoanzug, Helm, Schuhe und technische Ausr\u00fcstung)<\/p>\n<p>Aktivit\u00e4tsversicherung<\/p>\n<p>Fotos von dem Erlebnis<\/p>\n<p>Wasser und ein kleiner Snack<\/p>\n<p>Was nicht enthalten ist<br \/>\nTransport zum Treffpunkt<br \/>\nHandtuch<\/p>\n<p>Reiseplan<br \/>\nEinchecken im Experience OC Shop<\/p>\n<p>Highlights<br \/>\nErkundung einer der beeindruckendsten Landschaften auf der Insel Flores<\/p>\n<p>7 Abseilstellen entlang der Route, darunter eine von 16 Metern<\/p>\n<p>Direkter Kontakt mit der Natur und den einzigartigen Formationen im Canyon<\/p>\n<p>Ein dynamisches und sicheres Abenteuer, begleitet von einem zertifizierten Guide<\/p>\n<p>Ein 4-st\u00fcndiges Erlebnis voller Aufregung und unvergesslicher Landschaften<\/p>\n<p>Ideal f\u00fcr alle, die Herausforderung und Abenteuer im Herzen der Insel suchen<\/p>\n","protected":false},"excerpt":{"rendered":"<p>Genie\u00dfe ein intensives und einzigartiges Erlebnis im Herzen einer der atemberaubendsten Landschaften von Flores.<br \/>\nAvalanche. Diese Canyoning-Route verbindet Natur, Geschichte und Abenteuer mit herausfordernden Abfahrten, rauschendem Wasser und einer Landschaft, die man nur vom Inneren der Schlucht aus sehen kann. <\/p>\n<p><script src=\"https:\/\/fareharbor.com\/embeds\/script\/calendar\/experienceoc\/items\/202246\/?asn=fhdn-eur&amp;asn-ref=guidetotheazores&amp;ref=guidetotheazores&amp;bookable-only=yes&amp;full-items=yes&amp;marketplace=yes&amp;flow=no&amp;branding=no\"><\/script><\/p>\n<p>Dauer: 4 Stunden<\/p>\n<p>Treffpunkt: OC-Shop erleben<\/p>\n<p>Verf\u00fcgbar in: Englisch, Spanisch<\/p>\n<p>Stornierungen: Stornierungen, die weniger als 72 Stunden im Voraus erfolgen, werden mit 100% des Gesamtbetrags berechnet.<\/p>\n<p>Alter: 8+<\/p>\n","protected":false},"featured_media":25049,"comment_status":"closed","ping_status":"closed","template":"","meta":{"_acf_changed":false},"product_brand":[19602],"product_cat":[19483,19490,19556,19529],"product_tag":[19530],"class_list":{"0":"post-25154","1":"product","2":"type-product","3":"status-publish","4":"has-post-thumbnail","6":"product_brand-flores","7":"product_cat-aktivitaten","8":"product_cat-alle-inseln","9":"product_cat-canyoning","10":"product_cat-flores","11":"product_tag-floresisland","13":"first","14":"instock","15":"taxable","16":"shipping-taxable","17":"product-type-external"},"acf":[],"_links":{"self":[{"href":"https:\/\/guidetotheazores.pt\/de\/wp-json\/wp\/v2\/product\/25154","targetHints":{"allow":["GET"]}}],"collection":[{"href":"https:\/\/guidetotheazores.pt\/de\/wp-json\/wp\/v2\/product"}],"about":[{"href":"https:\/\/guidetotheazores.pt\/de\/wp-json\/wp\/v2\/types\/product"}],"replies":[{"embeddable":true,"href":"https:\/\/guidetotheazores.pt\/de\/wp-json\/wp\/v2\/comments?post=25154"}],"wp:featuredmedia":[{"embeddable":true,"href":"https:\/\/guidetotheazores.pt\/de\/wp-json\/wp\/v2\/media\/25049"}],"wp:attachment":[{"href":"https:\/\/guidetotheazores.pt\/de\/wp-json\/wp\/v2\/media?parent=25154"}],"wp:term":[{"taxonomy":"product_brand","embeddable":true,"href":"https:\/\/guidetotheazores.pt\/de\/wp-json\/wp\/v2\/product_brand?post=25154"},{"taxonomy":"product_cat","embeddable":true,"href":"https:\/\/guidetotheazores.pt\/de\/wp-json\/wp\/v2\/product_cat?post=25154"},{"taxonomy":"product_tag","embeddable":true,"href":"https:\/\/guidetotheazores.pt\/de\/wp-json\/wp\/v2\/product_tag?post=25154"}],"curies":[{"name":"wp","href":"https:\/\/api.w.org\/{rel}","templated":true}]}}