{"id":25327,"date":"2026-05-14T09:23:04","date_gmt":"2026-05-14T10:23:04","guid":{"rendered":"https:\/\/guidetotheazores.pt\/product\/sete-cidades-und-lagoa-do-fogo\/"},"modified":"2026-05-14T09:23:04","modified_gmt":"2026-05-14T10:23:04","slug":"sete-cidades-und-lagoa-do-fogo","status":"publish","type":"product","link":"https:\/\/guidetotheazores.pt\/de\/produkt\/sete-cidades-und-lagoa-do-fogo\/","title":{"rendered":"Sete Cidades und Lagoa do Fogo"},"content":{"rendered":"<div class=\"flex justify-between py-4 cursor-pointer\" data-v-c46ac7a2=\"\">\n<div class=\"heading-left\" data-v-c46ac7a2=\"\">\n<div class=\"fh-title fh-title--display-xl\" data-v-9d6554c3=\"\" data-v-c46ac7a2=\"\">\n<h1 class=\"fh-text fh-text--display-xl fh-text--medium\" data-v-3872b9c5=\"\" data-v-9d6554c3=\"\">Details zur Aktivit\u00e4t<\/h1>\n<\/div>\n<\/div>\n<div data-v-c46ac7a2=\"\">Begib dich auf eine magische Reise und erkunde mit unserem freundlichen Reiseleiter die bezaubernde Westseite der Insel S\u00e3o Miguel. Lass dich von den ber\u00fchmten Kraterseen Sete Cidades und Lagoa do Fogo, den bezaubernden Wasserf\u00e4llen, den atemberaubenden Klippen und den beeindruckenden Felsformationen entlang der K\u00fcstenlinie der Insel verzaubern.  Dein Abenteuer beginnt in Sete Cidades, einem der 7 Naturwunder Portugals, wo du einen atemberaubenden Blick auf die Zwillingsseen aus zwei einzigartigen Perspektiven genie\u00dfen kannst.<\/div>\n<\/div>\n<div class=\"content pb-4\" data-v-c46ac7a2=\"\">\n<div class=\"subsection\" data-v-a5b16f77=\"\">\n<div class=\"content-builder-markdown-view\" data-v-316d1a1e=\"\" data-v-a5b16f77=\"\">\n<p>Nach einem k\u00f6stlichen Essen bringen wir dich ins Herz der Insel S\u00e3o Miguel, wo du von der Sch\u00f6nheit der beeindruckenden Klippen an der Nordk\u00fcste beeindruckt sein wirst. Im Landesinneren entdeckst du den imposanten Wasserfall Salto do Cabrito, der von \u00fcppigem Gr\u00fcn umgeben ist. Erklimme den Gipfel des Lagoa do Fogo und genie\u00dfe einen atemberaubenden Blick auf S\u00e3o Miguels urspr\u00fcngliche und magische Kraterseen. Beende deine Reise oben auf dem Berg und bewundere das au\u00dfergew\u00f6hnliche Panorama, das einen gro\u00dfen Teil der Insel umfasst.   <\/p>\n<p>Mach dich bereit f\u00fcr ein unvergessliches Erlebnis, das die Sch\u00f6nheit von S\u00e3o Miguel zum Leben erweckt!<\/p>\n<\/div>\n<\/div>\n<div class=\"subsection\" data-v-a5b16f77=\"\">\n<div class=\"block\" data-v-a5b16f77=\"\"><span class=\"fh-text fh-text--body-lg fh-text--bold\" data-v-3872b9c5=\"\" data-v-a5b16f77=\"\">Reiseroute<\/span><\/div>\n<div class=\"content-builder-markdown-view\" data-v-316d1a1e=\"\" data-v-a5b16f77=\"\">\n<ul>\n<li>Aussichtspunkt Pico do Carv\u00e3o (Sete Cidades, Ponta Delgada)<\/li>\n<li>Aussichtspunkt Lagoa do Can\u00e1rio (Sete Cidades, Ponta Delgada)<\/li>\n<li>Aussichtspunkt Grota do Inferno (Sete Cidades, Ponta Delgada)<\/li>\n<li>Vista do Rei Aussichtspunkt (Sete Cidades, Ponta Delgada)<\/li>\n<li>Cerrado das Freiras Aussichtspunkt (Sete Cidades, Ponta Delgada)<\/li>\n<li>Aussichtspunkt Lagoa do Santiago (Sete Cidades, Ponta Delgada)<\/li>\n<li>Besuch in Sete Cidades (Zivilgemeinde)<\/li>\n<li>Aussichtspunkt Pico da Barrosa (Ribeira Grande)<\/li>\n<li>Aussichtspunkt Lagoa do Fogo (Ribeira Grande)<\/li>\n<li>Besuch des Wasserfalls Salto do Cabrito (Ribeira Grande)<\/li>\n<\/ul>\n<\/div>\n<\/div>\n<\/div>\n","protected":false},"excerpt":{"rendered":"<div class=\"flex justify-between py-4 cursor-pointer\" data-v-c46ac7a2=\"\">\n<div data-v-c46ac7a2=\"\">Begib dich auf eine magische Reise und erkunde mit unserem freundlichen Reiseleiter die bezaubernde Westseite der Insel S\u00e3o Miguel. Lass dich von den ber\u00fchmten Kraterseen Sete Cidades und Lagoa do Fogo, den bezaubernden Wasserf\u00e4llen, den atemberaubenden Klippen und den beeindruckenden Felsformationen entlang der K\u00fcstenlinie der Insel verzaubern. <\/div>\n<\/div>\n<p><script src=\"https:\/\/fareharbor.com\/embeds\/script\/calendar\/intothewildazorestours\/items\/124743\/?asn=fhdn-eur&amp;asn-ref=guidetotheazores&amp;ref=guidetotheazores&amp;bookable-only=yes&amp;full-items=yes&amp;marketplace=yes&amp;flow=no&amp;branding=no\"><\/script><\/p>\n<div class=\"flex items-start gap-4 mb-4 last:mb-0\" data-v-a5b16f77=\"\">\n<div class=\"min-w-0 flex-1\"><span class=\"fh-text fh-text--body-sm fh-text--medium\" data-v-3872b9c5=\"\">Dauer: <\/span>8 Stunden<\/div>\n<\/div>\n<div class=\"flex items-start gap-4 mb-4 last:mb-0\" data-v-a5b16f77=\"\">\n<div class=\"mt-1 shrink-0\"><\/div>\n<div class=\"min-w-0 flex-1\"><span class=\"fh-text fh-text--body-sm fh-text--medium\" data-v-3872b9c5=\"\">Treffpunkt: <\/span>Abholung im Hotel<\/div>\n<\/div>\n","protected":false},"featured_media":25214,"comment_status":"closed","ping_status":"closed","template":"","meta":{"_acf_changed":false},"product_brand":[19590],"product_cat":[19483,19490,19503,19521],"product_tag":[19522],"class_list":{"0":"post-25327","1":"product","2":"type-product","3":"status-publish","4":"has-post-thumbnail","6":"product_brand-sao-miguel","7":"product_cat-aktivitaten","8":"product_cat-alle-inseln","9":"product_cat-gefuehrte-touren","10":"product_cat-sao-miguel","11":"product_tag-saomiguelisland","13":"first","14":"instock","15":"taxable","16":"shipping-taxable","17":"product-type-external"},"acf":[],"_links":{"self":[{"href":"https:\/\/guidetotheazores.pt\/de\/wp-json\/wp\/v2\/product\/25327","targetHints":{"allow":["GET"]}}],"collection":[{"href":"https:\/\/guidetotheazores.pt\/de\/wp-json\/wp\/v2\/product"}],"about":[{"href":"https:\/\/guidetotheazores.pt\/de\/wp-json\/wp\/v2\/types\/product"}],"replies":[{"embeddable":true,"href":"https:\/\/guidetotheazores.pt\/de\/wp-json\/wp\/v2\/comments?post=25327"}],"wp:featuredmedia":[{"embeddable":true,"href":"https:\/\/guidetotheazores.pt\/de\/wp-json\/wp\/v2\/media\/25214"}],"wp:attachment":[{"href":"https:\/\/guidetotheazores.pt\/de\/wp-json\/wp\/v2\/media?parent=25327"}],"wp:term":[{"taxonomy":"product_brand","embeddable":true,"href":"https:\/\/guidetotheazores.pt\/de\/wp-json\/wp\/v2\/product_brand?post=25327"},{"taxonomy":"product_cat","embeddable":true,"href":"https:\/\/guidetotheazores.pt\/de\/wp-json\/wp\/v2\/product_cat?post=25327"},{"taxonomy":"product_tag","embeddable":true,"href":"https:\/\/guidetotheazores.pt\/de\/wp-json\/wp\/v2\/product_tag?post=25327"}],"curies":[{"name":"wp","href":"https:\/\/api.w.org\/{rel}","templated":true}]}}