{"id":25339,"date":"2026-05-14T12:39:39","date_gmt":"2026-05-14T13:39:39","guid":{"rendered":"https:\/\/guidetotheazores.pt\/product\/sete-cidades-lagoa-do-fogo-ganztaegig-private-tour\/"},"modified":"2026-05-14T12:39:39","modified_gmt":"2026-05-14T13:39:39","slug":"sete-cidades-lagoa-do-fogo-ganztaegig-private-tour","status":"publish","type":"product","link":"https:\/\/guidetotheazores.pt\/de\/produkt\/sete-cidades-lagoa-do-fogo-ganztaegig-private-tour\/","title":{"rendered":"Sete Cidades &amp; Lagoa do Fogo ganzt\u00e4gig &#8211; Private Tour"},"content":{"rendered":"<h2>\u00dcber<\/h2>\n<p>Bei diesem Besuch siehst du die Westseite, das atemberaubende Sete Cidades und die Vista do Rei-Perspektive, die dir den Anblick des unwiderstehlichen blauen und gr\u00fcnen Sees neben der verf\u00fchrerischen Zivilgemeinde von Sete Cidades, den Blick auf den Berg Lagoa do Fogo und zum Abschluss das magische Thermalwasserbad f\u00fcr einen unvergesslichen Tag im Paradies bietet.<\/p>\n<p>Genie\u00dfe ein 8-st\u00fcndiges Abenteuer, indem du durch Sete Cidades und Lagoa do Fogo f\u00e4hrst. Starte von deiner Unterkunft aus und erkunde dann eines der sieben Wunder Portugals. Wir beginnen mit einer Fahrt in den n\u00f6rdlichen Teil der Insel, vorbei an den Aussichtspunkten Pico do Carv\u00e3o, Lagoa do Can\u00e1rio, Grota do Inferno und Vista do Rei, wo du einen der sch\u00f6nsten Ausblicke auf die beiden Seen von Sete Cidades genie\u00dfen kannst, und besuchen die Gemeinde im Zentrum.  <\/p>\n<p>Nach dem Mittagessen fahren wir zum Aussichtspunkt am Pico da Barrosa (dem zweith\u00f6chsten Punkt der Insel). Auf unserem Weg den Berg hinunter halten wir an einigen Aussichtspunkten, bis wir die Caldeira Velha (alte hei\u00dfe Quelle) erreichen, wo du ein Thermalbad nehmen kannst. Danach besuchen wir die Fabrik Mulher do Capote, wo du die M\u00f6glichkeit hast, unsere Lik\u00f6re zu probieren.  <\/p>\n<p>Unser Abenteuer geht weiter mit dem Strand von Santa B\u00e1rbara in Ribeira Grande, und zum Schluss besuchen wir die Ananasplantage in Faj\u00e3 de Baixo in Ponta Delgada.<\/p>\n<p><strong>Ausgew\u00e4hlte Haltepunkte:<\/strong><\/p>\n<ul>\n<li>Besichtigung der Ananasplantage (Faj\u00e3 de Baixo, Ponta Delgada)<\/li>\n<li>Aussichtspunkt Carv\u00e3o (Sete Cidades, Ponta Delgada)<\/li>\n<li>Aussichtspunkt Lagoa do Can\u00e1rio (Sete Cidades, Ponta Delgada)<\/li>\n<li>Aussichtspunkt Grota do Inferno (Sete Cidades, Ponta Delgada)<\/li>\n<li>Aussichtspunkt Vista do Rei (Sete Cidades, Ponta Delgada)<\/li>\n<li>Aussichtspunkt Cerrado das Freiras (Sete Cidades, Ponta Delgada)<\/li>\n<li>Aussichtspunkt Lagoa do Santiago (Sete Cidades, Ponta Delgada)<\/li>\n<li>Besuch der Lagoa das Sete Cidades (Zentrum)<\/li>\n<li>Aussichtspunkt Pico da Barrosa (Ribeira Grande)<\/li>\n<li>Aussichtspunkt Lagoa do Fogo (Ribeira Grande)<\/li>\n<li>Caldeira Velha HOT Springs Thermalbad (optional) (Ribeira Grande)<\/li>\n<li>Besuch des Fabriklik\u00f6rs Mulher do Capote (Ribeira Grande)<\/li>\n<li>Besuche den Strand Santa B\u00e1rbara (Ribeira Grande)<\/li>\n<\/ul>\n<p><strong>KOSTENLOS ABHOLEN<\/strong><\/p>\n<p>9:00 Uhr Abholung am Hotel mit der M\u00f6glichkeit, fr\u00fch aufzubrechen, um den Sonnenaufgang zu genie\u00dfen. 7:00 Uhr. <\/p>\n<p>DROP OFF<br \/>\n17:00 Ankunft im Hotel \/ Gleiche Uhrzeit wie Abreise<\/p>\n","protected":false},"excerpt":{"rendered":"<p>Bei diesem Besuch siehst du die Westseite, das atemberaubende Sete Cidades und die Vista do Rei-Perspektive, die dir den Anblick des unwiderstehlichen blauen und gr\u00fcnen Sees neben der verf\u00fchrerischen Zivilgemeinde Sete Cidades, den Blick auf den Berg Lagoa do Fogo und zum Schluss das magische Thermalwasserbad f\u00fcr einen unvergesslichen Tag im Paradies bietet.<\/p>\n<p><script src=\"https:\/\/fareharbor.com\/embeds\/script\/calendar\/intothewildazorestours\/items\/124750\/?asn=fhdn-eur&amp;asn-ref=guidetotheazores&amp;ref=guidetotheazores&amp;bookable-only=yes&amp;full-items=yes&amp;marketplace=yes&amp;flow=no&amp;branding=no\"><\/script><\/p>\n<p>Gruppe: maximal 8 Personen<\/p>\n<p>Dauer: ganzt\u00e4gig 8 Stunden<\/p>\n","protected":false},"featured_media":25268,"comment_status":"closed","ping_status":"closed","template":"","meta":{"_acf_changed":false},"product_brand":[19590],"product_cat":[19483,19490,19503,19521],"product_tag":[19522],"class_list":{"0":"post-25339","1":"product","2":"type-product","3":"status-publish","4":"has-post-thumbnail","6":"product_brand-sao-miguel","7":"product_cat-aktivitaten","8":"product_cat-alle-inseln","9":"product_cat-gefuehrte-touren","10":"product_cat-sao-miguel","11":"product_tag-saomiguelisland","13":"first","14":"instock","15":"taxable","16":"shipping-taxable","17":"product-type-external"},"acf":[],"_links":{"self":[{"href":"https:\/\/guidetotheazores.pt\/de\/wp-json\/wp\/v2\/product\/25339","targetHints":{"allow":["GET"]}}],"collection":[{"href":"https:\/\/guidetotheazores.pt\/de\/wp-json\/wp\/v2\/product"}],"about":[{"href":"https:\/\/guidetotheazores.pt\/de\/wp-json\/wp\/v2\/types\/product"}],"replies":[{"embeddable":true,"href":"https:\/\/guidetotheazores.pt\/de\/wp-json\/wp\/v2\/comments?post=25339"}],"wp:featuredmedia":[{"embeddable":true,"href":"https:\/\/guidetotheazores.pt\/de\/wp-json\/wp\/v2\/media\/25268"}],"wp:attachment":[{"href":"https:\/\/guidetotheazores.pt\/de\/wp-json\/wp\/v2\/media?parent=25339"}],"wp:term":[{"taxonomy":"product_brand","embeddable":true,"href":"https:\/\/guidetotheazores.pt\/de\/wp-json\/wp\/v2\/product_brand?post=25339"},{"taxonomy":"product_cat","embeddable":true,"href":"https:\/\/guidetotheazores.pt\/de\/wp-json\/wp\/v2\/product_cat?post=25339"},{"taxonomy":"product_tag","embeddable":true,"href":"https:\/\/guidetotheazores.pt\/de\/wp-json\/wp\/v2\/product_tag?post=25339"}],"curies":[{"name":"wp","href":"https:\/\/api.w.org\/{rel}","templated":true}]}}