{"id":25343,"date":"2026-05-14T12:47:22","date_gmt":"2026-05-14T13:47:22","guid":{"rendered":"https:\/\/guidetotheazores.pt\/product\/furnas-night-experience\/"},"modified":"2026-05-14T12:47:22","modified_gmt":"2026-05-14T13:47:22","slug":"furnas-night-experience","status":"publish","type":"product","link":"https:\/\/guidetotheazores.pt\/de\/produkt\/furnas-night-experience\/","title":{"rendered":"Furnas Night Experience"},"content":{"rendered":"<div class=\"subsection\" data-v-a5b16f77=\"\">\n<div class=\"content-builder-markdown-view\" data-v-316d1a1e=\"\" data-v-a5b16f77=\"\">\n<h2><em>Furnas Night Experience mit Thermalbad und Abendessen inklusive<\/em><\/h2>\n<p>Erlebe und bade deinen K\u00f6rper in den geothermalen hei\u00dfen Quellen des Furnas-Tals bei einem romantischen Abenteuer unter dem Sternenhimmel. Genie\u00dfe in der Region Furnas auch ein exklusives, leckeres und gesundes Rezept, das unter der Erde mit Wasserdampf aus den Geysiren des Furnas-Vulkans zubereitet wird. <\/p>\n<p><strong>Ausgew\u00e4hlte Haltepunkte:<\/strong><\/p>\n<ul>\n<li>Besuche die Caldeiras das Furnas (Furnas, Vila da Povoa\u00e7\u00e3o)<\/li>\n<li>Besuche die Lagoa das Furnas (Furnas, Vila da Povoa\u00e7\u00e3o)<\/li>\n<li>Bade und kuriere deinen Geist in den hei\u00dfen Quellen von Po\u00e7a da Dona Beija (im Paket enthalten) (Furnas, Vila da Povoa\u00e7\u00e3o)<\/li>\n<li>Iss den ber\u00fchmten Cozido von Furnas (im Paket enthalten) (Furnas, Vila da Povoa\u00e7\u00e3o)<\/li>\n<\/ul>\n<p><strong>KOSTENLOS ABHOLEN<\/strong><\/p>\n<p>18:00 Uhr Abholung am Hotel oder einem anderen Wohnhaus in Ponta Delgada<\/p>\n<p>DROP OFF<br \/>\n11:30 PM \/ 12:00 AM Ankunft im Hotel \/ Wie bei der Abreise<\/p>\n<\/div>\n<\/div>\n<div class=\"subsection\" data-v-a5b16f77=\"\">\n<div class=\"block\" data-v-a5b16f77=\"\"><span class=\"fh-text fh-text--body-lg fh-text--bold\" data-v-3872b9c5=\"\" data-v-a5b16f77=\"\">Was enthalten ist<\/span><\/div>\n<div class=\"content-builder-markdown-view\" data-v-316d1a1e=\"\" data-v-a5b16f77=\"\">\n<ul>\n<li>Lokaler F\u00fchrer\/Fahrer<\/li>\n<li>Abendessen, alkoholische Getr\u00e4nke, Nachspeise und Kaffee oder Tee.<\/li>\n<li>Eintrittskarte f\u00fcr das Thermalbad (Po\u00e7a da Beija) inklusive<\/li>\n<li>Gef\u00fchrte Naturwanderung (angepasst an die F\u00e4higkeiten der G\u00e4ste im Van)<\/li>\n<li>Abholung und R\u00fcckgabe innerhalb der Stadt Ponta Delgada<\/li>\n<li>Versicherung<\/li>\n<li>Klimatisiertes Fahrzeug<\/li>\n<\/ul>\n<\/div>\n<\/div>\n<div class=\"subsection\" data-v-a5b16f77=\"\">\n<div class=\"block\" data-v-a5b16f77=\"\"><span class=\"fh-text fh-text--body-lg fh-text--bold\" data-v-3872b9c5=\"\" data-v-a5b16f77=\"\">Was nicht enthalten ist<\/span><\/div>\n<div class=\"content-builder-markdown-view\" data-v-316d1a1e=\"\" data-v-a5b16f77=\"\">\n<ul>\n<li>Miete von Schlie\u00dff\u00e4chern\/Hei\u00dfe Duschen (optional, aber verf\u00fcgbar)<\/li>\n<li>Handt\u00fccher\/Schwimmanzug<\/li>\n<\/ul>\n<\/div>\n<\/div>\n","protected":false},"excerpt":{"rendered":"<p>Erlebe und bade deinen K\u00f6rper nachts in den geothermalen hei\u00dfen Quellen des Furnas-Tals, bei einer Art zauberhaftem romantischem Gro\u00dfabenteuer unter den Sternen.<\/p>\n<p><script src=\"https:\/\/fareharbor.com\/embeds\/script\/calendar\/intothewildazorestours\/items\/124749\/?asn=fhdn-eur&amp;asn-ref=guidetotheazores&amp;ref=guidetotheazores&amp;bookable-only=yes&amp;full-items=yes&amp;marketplace=yes&amp;flow=no&amp;branding=no\"><\/script><\/p>\n<div class=\"flex items-start gap-4 mb-4 last:mb-0\" data-v-a5b16f77=\"\">\n<div class=\"min-w-0 flex-1\"><span class=\"fh-text fh-text--body-sm fh-text--medium\" data-v-3872b9c5=\"\">Dauer: <\/span>6 h \/ 6h 30<\/div>\n<\/div>\n<div class=\"flex items-start gap-4 mb-4 last:mb-0\" data-v-a5b16f77=\"\">\n<div class=\"mt-1 shrink-0\"><\/div>\n<div class=\"min-w-0 flex-1\"><span class=\"fh-text fh-text--body-sm fh-text--medium\" data-v-3872b9c5=\"\">Treffpunkt: <\/span>Abholung am Hotel oder einem anderen Wohnobjekt in Ponta Delgada<\/div>\n<\/div>\n","protected":false},"featured_media":25284,"comment_status":"closed","ping_status":"closed","template":"","meta":{"_acf_changed":false},"product_brand":[19590],"product_cat":[19483,19490,19503,19521],"product_tag":[19522],"class_list":{"0":"post-25343","1":"product","2":"type-product","3":"status-publish","4":"has-post-thumbnail","6":"product_brand-sao-miguel","7":"product_cat-aktivitaten","8":"product_cat-alle-inseln","9":"product_cat-gefuehrte-touren","10":"product_cat-sao-miguel","11":"product_tag-saomiguelisland","13":"first","14":"instock","15":"taxable","16":"shipping-taxable","17":"product-type-external"},"acf":[],"_links":{"self":[{"href":"https:\/\/guidetotheazores.pt\/de\/wp-json\/wp\/v2\/product\/25343","targetHints":{"allow":["GET"]}}],"collection":[{"href":"https:\/\/guidetotheazores.pt\/de\/wp-json\/wp\/v2\/product"}],"about":[{"href":"https:\/\/guidetotheazores.pt\/de\/wp-json\/wp\/v2\/types\/product"}],"replies":[{"embeddable":true,"href":"https:\/\/guidetotheazores.pt\/de\/wp-json\/wp\/v2\/comments?post=25343"}],"wp:featuredmedia":[{"embeddable":true,"href":"https:\/\/guidetotheazores.pt\/de\/wp-json\/wp\/v2\/media\/25284"}],"wp:attachment":[{"href":"https:\/\/guidetotheazores.pt\/de\/wp-json\/wp\/v2\/media?parent=25343"}],"wp:term":[{"taxonomy":"product_brand","embeddable":true,"href":"https:\/\/guidetotheazores.pt\/de\/wp-json\/wp\/v2\/product_brand?post=25343"},{"taxonomy":"product_cat","embeddable":true,"href":"https:\/\/guidetotheazores.pt\/de\/wp-json\/wp\/v2\/product_cat?post=25343"},{"taxonomy":"product_tag","embeddable":true,"href":"https:\/\/guidetotheazores.pt\/de\/wp-json\/wp\/v2\/product_tag?post=25343"}],"curies":[{"name":"wp","href":"https:\/\/api.w.org\/{rel}","templated":true}]}}