{"id":21681,"date":"2020-11-20T20:06:14","date_gmt":"2020-11-20T21:06:14","guid":{"rendered":"https:\/\/guidetotheazores.pt\/politique-de-confidentialite\/"},"modified":"2026-05-05T08:13:34","modified_gmt":"2026-05-05T09:13:34","slug":"politique-de-confidentialite","status":"publish","type":"page","link":"https:\/\/guidetotheazores.pt\/fr\/politique-de-confidentialite\/","title":{"rendered":"Politique de confidentialit\u00e9"},"content":{"rendered":"&#13;\n<h2 class=\"wp-block-heading\">Qui sommes-nous ?<\/h2>&#13;\n&#13;\n<p>L&rsquo;adresse de notre site Internet est : https:\/\/guidetotheazores.pt.<\/p>&#13;\n&#13;\n<h2 class=\"wp-block-heading\">Quelles sont les donn\u00e9es personnelles que nous recueillons et pourquoi nous les recueillons ?<\/h2>&#13;\n&#13;\n<h3 class=\"wp-block-heading\">Commentaires<\/h3>&#13;\n&#13;\n<p>Lorsque les visiteurs laissent des commentaires sur le site, nous recueillons les donn\u00e9es indiqu\u00e9es dans le formulaire de commentaires, ainsi que l&rsquo;adresse IP du visiteur et la cha\u00eene de l&rsquo;agent utilisateur du navigateur pour aider \u00e0 la d\u00e9tection des spams.<\/p>&#13;\n&#13;\n<p>Une cha\u00eene anonymis\u00e9e cr\u00e9\u00e9e \u00e0 partir de ton adresse \u00e9lectronique (\u00e9galement appel\u00e9e hachage) peut \u00eatre fournie au service Gravatar pour savoir si tu l&rsquo;utilises. La politique de confidentialit\u00e9 du service Gravatar est disponible ici : https:\/\/automattic.com\/privacy\/. Apr\u00e8s approbation de ton commentaire, ta photo de profil est visible par le public dans le contexte de ton commentaire. <\/p>&#13;\n&#13;\n<h3 class=\"wp-block-heading\">Les m\u00e9dias<\/h3>&#13;\n&#13;\n<p>Si tu t\u00e9l\u00e9charges des images sur le site Web, tu dois \u00e9viter de t\u00e9l\u00e9charger des images contenant des donn\u00e9es de localisation int\u00e9gr\u00e9es (EXIF GPS). Les visiteurs du site Web peuvent t\u00e9l\u00e9charger et extraire toutes les donn\u00e9es de localisation des images sur le site Web. <\/p>&#13;\n&#13;\n<h3 class=\"wp-block-heading\">Formulaires de contact<\/h3>&#13;\n&#13;\n<h3 class=\"wp-block-heading\">Cookies<\/h3>&#13;\n&#13;\n<p>Si tu laisses un commentaire sur notre site, tu peux choisir d&rsquo;enregistrer ton nom, ton adresse \u00e9lectronique et ton site Web dans des cookies. Ceux-ci sont destin\u00e9s \u00e0 te faciliter la t\u00e2che, afin que tu n&rsquo;aies pas \u00e0 remplir \u00e0 nouveau tes coordonn\u00e9es lorsque tu laisses un autre commentaire. Ces cookies ont une dur\u00e9e de vie d&rsquo;un an.  <\/p>&#13;\n&#13;\n<p>Si tu visites notre page de connexion, nous installerons un cookie temporaire pour d\u00e9terminer si ton navigateur accepte les cookies. Ce cookie ne contient aucune donn\u00e9e personnelle et est supprim\u00e9 lorsque tu fermes ton navigateur. <\/p>&#13;\n&#13;\n<p>Lorsque tu te connectes, nous installons \u00e9galement plusieurs cookies pour sauvegarder tes informations de connexion et tes choix d&rsquo;affichage \u00e0 l&rsquo;\u00e9cran. Les cookies de connexion durent deux jours, et les cookies d&rsquo;options d&rsquo;\u00e9cran durent un an. Si tu s\u00e9lectionnes \u00ab\u00a0Se souvenir de moi\u00a0\u00bb, ta connexion persistera pendant deux semaines. Si tu te d\u00e9connectes de ton compte, les cookies de connexion seront supprim\u00e9s.   <\/p>&#13;\n&#13;\n<p>Si tu modifies ou publies un article, un cookie suppl\u00e9mentaire sera enregistr\u00e9 dans ton navigateur. Ce cookie n&rsquo;inclut aucune donn\u00e9e personnelle et indique simplement l&rsquo;identifiant de poste de l&rsquo;article que tu viens de modifier. Il expire au bout d&rsquo;un jour.  <\/p>&#13;\n&#13;\n<h3 class=\"wp-block-heading\">Contenu int\u00e9gr\u00e9 d&rsquo;autres sites Web<\/h3>&#13;\n&#13;\n<p>Les articles de ce site peuvent inclure du contenu int\u00e9gr\u00e9 (par exemple des vid\u00e9os, des images, des articles, etc.) Les contenus int\u00e9gr\u00e9s provenant d&rsquo;autres sites Internet se comportent exactement de la m\u00eame mani\u00e8re que si le visiteur s&rsquo;\u00e9tait rendu sur l&rsquo;autre site Internet. <\/p>&#13;\n&#13;\n<p>Ces sites Web peuvent collecter des donn\u00e9es sur toi, utiliser des cookies, int\u00e9grer un suivi tiers suppl\u00e9mentaire et surveiller ton interaction avec ce contenu int\u00e9gr\u00e9, y compris le suivi de ton interaction avec le contenu int\u00e9gr\u00e9 si tu as un compte et que tu es connect\u00e9 \u00e0 ce site Web.<\/p>&#13;\n&#13;\n<h3 class=\"wp-block-heading\">Analyse<\/h3>&#13;\n&#13;\n<h2 class=\"wp-block-heading\">Avec qui partageons-nous tes donn\u00e9es ?<\/h2>&#13;\n&#13;\n<h2 class=\"wp-block-heading\">Pendant combien de temps nous conservons tes donn\u00e9es<\/h2>&#13;\n&#13;\n<p>Si tu laisses un commentaire, le commentaire et ses m\u00e9tadonn\u00e9es sont conserv\u00e9s ind\u00e9finiment. Cela nous permet de reconna\u00eetre et d&rsquo;approuver automatiquement les commentaires de suivi au lieu de les conserver dans une file d&rsquo;attente de mod\u00e9ration. <\/p>&#13;\n&#13;\n<p>Pour les utilisateurs qui s&rsquo;inscrivent sur notre site Web (le cas \u00e9ch\u00e9ant), nous stockons \u00e9galement les informations personnelles qu&rsquo;ils fournissent dans leur profil d&rsquo;utilisateur. Tous les utilisateurs peuvent voir, modifier ou supprimer leurs informations personnelles \u00e0 tout moment (sauf qu&rsquo;ils ne peuvent pas changer leur nom d&rsquo;utilisateur). Les administrateurs du site Web peuvent \u00e9galement voir et modifier ces informations.  <\/p>&#13;\n&#13;\n<h2 class=\"wp-block-heading\">Quels sont les droits que tu as sur tes donn\u00e9es ?<\/h2>&#13;\n&#13;\n<p>Si tu as un compte sur ce site, ou si tu as laiss\u00e9 des commentaires, tu peux demander \u00e0 recevoir un fichier export\u00e9 des donn\u00e9es personnelles que nous d\u00e9tenons \u00e0 ton sujet, y compris toutes les donn\u00e9es que tu nous as fournies. Tu peux \u00e9galement demander \u00e0 ce que nous effacions toutes les donn\u00e9es personnelles que nous d\u00e9tenons \u00e0 ton sujet. Cela n&rsquo;inclut pas les donn\u00e9es que nous sommes oblig\u00e9s de conserver \u00e0 des fins administratives, juridiques ou de s\u00e9curit\u00e9.  <\/p>&#13;\n&#13;\n<h2 class=\"wp-block-heading\">O\u00f9 nous envoyons tes donn\u00e9es<\/h2>&#13;\n&#13;\n<p>Les commentaires des visiteurs peuvent \u00eatre v\u00e9rifi\u00e9s par un service automatis\u00e9 de d\u00e9tection des spams.<\/p>&#13;\n&#13;\n<h2 class=\"wp-block-heading\">Tes coordonn\u00e9es<\/h2>&#13;\n&#13;\n<h2 class=\"wp-block-heading\">Informations compl\u00e9mentaires<\/h2>&#13;\n&#13;\n<h3 class=\"wp-block-heading\">Comment nous prot\u00e9geons tes donn\u00e9es<\/h3>&#13;\n&#13;\n<h3 class=\"wp-block-heading\">Quelles sont les proc\u00e9dures de violation des donn\u00e9es que nous avons mises en place ?<\/h3>&#13;\n&#13;\n<h3 class=\"wp-block-heading\">Quels sont les tiers dont nous recevons les donn\u00e9es ?<\/h3>&#13;\n&#13;\n<h3 class=\"wp-block-heading\">Quelle prise de d\u00e9cision automatis\u00e9e et\/ou quel profilage nous faisons avec les donn\u00e9es des utilisateurs.<\/h3>&#13;\n&#13;\n<h3 class=\"wp-block-heading\">Exigences de divulgation de la r\u00e9glementation de l&rsquo;industrie<\/h3>&#13;\n","protected":false},"excerpt":{"rendered":"<p>&#13; Qui sommes-nous ? &#13; &#13; L&rsquo;adresse de notre site Internet est : https:\/\/guidetotheazores.pt. &#13; &#13; Quelles sont les donn\u00e9es<\/p>\n","protected":false},"author":1,"featured_media":0,"parent":0,"menu_order":0,"comment_status":"closed","ping_status":"open","template":"","meta":{"_acf_changed":false,"footnotes":""},"categories":[],"tags":[],"class_list":["post-21681","page","type-page","status-publish","hentry"],"acf":[],"_links":{"self":[{"href":"https:\/\/guidetotheazores.pt\/fr\/wp-json\/wp\/v2\/pages\/21681","targetHints":{"allow":["GET"]}}],"collection":[{"href":"https:\/\/guidetotheazores.pt\/fr\/wp-json\/wp\/v2\/pages"}],"about":[{"href":"https:\/\/guidetotheazores.pt\/fr\/wp-json\/wp\/v2\/types\/page"}],"author":[{"embeddable":true,"href":"https:\/\/guidetotheazores.pt\/fr\/wp-json\/wp\/v2\/users\/1"}],"replies":[{"embeddable":true,"href":"https:\/\/guidetotheazores.pt\/fr\/wp-json\/wp\/v2\/comments?post=21681"}],"version-history":[{"count":3,"href":"https:\/\/guidetotheazores.pt\/fr\/wp-json\/wp\/v2\/pages\/21681\/revisions"}],"predecessor-version":[{"id":21706,"href":"https:\/\/guidetotheazores.pt\/fr\/wp-json\/wp\/v2\/pages\/21681\/revisions\/21706"}],"wp:attachment":[{"href":"https:\/\/guidetotheazores.pt\/fr\/wp-json\/wp\/v2\/media?parent=21681"}],"wp:term":[{"taxonomy":"category","embeddable":true,"href":"https:\/\/guidetotheazores.pt\/fr\/wp-json\/wp\/v2\/categories?post=21681"},{"taxonomy":"post_tag","embeddable":true,"href":"https:\/\/guidetotheazores.pt\/fr\/wp-json\/wp\/v2\/tags?post=21681"}],"curies":[{"name":"wp","href":"https:\/\/api.w.org\/{rel}","templated":true}]}}