{"id":21775,"date":"2021-05-29T04:54:02","date_gmt":"2021-05-29T05:54:02","guid":{"rendered":"https:\/\/guidetotheazores.pt\/a-propos-de-nous\/"},"modified":"2026-05-05T08:14:26","modified_gmt":"2026-05-05T09:14:26","slug":"a-propos-de-nous","status":"publish","type":"page","link":"https:\/\/guidetotheazores.pt\/fr\/a-propos-de-nous\/","title":{"rendered":"\u00c0 propos de nous"},"content":{"rendered":"\t\t<div data-elementor-type=\"wp-page\" data-elementor-id=\"21775\" class=\"elementor elementor-21775 elementor-5233\" data-elementor-post-type=\"page\">\n\t\t\t\t\t\t<section class=\"wd-negative-gap elementor-section elementor-top-section elementor-element elementor-element-85347ea elementor-section-boxed elementor-section-height-default elementor-section-height-default\" data-id=\"85347ea\" data-element_type=\"section\" data-e-type=\"section\">\n\t\t\t\t\t\t<div class=\"elementor-container elementor-column-gap-default\">\n\t\t\t\t\t<div class=\"elementor-column elementor-col-50 elementor-top-column elementor-element elementor-element-c049de2\" data-id=\"c049de2\" data-element_type=\"column\" data-e-type=\"column\">\n\t\t\t<div class=\"elementor-widget-wrap elementor-element-populated\">\n\t\t\t\t\t\t<div class=\"elementor-element elementor-element-3efad71 elementor-widget elementor-widget-image\" data-id=\"3efad71\" data-element_type=\"widget\" data-e-type=\"widget\" data-widget_type=\"image.default\">\n\t\t\t\t<div class=\"elementor-widget-container\">\n\t\t\t\t\t\t\t\t\t\t\t\t\t\t\t<img decoding=\"async\" width=\"640\" height=\"240\" src=\"https:\/\/guidetotheazores.pt\/wp-content\/themes\/woodmart\/images\/lazy.svg\" data-src=\"https:\/\/guidetotheazores.pt\/wp-content\/uploads\/2022\/02\/GttA-Banner-for-Emails-1.jpg\" class=\" wd-lazy-fade attachment-large size-large wp-image-7756\" alt=\"Guide to the Azores Banner\" srcset=\"\" data-srcset=\"https:\/\/guidetotheazores.pt\/wp-content\/uploads\/2022\/02\/GttA-Banner-for-Emails-1.jpg 640w, https:\/\/guidetotheazores.pt\/wp-content\/uploads\/2022\/02\/GttA-Banner-for-Emails-1-300x113.jpg 300w, https:\/\/guidetotheazores.pt\/wp-content\/uploads\/2022\/02\/GttA-Banner-for-Emails-1-561x210.jpg 561w, https:\/\/guidetotheazores.pt\/wp-content\/uploads\/2022\/02\/GttA-Banner-for-Emails-1-265x99.jpg 265w, https:\/\/guidetotheazores.pt\/wp-content\/uploads\/2022\/02\/GttA-Banner-for-Emails-1-531x199.jpg 531w, https:\/\/guidetotheazores.pt\/wp-content\/uploads\/2022\/02\/GttA-Banner-for-Emails-1-364x137.jpg 364w, https:\/\/guidetotheazores.pt\/wp-content\/uploads\/2022\/02\/GttA-Banner-for-Emails-1-608x228.jpg 608w, https:\/\/guidetotheazores.pt\/wp-content\/uploads\/2022\/02\/GttA-Banner-for-Emails-1-313x117.jpg 313w, https:\/\/guidetotheazores.pt\/wp-content\/uploads\/2022\/02\/GttA-Banner-for-Emails-1-600x225.jpg 600w, https:\/\/guidetotheazores.pt\/wp-content\/uploads\/2022\/02\/GttA-Banner-for-Emails-1-150x56.jpg 150w\" sizes=\"(max-width: 640px) 100vw, 640px\" \/>\t\t\t\t\t\t\t\t\t\t\t\t\t\t\t<\/div>\n\t\t\t\t<\/div>\n\t\t\t\t\t<\/div>\n\t\t<\/div>\n\t\t\t\t<div class=\"elementor-column elementor-col-50 elementor-top-column elementor-element elementor-element-2033f7d\" data-id=\"2033f7d\" data-element_type=\"column\" data-e-type=\"column\">\n\t\t\t<div class=\"elementor-widget-wrap elementor-element-populated\">\n\t\t\t\t\t\t<div class=\"elementor-element elementor-element-ddc073b elementor-widget elementor-widget-heading\" data-id=\"ddc073b\" data-element_type=\"widget\" data-e-type=\"widget\" data-widget_type=\"heading.default\">\n\t\t\t\t<div class=\"elementor-widget-container\">\n\t\t\t\t\t<h2 class=\"elementor-heading-title elementor-size-default\">Guide to Azores t'invite \u00e0 <br>rejoindre un nouveau projet en ligne innovant et passionnant <br>.<\/h2>\t\t\t\t<\/div>\n\t\t\t\t<\/div>\n\t\t\t\t\t<\/div>\n\t\t<\/div>\n\t\t\t\t\t<\/div>\n\t\t<\/section>\n\t\t\t\t<section class=\"wd-negative-gap elementor-section elementor-top-section elementor-element elementor-element-e9e5806 elementor-section-boxed elementor-section-height-default elementor-section-height-default\" data-id=\"e9e5806\" data-element_type=\"section\" data-e-type=\"section\">\n\t\t\t\t\t\t<div class=\"elementor-container elementor-column-gap-default\">\n\t\t\t\t\t<div class=\"elementor-column elementor-col-100 elementor-top-column elementor-element elementor-element-8a99958\" data-id=\"8a99958\" data-element_type=\"column\" data-e-type=\"column\">\n\t\t\t<div class=\"elementor-widget-wrap elementor-element-populated\">\n\t\t\t\t\t\t<div class=\"elementor-element elementor-element-fda3132 elementor-widget-divider--view-line elementor-widget elementor-widget-divider\" data-id=\"fda3132\" data-element_type=\"widget\" data-e-type=\"widget\" data-widget_type=\"divider.default\">\n\t\t\t\t<div class=\"elementor-widget-container\">\n\t\t\t\t\t\t\t<div class=\"elementor-divider\">\n\t\t\t<span class=\"elementor-divider-separator\">\n\t\t\t\t\t\t<\/span>\n\t\t<\/div>\n\t\t\t\t\t\t<\/div>\n\t\t\t\t<\/div>\n\t\t\t\t\t<\/div>\n\t\t<\/div>\n\t\t\t\t\t<\/div>\n\t\t<\/section>\n\t\t\t\t<section class=\"wd-negative-gap elementor-section elementor-top-section elementor-element elementor-element-f777ac6 elementor-section-boxed elementor-section-height-default elementor-section-height-default\" data-id=\"f777ac6\" data-element_type=\"section\" data-e-type=\"section\">\n\t\t\t\t\t\t<div class=\"elementor-container elementor-column-gap-default\">\n\t\t\t\t\t<div class=\"elementor-column elementor-col-100 elementor-top-column elementor-element elementor-element-41fd06b\" data-id=\"41fd06b\" data-element_type=\"column\" data-e-type=\"column\">\n\t\t\t<div class=\"elementor-widget-wrap elementor-element-populated\">\n\t\t\t\t\t\t<div class=\"elementor-element elementor-element-4f405ff elementor-widget elementor-widget-heading\" data-id=\"4f405ff\" data-element_type=\"widget\" data-e-type=\"widget\" data-widget_type=\"heading.default\">\n\t\t\t\t<div class=\"elementor-widget-container\">\n\t\t\t\t\t<h2 class=\"elementor-heading-title elementor-size-default\">Deviens un pionnier dans le premier march\u00e9 en ligne de tourisme 100% local <br>et d'h\u00e9bergement.<\/h2>\t\t\t\t<\/div>\n\t\t\t\t<\/div>\n\t\t\t\t\t<\/div>\n\t\t<\/div>\n\t\t\t\t\t<\/div>\n\t\t<\/section>\n\t\t\t\t<section class=\"wd-negative-gap elementor-section elementor-top-section elementor-element elementor-element-4c7ea2a2 elementor-section-boxed elementor-section-height-default elementor-section-height-default\" data-id=\"4c7ea2a2\" data-element_type=\"section\" data-e-type=\"section\">\n\t\t\t\t\t\t<div class=\"elementor-container elementor-column-gap-default\">\n\t\t\t\t\t<div class=\"elementor-column elementor-col-100 elementor-top-column elementor-element elementor-element-70cc74e6\" data-id=\"70cc74e6\" data-element_type=\"column\" data-e-type=\"column\">\n\t\t\t<div class=\"elementor-widget-wrap elementor-element-populated\">\n\t\t\t\t\t\t<div class=\"elementor-element elementor-element-8ccb7f1 color-scheme-inherit text-left elementor-widget elementor-widget-text-editor\" data-id=\"8ccb7f1\" data-element_type=\"widget\" data-e-type=\"widget\" data-widget_type=\"text-editor.default\">\n\t\t\t\t<div class=\"elementor-widget-container\">\n\t\t\t\t\t\t\t\t\t<h3><b>La croissance du secteur touristique doit b\u00e9n\u00e9ficier en premier lieu aux entreprises locales et \u00e0 la population locale<\/b><\/h3><p>Les A\u00e7ores sont en train de devenir rapidement un \u00e9norme lieu de vacances. Ces derni\u00e8res ann\u00e9es, le nombre de touristes et de passionn\u00e9s de nature qui visitent l&rsquo;\u00eele ne cesse de cro\u00eetre, au rythme de 11 % d&rsquo;une ann\u00e9e sur l&rsquo;autre, et de 54,8 % au cours des 5 derni\u00e8res ann\u00e9es (source SREA).   <\/p><p>La croissance du tourisme aux A\u00e7ores ces derni\u00e8res ann\u00e9es a ouvert de nombreuses opportunit\u00e9s de d\u00e9veloppement pour les \u00eeles. Au-del\u00e0 de la richesse g\u00e9n\u00e9r\u00e9e, qui a un poids croissant dans le PIB a\u00e7orien, le tourisme durable peut \u00e9galement stimuler le d\u00e9veloppement humain, l&rsquo;\u00e9ducation et la formation professionnelle, les infrastructures et les transports. Tr\u00e8s important, le d\u00e9veloppement du secteur du tourisme durable peut \u00e9galement cr\u00e9er une plus grande conscience environnementale au sein des autorit\u00e9s locales et de la population locale. Apr\u00e8s tout, notre nature unique et intacte est le produit que recherchent nos clients. Mais pour que ces perspectives de d\u00e9veloppement positif se concr\u00e9tisent, il faut que les recettes profitent \u00e0 l&rsquo;\u00e9conomie locale.      <\/p><p>Cette croissance, qui devrait s&rsquo;accentuer, attirera n\u00e9cessairement de grandes entreprises ext\u00e9rieures, avec d&rsquo;importants budgets de marketing qui laisseront tr\u00e8s peu de place aux entreprises locales. De plus, les grands portails touristiques mondiaux pratiquent des tarifs et des commissions \u00e9lev\u00e9s, ce qui fait qu&rsquo;une part importante de l&rsquo;argent d\u00e9pens\u00e9 par le touriste va \u00e0 l&rsquo;ext\u00e9rieur des A\u00e7ores, au lieu de profiter \u00e0 l&rsquo;\u00e9conomie locale.   <\/p><p>C&rsquo;est la grande question : qui b\u00e9n\u00e9ficiera de cette croissance du tourisme ? Nous sommes convaincus que Guide to the Azores peut faire la diff\u00e9rence.   <\/p><h3><b>Un march\u00e9 du tourisme durable pour les entreprises locales  <\/b><\/h3><p><b>Les petites entreprises ont peu de temps et d&rsquo;argent \u00e0 consacrer au marketing, alors que les grands voyagistes ont beaucoup de temps et d&rsquo;argent.<\/b>  C&rsquo;est un fait que les clients potentiels comptent sur Internet pour trouver et choisir o\u00f9 dormir, quoi faire et comment se d\u00e9placer, une fois qu&rsquo;ils ont choisi un endroit pour passer leurs vacances.  <strong>Les chances que ton entreprise soit choisie d\u00e9pendent de sa pr\u00e9sence dans les cinq premi\u00e8res places sur les moteurs de recherche comme Google.<\/strong>  Si ce n&rsquo;est pas le cas, les chances d&rsquo;\u00eatre choisi sont proches de z\u00e9ro. Pour appara\u00eetre sur les grands sites en ligne, comme les grandes soci\u00e9t\u00e9s de r\u00e9servation bien connues, tu devras payer de lourdes commissions en \u00e9change de ta visibilit\u00e9.   <\/p><p><strong>Notre proposition est d&rsquo;avoir un site web dans lequel toutes les petites entreprises locales peuvent montrer leurs listes, directement,<\/strong> comme les h\u00e9bergements, les visites, les activit\u00e9s, les services et m\u00eame les forfaits pr\u00e9par\u00e9s. <strong>Chaque partenaire aura sa propre boutique en ligne et tous seront promus par une campagne de marketing persistante et de grande envergure<\/strong> \u00e0 travers les moteurs de recherche, les r\u00e9seaux sociaux et la publicit\u00e9 en ligne payante. Nous grandirons ensemble ! <\/p><p>Plus qu&rsquo;un \u00e9ni\u00e8me site d&rsquo;information sur le tourisme azorien, <strong>Guide to the Azores est une v\u00e9ritable boutique en ligne qui t&rsquo;offre la possibilit\u00e9 de vendre ton produit directement au client, d&rsquo;augmenter ta visibilit\u00e9 en ligne et de g\u00e9n\u00e9rer plus d&rsquo;affaires. <\/strong> <\/p><h3><b>Commissions r\u00e9duites<\/b><\/h3><p>Guide to the Azores pr\u00e9l\u00e8ve des <strong>commissions peu \u00e9lev\u00e9es<\/strong>: 12%. Nous<span style=\"font-size: 16px; color: #646464; text-align: start; -webkit-text-stroke-color: #646464; background-color: var(--wd-main-bgcolor);\">nous engageons \u00e0 les maintenir nettement inf\u00e9rieures \u00e0 celles des autres acteurs comme Booking, AirBNB, Viator, Getyouguide etc.<\/span> <\/p><p><b>Il n&rsquo;y a pas de frais cach\u00e9s, ni de frais mensuels, rien.  <\/b><\/p><p>Ainsi, <b>\u00e0 risque z\u00e9ro et \u00e0 moindre co\u00fbt, tu peux obtenir un meilleur acc\u00e8s aux clients que tu recherches<\/b> dans un site web moderne, dynamique, bien pr\u00e9sent\u00e9 et g\u00e9r\u00e9 par des professionnels, ce qui multiplie la port\u00e9e de tes produits.  <\/p><h3><b>Comment cela fonctionne-t-il ?  <\/b><\/h3><p><b>Chaque partenaire re\u00e7oit sa propre boutique en ligne pour y placer ses produits, ses h\u00e9bergements, ses activit\u00e9s, ses services et ses offres.<\/b>  Tous les produits seront catalogu\u00e9s et consultables.  <\/p><p><strong style=\"font-size: 18px; background-color: var(--wd-main-bgcolor);\">Tu recevras une assistance technique directe et personnelle pour mettre en place ta boutique.<\/strong><span style=\"font-size: 18px; background-color: var(--wd-main-bgcolor);\">cr\u00e9er des offres, t\u00e9l\u00e9charger du contenu, obtenir des rapports p\u00e9riodiques sur les ventes et la visibilit\u00e9. <\/span> <\/p><p><strong style=\"font-size: 18px; background-color: var(--wd-main-bgcolor);\">Les paiements des clients seront trait\u00e9s par la plateforme GttA en utilisant des canaux 100% s\u00e9curis\u00e9s comme Stripe et Paypal, prenant en charge toutes les cartes principales, y compris \u00e9videmment Visa et Mastercard.<\/strong> <span style=\"color: #646464; font-family: 'Exo 2'; font-size: 16px; font-style: normal; font-variant-ligatures: normal; font-variant-caps: normal; font-weight: 400; text-align: start; -webkit-text-stroke-color: #646464; background-color: var(--wd-main-bgcolor); font-kerning: none;\">\u00c0 la fin de chaque mois, tu recevras par virement bancaire le montant total moins les commissions pour GTTA (et les frais de cartes, s&rsquo;il y en a) des services\/h\u00e9bergements r\u00e9alis\u00e9s. OCEANETWORK <\/span><span style=\"color: #646464; font-size: 16px; font-style: normal; font-variant: normal; font-weight: normal; text-align: start; -webkit-text-stroke-color: #646464; background-color: var(--wd-main-bgcolor); font-optical-sizing: auto; font-feature-settings: normal; font-variation-settings: normal; font-stretch: normal; line-height: normal; font-family: Helvetica; font-kerning: none;\">\u00e9mettra ensuite \u00e0  <\/span><span style=\"color: #646464; font-family: 'Exo 2'; font-size: 16px; font-style: normal; font-variant-ligatures: normal; font-variant-caps: normal; font-weight: 400; text-align: start; -webkit-text-stroke-color: #646464; background-color: var(--wd-main-bgcolor); font-kerning: none;\">PARTNER une facture avec les commissions GTTA convenues (et les frais de carte s&rsquo;il y en a) en utilisant un logiciel de facturation portugais autoris\u00e9. Le montant des paiements en attente est indiqu\u00e9 dans la section \u00ab\u00a0Retrait\u00a0\u00bb de PARTNER STORE \u00e0 l&rsquo;int\u00e9rieur de l&rsquo;espace r\u00e9serv\u00e9 de GTTA.   <\/span><\/p><p><strong>Nous grandissons ensemble<\/strong>: La plus grande visibilit\u00e9, les ventes et les clients satisfaits que tu obtiendras gr\u00e2ce \u00e0 ta boutique profiteront \u00e0 l&rsquo;ensemble du site et \u00e0 tous les partenaires.  <\/p><p><strong>GTTA appartient \u00e0 OceaNetwork LDA, une soci\u00e9t\u00e9 d\u00e9tenue \u00e0 100 % par des r\u00e9sidents qui ont choisi les A\u00e7ores (Faial) comme nouveau lieu de r\u00e9sidence.<\/strong>  Les recettes seront r\u00e9investies exclusivement dans des projets locaux<\/p><p><a style=\"background-color: initial;\" href=\"https:\/\/guidetotheazores.pt\/fr\/nous-contacter\/\" target=\"_blank\" rel=\"noopener\">Contacte-nous<\/a> et aide-nous \u00e0 construire un march\u00e9 du tourisme durable fructueux, \u00e9quitable et bas\u00e9 aux A\u00e7ores, ou.. :<\/p>\t\t\t\t\t\t\t\t<\/div>\n\t\t\t\t<\/div>\n\t\t\t\t\t<\/div>\n\t\t<\/div>\n\t\t\t\t\t<\/div>\n\t\t<\/section>\n\t\t\t\t<section class=\"wd-negative-gap elementor-section elementor-top-section elementor-element elementor-element-23a759b elementor-section-boxed elementor-section-height-default elementor-section-height-default\" data-id=\"23a759b\" data-element_type=\"section\" data-e-type=\"section\">\n\t\t\t\t\t\t<div class=\"elementor-container elementor-column-gap-default\">\n\t\t\t\t\t<div class=\"elementor-column elementor-col-100 elementor-top-column elementor-element elementor-element-c77f26a\" data-id=\"c77f26a\" data-element_type=\"column\" data-e-type=\"column\">\n\t\t\t<div class=\"elementor-widget-wrap elementor-element-populated\">\n\t\t\t\t\t\t<div class=\"elementor-element elementor-element-ec1a935 elementor-widget elementor-widget-heading\" data-id=\"ec1a935\" data-element_type=\"widget\" data-e-type=\"widget\" data-widget_type=\"heading.default\">\n\t\t\t\t<div class=\"elementor-widget-container\">\n\t\t\t\t\t<h2 class=\"elementor-heading-title elementor-size-default\"><a href=\"https:\/\/guidetotheazores.pt\/my-account\/?action=register\">Rejoins-nous maintenant ! Inscris-toi en tant que partenaire et aide-nous <br>\u00e0 construire un march\u00e9 du tourisme durable r\u00e9ussi ! <\/a><\/h2>\t\t\t\t<\/div>\n\t\t\t\t<\/div>\n\t\t\t\t\t<\/div>\n\t\t<\/div>\n\t\t\t\t\t<\/div>\n\t\t<\/section>\n\t\t\t\t<\/div>\n\t\t","protected":false},"excerpt":{"rendered":"<p>Guide to Azores t&rsquo;invite \u00e0 rejoindre un nouveau projet en ligne innovant et passionnant . Deviens un pionnier dans le<\/p>\n","protected":false},"author":1,"featured_media":0,"parent":0,"menu_order":0,"comment_status":"closed","ping_status":"closed","template":"","meta":{"_acf_changed":false,"footnotes":""},"categories":[],"tags":[],"class_list":["post-21775","page","type-page","status-publish","hentry"],"acf":[],"_links":{"self":[{"href":"https:\/\/guidetotheazores.pt\/fr\/wp-json\/wp\/v2\/pages\/21775","targetHints":{"allow":["GET"]}}],"collection":[{"href":"https:\/\/guidetotheazores.pt\/fr\/wp-json\/wp\/v2\/pages"}],"about":[{"href":"https:\/\/guidetotheazores.pt\/fr\/wp-json\/wp\/v2\/types\/page"}],"author":[{"embeddable":true,"href":"https:\/\/guidetotheazores.pt\/fr\/wp-json\/wp\/v2\/users\/1"}],"replies":[{"embeddable":true,"href":"https:\/\/guidetotheazores.pt\/fr\/wp-json\/wp\/v2\/comments?post=21775"}],"version-history":[{"count":1,"href":"https:\/\/guidetotheazores.pt\/fr\/wp-json\/wp\/v2\/pages\/21775\/revisions"}],"predecessor-version":[{"id":21781,"href":"https:\/\/guidetotheazores.pt\/fr\/wp-json\/wp\/v2\/pages\/21775\/revisions\/21781"}],"wp:attachment":[{"href":"https:\/\/guidetotheazores.pt\/fr\/wp-json\/wp\/v2\/media?parent=21775"}],"wp:term":[{"taxonomy":"category","embeddable":true,"href":"https:\/\/guidetotheazores.pt\/fr\/wp-json\/wp\/v2\/categories?post=21775"},{"taxonomy":"post_tag","embeddable":true,"href":"https:\/\/guidetotheazores.pt\/fr\/wp-json\/wp\/v2\/tags?post=21775"}],"curies":[{"name":"wp","href":"https:\/\/api.w.org\/{rel}","templated":true}]}}