{"id":22241,"date":"2024-01-31T07:48:27","date_gmt":"2024-01-31T08:48:27","guid":{"rendered":"https:\/\/guidetotheazores.pt\/product\/princess-alice-bank-plongee-avec-les-mantas\/"},"modified":"2024-01-31T07:48:27","modified_gmt":"2024-01-31T08:48:27","slug":"princess-alice-bank-plongee-avec-les-mantas","status":"publish","type":"product","link":"https:\/\/guidetotheazores.pt\/fr\/produit\/princess-alice-bank-plongee-avec-les-mantas\/","title":{"rendered":"Princess Alice Bank (plong\u00e9e avec les mantas)"},"content":{"rendered":"<p>La plong\u00e9e avec les mantas (Mobula tarapacana) est class\u00e9e comme l&rsquo;une des meilleures plong\u00e9es des A\u00e7ores. Elle est situ\u00e9e sur un banc sous-marin appel\u00e9 \u00ab\u00a0Princesa Alice\u00a0\u00bb, \u00e0 environ 45 milles nautiques au sud de l&rsquo;\u00eele de Faial, \u00e0 une profondeur de 35 m\u00e8tres. Au cours de cette exp\u00e9rience, tu auras la chance de plonger au c\u0153ur de l&rsquo;oc\u00e9an avec ces animaux majestueux. Occasionnellement, tu auras aussi la chance de voir des thons (Katsuwonus pelamis), des barracudas (Sphyraena viridensis) et des lys (Seriola rivoliana).   <\/p>\n<p>Ces sorties ont lieu de juillet \u00e0 septembre, g\u00e9n\u00e9ralement de 7h30 \u00e0 19h00. Il faut compter 3 heures \u00e0 l&rsquo;aller, apr\u00e8s l&rsquo;arriv\u00e9e nous faisons la premi\u00e8re plong\u00e9e, nous retournons au bateau pour une pause d&rsquo;une heure pendant laquelle nous prenons une l\u00e9g\u00e8re collation, puis nous faisons la deuxi\u00e8me plong\u00e9e. <\/p>\n<p>De plus, c&rsquo;est une excellente occasion pour ceux qui n&rsquo;ont pas de certificat de plong\u00e9e, car ils peuvent faire de la plong\u00e9e en apn\u00e9e lorsque les mantas et autres p\u00e9lagiques se rapprochent de la surface.<\/p>\n<p>Si tu veux faire cette plong\u00e9e, nous te conseillons d&rsquo;avoir plusieurs jours disponibles, car cette activit\u00e9 n&rsquo;est confirm\u00e9e qu&rsquo;un ou deux jours \u00e0 l&rsquo;avance, car nous sommes toujours tributaires des conditions m\u00e9t\u00e9orologiques et du nombre minimum de clients requis.<\/p>\n<p><strong>Notre objectif est de promouvoir la s\u00e9curit\u00e9 et la durabilit\u00e9 de cette activit\u00e9, c&rsquo;est pourquoi tu devras suivre certaines r\u00e8gles et un code de conduite concernant la plong\u00e9e avec les mantas aux A\u00e7ores :<\/strong><\/p>\n<p><strong>1 &#8211; V\u00e9rifie la validit\u00e9 de ton certificat de plong\u00e9e, l&rsquo;examen m\u00e9dical et le nombre de plong\u00e9es que tu as effectu\u00e9es.<\/strong><\/p>\n<p><strong>2 &#8211; Tu dois effectuer une \u00ab\u00a0plong\u00e9e de contr\u00f4le\u00a0\u00bb avant de plonger avec les requins. Il s&rsquo;agit d&rsquo;une plong\u00e9e c\u00f4ti\u00e8re normale dont le but est de v\u00e9rifier l&rsquo;exp\u00e9rience et le confort du plongeur dans l&rsquo;eau. <\/strong><\/p>\n<p><strong>  3 &#8211; Suis toutes les instructions du ma\u00eetre de plong\u00e9e pendant l&rsquo;activit\u00e9.<\/strong><\/p>\n","protected":false},"excerpt":{"rendered":"<p>La plong\u00e9e avec les mantas (Mobula tarapacana) est class\u00e9e comme l&rsquo;une des meilleures plong\u00e9es des A\u00e7ores. Elle est situ\u00e9e sur un banc sous-marin appel\u00e9 \u00ab\u00a0Princesa Alice\u00a0\u00bb, \u00e0 environ 45 milles nautiques au sud de l&rsquo;\u00eele de Faial, \u00e0 une profondeur de 35 m\u00e8tres. Au cours de cette exp\u00e9rience, tu auras la chance de plonger au c\u0153ur de l&rsquo;oc\u00e9an avec ces animaux majestueux. Occasionnellement, tu auras aussi la chance de voir des thons (Katsuwonus pelamis), des barracudas (Sphyraena viridensis) et des lys (Seriola rivoliana).   <\/p>\n<p><em>* Le voyage est partag\u00e9 avec d&rsquo;autres participants et n\u00e9cessite un minimum de 6 personnes.<\/em><\/p>\n","protected":false},"featured_media":22242,"comment_status":"open","ping_status":"closed","template":"","meta":{"_acf_changed":false},"product_brand":[],"product_cat":[19484,19487,19485,19486],"product_tag":[19488],"class_list":{"0":"post-22241","1":"product","2":"type-product","3":"status-publish","4":"has-post-thumbnail","6":"product_cat-activites","7":"product_cat-faial","8":"product_cat-plongee","9":"product_cat-toutes-les-iles","10":"product_tag-faialisland","12":"first","13":"instock","14":"virtual","15":"sold-individually","16":"taxable","17":"purchasable","18":"product-type-phive_booking"},"acf":[],"_links":{"self":[{"href":"https:\/\/guidetotheazores.pt\/fr\/wp-json\/wp\/v2\/product\/22241","targetHints":{"allow":["GET"]}}],"collection":[{"href":"https:\/\/guidetotheazores.pt\/fr\/wp-json\/wp\/v2\/product"}],"about":[{"href":"https:\/\/guidetotheazores.pt\/fr\/wp-json\/wp\/v2\/types\/product"}],"replies":[{"embeddable":true,"href":"https:\/\/guidetotheazores.pt\/fr\/wp-json\/wp\/v2\/comments?post=22241"}],"wp:featuredmedia":[{"embeddable":true,"href":"https:\/\/guidetotheazores.pt\/fr\/wp-json\/wp\/v2\/media\/22242"}],"wp:attachment":[{"href":"https:\/\/guidetotheazores.pt\/fr\/wp-json\/wp\/v2\/media?parent=22241"}],"wp:term":[{"taxonomy":"product_brand","embeddable":true,"href":"https:\/\/guidetotheazores.pt\/fr\/wp-json\/wp\/v2\/product_brand?post=22241"},{"taxonomy":"product_cat","embeddable":true,"href":"https:\/\/guidetotheazores.pt\/fr\/wp-json\/wp\/v2\/product_cat?post=22241"},{"taxonomy":"product_tag","embeddable":true,"href":"https:\/\/guidetotheazores.pt\/fr\/wp-json\/wp\/v2\/product_tag?post=22241"}],"curies":[{"name":"wp","href":"https:\/\/api.w.org\/{rel}","templated":true}]}}