{"id":22249,"date":"2024-01-31T07:14:46","date_gmt":"2024-01-31T08:14:46","guid":{"rendered":"https:\/\/guidetotheazores.pt\/product\/plonger-avec-les-requins\/"},"modified":"2024-01-31T07:14:46","modified_gmt":"2024-01-31T08:14:46","slug":"plonger-avec-les-requins","status":"publish","type":"product","link":"https:\/\/guidetotheazores.pt\/fr\/produit\/plonger-avec-les-requins\/","title":{"rendered":"Plonger avec les requins"},"content":{"rendered":"<p>Rejoins-nous pour cette excursion des plus passionnantes ! Ces excursions ont lieu de juillet \u00e0 septembre, et nous nous rendons sur le site de plong\u00e9e dans des bateaux semi-rigides, c&rsquo;est donc une excursion d&rsquo;une demi-journ\u00e9e. Lors de cette excursion, tu auras l&rsquo;occasion de voir l&rsquo;un des poissons les plus rapides de l&rsquo;oc\u00e9an, le requin bleu (Prionace glauca). C&rsquo;est une exp\u00e9rience unique, o\u00f9 tu as la chance d&rsquo;\u00eatre dans le monde de cet incroyable pr\u00e9dateur.   <\/p>\n<p>Cette plong\u00e9e n&rsquo;est pas consid\u00e9r\u00e9e comme une plong\u00e9e profonde. Les plongeurs resteront entre la surface et 10 m\u00e8tres de profondeur, l\u00e0 o\u00f9 est plac\u00e9e la bo\u00eete \u00e0 app\u00e2ts. Le bateau d\u00e9rive et les plongeurs et les plongeurs avec tuba restent pr\u00e8s du bateau. Il y aura un c\u00e2ble de s\u00e9curit\u00e9 attach\u00e9 au bateau en cas de fort courant et pour les plongeurs moins exp\u00e9riment\u00e9s.   <\/p>\n<p>Si tu veux faire cette plong\u00e9e, nous te conseillons d&rsquo;avoir plusieurs jours disponibles, car cette activit\u00e9 n&rsquo;est confirm\u00e9e qu&rsquo;un ou deux jours \u00e0 l&rsquo;avance, car nous sommes toujours tributaires des conditions m\u00e9t\u00e9orologiques et du nombre minimum de clients requis.<\/p>\n<p>Notre objectif est de promouvoir la s\u00e9curit\u00e9 et la durabilit\u00e9 de cette activit\u00e9, c&rsquo;est pourquoi tu dois suivre quelques r\u00e8gles et un code de conduite lorsque tu plonges avec des requins aux A\u00e7ores :<\/p>\n<p>1.- V\u00e9rifier la validit\u00e9 de ton certificat de plong\u00e9e, l&rsquo;examen m\u00e9dical et le nombre de plong\u00e9es enregistr\u00e9es.<\/p>\n<p>2 &#8211; Cette activit\u00e9 n\u00e9cessite une \u00ab\u00a0plong\u00e9e de contr\u00f4le\u00a0\u00bb avant de plonger avec les requins. Il s&rsquo;agit d&rsquo;une plong\u00e9e c\u00f4ti\u00e8re normale dont le but est de v\u00e9rifier l&rsquo;exp\u00e9rience et le confort du plongeur dans l&rsquo;eau. <\/p>\n<p>Remplir un document sur l&rsquo;hypoth\u00e8se de risque est n\u00e9cessaire.<\/p>\n","protected":false},"excerpt":{"rendered":"<p>Rejoins-nous pour cette excursion des plus passionnantes ! Ces excursions ont lieu de juillet \u00e0 septembre, et nous nous rendons sur le site de plong\u00e9e dans des bateaux semi-rigides, c&rsquo;est donc une excursion d&rsquo;une demi-journ\u00e9e. Lors de cette excursion, tu auras l&rsquo;occasion de voir l&rsquo;un des poissons les plus rapides de l&rsquo;oc\u00e9an, le requin bleu (Prionace glauca). C&rsquo;est une exp\u00e9rience unique, o\u00f9 tu as la chance d&rsquo;\u00eatre dans le monde de cet incroyable pr\u00e9dateur.   <\/p>\n<p><em>* Le voyage est partag\u00e9 avec d&rsquo;autres participants et n\u00e9cessite un minimum de 4 personnes.<\/em><\/p>\n","protected":false},"featured_media":22251,"comment_status":"open","ping_status":"closed","template":"","meta":{"_acf_changed":false},"product_brand":[],"product_cat":[19484,19487,19485,19486],"product_tag":[19488],"class_list":{"0":"post-22249","1":"product","2":"type-product","3":"status-publish","4":"has-post-thumbnail","6":"product_cat-activites","7":"product_cat-faial","8":"product_cat-plongee","9":"product_cat-toutes-les-iles","10":"product_tag-faialisland","12":"first","13":"instock","14":"virtual","15":"sold-individually","16":"taxable","17":"purchasable","18":"product-type-phive_booking"},"acf":[],"_links":{"self":[{"href":"https:\/\/guidetotheazores.pt\/fr\/wp-json\/wp\/v2\/product\/22249","targetHints":{"allow":["GET"]}}],"collection":[{"href":"https:\/\/guidetotheazores.pt\/fr\/wp-json\/wp\/v2\/product"}],"about":[{"href":"https:\/\/guidetotheazores.pt\/fr\/wp-json\/wp\/v2\/types\/product"}],"replies":[{"embeddable":true,"href":"https:\/\/guidetotheazores.pt\/fr\/wp-json\/wp\/v2\/comments?post=22249"}],"wp:featuredmedia":[{"embeddable":true,"href":"https:\/\/guidetotheazores.pt\/fr\/wp-json\/wp\/v2\/media\/22251"}],"wp:attachment":[{"href":"https:\/\/guidetotheazores.pt\/fr\/wp-json\/wp\/v2\/media?parent=22249"}],"wp:term":[{"taxonomy":"product_brand","embeddable":true,"href":"https:\/\/guidetotheazores.pt\/fr\/wp-json\/wp\/v2\/product_brand?post=22249"},{"taxonomy":"product_cat","embeddable":true,"href":"https:\/\/guidetotheazores.pt\/fr\/wp-json\/wp\/v2\/product_cat?post=22249"},{"taxonomy":"product_tag","embeddable":true,"href":"https:\/\/guidetotheazores.pt\/fr\/wp-json\/wp\/v2\/product_tag?post=22249"}],"curies":[{"name":"wp","href":"https:\/\/api.w.org\/{rel}","templated":true}]}}