{"id":22250,"date":"2024-01-31T15:43:28","date_gmt":"2024-01-31T16:43:28","guid":{"rendered":"https:\/\/guidetotheazores.pt\/product\/excursion-unique-en-bateau-au-volcan-capelinhos\/"},"modified":"2024-01-31T15:43:28","modified_gmt":"2024-01-31T16:43:28","slug":"excursion-unique-en-bateau-au-volcan-capelinhos","status":"publish","type":"product","link":"https:\/\/guidetotheazores.pt\/fr\/produit\/excursion-unique-en-bateau-au-volcan-capelinhos\/","title":{"rendered":"Excursion unique en bateau au volcan Capelinhos"},"content":{"rendered":"<p><span style=\"color: #000000;font-family: 'Helvetica Neue', Helvetica, Roboto, Arial, sans-serif;font-size: medium\">Nous sommes la seule entreprise de l&rsquo;\u00eele de Faial \u00e0 proposer des excursions en bateau originales, appel\u00e9es \u00ab\u00a0Capelinhos Ocean Tours\u00a0\u00bb. En tant que partenaire du Parc Naturel des A\u00e7ores et de Geoparque A\u00e7ores, nous voulons partager avec toi la beaut\u00e9 unique de notre \u00eele et le monument naturel qu&rsquo;est le volcan Capelinhos. <\/span><br style=\"color: #000000;font-family: 'Helvetica Neue', Helvetica, Roboto, Arial, sans-serif\"><span style=\"color: #000000;font-family: 'Helvetica Neue', Helvetica, Roboto, Arial, sans-serif;font-size: medium\">Pendant la croisi\u00e8re, tu pourras appr\u00e9cier l&rsquo;\u00eele depuis l&rsquo;oc\u00e9an Atlantique, avec un peu de chance rencontrer les animaux marins et, surtout, voir \u00e0 quel point le volcan Capelinhos est beau et impressionnant. Le volcan a un aspect \u00e9tonnant et totalement diff\u00e9rent du c\u00f4t\u00e9 de l&rsquo;oc\u00e9an. <\/span><\/p>\n<p><br style=\"color: #000000;font-family: 'Helvetica Neue', Helvetica, Roboto, Arial, sans-serif\"><span style=\"color: #000000;font-family: 'Helvetica Neue', Helvetica, Roboto, Arial, sans-serif;font-size: medium\">Nous proposons des croisi\u00e8res \u00e0 la journ\u00e9e [par temps convenable] dans l&rsquo;apr\u00e8s-midi.<\/span><br style=\"color: #000000;font-family: 'Helvetica Neue', Helvetica, Roboto, Arial, sans-serif\"><span style=\"color: #000000;font-family: 'Helvetica Neue', Helvetica, Roboto, Arial, sans-serif;font-size: medium\">La croisi\u00e8re dure 2,5-3 heures depuis le port de plaisance de Horta [en fonction de l&rsquo;\u00e9tat de l&rsquo;oc\u00e9an] + 0,5-1h de briefing avant l&rsquo;excursion.<\/span><\/p>\n<p>Dur\u00e9e totale de l&rsquo;activit\u00e9 : 3-4 heures<br style=\"color: #000000;font-family: 'Helvetica Neue', Helvetica, Roboto, Arial, sans-serif\"><span style=\"color: #000000;font-family: 'Helvetica Neue', Helvetica, Roboto, Arial, sans-serif;font-size: medium\">Nombre maximum de passagers : 12<\/span><br style=\"color: #000000;font-family: 'Helvetica Neue', Helvetica, Roboto, Arial, sans-serif\"><span style=\"color: #000000;font-family: 'Helvetica Neue', Helvetica, Roboto, Arial, sans-serif;font-size: medium\">Nombre minimum de passagers : 6<\/span><\/p>\n<p>&nbsp;<\/p>\n<p><span style=\"color: #000000;font-family: 'Helvetica Neue', Helvetica, Roboto, Arial, sans-serif;font-size: medium\">Dans l&rsquo;oc\u00e9an Atlantique, le temps peut \u00eatre changeant et impr\u00e9visible. Nous te sugg\u00e9rons donc de ne pas reporter la d\u00e9cision de faire une excursion en bateau aux derniers jours de ton s\u00e9jour aux A\u00e7ores, car elle pourrait ne pas avoir lieu en raison de conditions m\u00e9t\u00e9orologiques d\u00e9favorables. <\/span><\/p>\n","protected":false},"excerpt":{"rendered":"<p>Nous sommes la seule entreprise de l&rsquo;\u00eele de Faial \u00e0 proposer des excursions en bateau originales, appel\u00e9es \u00ab\u00a0Capelinhos Ocean Tours\u00a0\u00bb. En tant que partenaire du Parc Naturel des A\u00e7ores et de Geoparque A\u00e7ores, nous voulons partager avec toi la beaut\u00e9 unique de notre \u00eele et le monument naturel qu&rsquo;est le volcan Capelinhos.<br \/>\nL&rsquo;excursion est partag\u00e9e avec d&rsquo;autres participants et n\u00e9cessite un minimum de 6 personnes. <\/p>\n<p>Le d\u00e9part se fait entre 15h en septembre, 16h en juillet et ao\u00fbt, dans le nouveau b\u00e2timent, UNIT B-4. [en bas], pr\u00e8s du ponton \u00ab\u00a0F\u00a0\u00bb<\/p>\n","protected":false},"featured_media":22254,"comment_status":"open","ping_status":"closed","template":"","meta":{"_acf_changed":false},"product_brand":[],"product_cat":[19484],"product_tag":[],"class_list":{"0":"post-22250","1":"product","2":"type-product","3":"status-publish","4":"has-post-thumbnail","6":"product_cat-activites","8":"first","9":"instock","10":"virtual","11":"sold-individually","12":"taxable","13":"purchasable","14":"product-type-phive_booking"},"acf":[],"_links":{"self":[{"href":"https:\/\/guidetotheazores.pt\/fr\/wp-json\/wp\/v2\/product\/22250","targetHints":{"allow":["GET"]}}],"collection":[{"href":"https:\/\/guidetotheazores.pt\/fr\/wp-json\/wp\/v2\/product"}],"about":[{"href":"https:\/\/guidetotheazores.pt\/fr\/wp-json\/wp\/v2\/types\/product"}],"replies":[{"embeddable":true,"href":"https:\/\/guidetotheazores.pt\/fr\/wp-json\/wp\/v2\/comments?post=22250"}],"wp:featuredmedia":[{"embeddable":true,"href":"https:\/\/guidetotheazores.pt\/fr\/wp-json\/wp\/v2\/media\/22254"}],"wp:attachment":[{"href":"https:\/\/guidetotheazores.pt\/fr\/wp-json\/wp\/v2\/media?parent=22250"}],"wp:term":[{"taxonomy":"product_brand","embeddable":true,"href":"https:\/\/guidetotheazores.pt\/fr\/wp-json\/wp\/v2\/product_brand?post=22250"},{"taxonomy":"product_cat","embeddable":true,"href":"https:\/\/guidetotheazores.pt\/fr\/wp-json\/wp\/v2\/product_cat?post=22250"},{"taxonomy":"product_tag","embeddable":true,"href":"https:\/\/guidetotheazores.pt\/fr\/wp-json\/wp\/v2\/product_tag?post=22250"}],"curies":[{"name":"wp","href":"https:\/\/api.w.org\/{rel}","templated":true}]}}