{"id":22262,"date":"2024-01-31T06:50:03","date_gmt":"2024-01-31T07:50:03","guid":{"rendered":"https:\/\/guidetotheazores.pt\/product\/plongee-cotiere\/"},"modified":"2024-01-31T06:50:03","modified_gmt":"2024-01-31T07:50:03","slug":"plongee-cotiere","status":"publish","type":"product","link":"https:\/\/guidetotheazores.pt\/fr\/produit\/plongee-cotiere\/","title":{"rendered":"Plong\u00e9e c\u00f4ti\u00e8re"},"content":{"rendered":"<p>Les A\u00e7ores sont sans aucun doute l&rsquo;une des meilleures destinations de plong\u00e9e de l&rsquo;Atlantique. Notre saison de plong\u00e9e s&rsquo;\u00e9tend d&rsquo;avril \u00e0 octobre. Nos sites de plong\u00e9e sont tr\u00e8s diversifi\u00e9s et peuvent r\u00e9pondre \u00e0 toutes les pr\u00e9f\u00e9rences et \u00e0 tous les niveaux d&rsquo;exp\u00e9rience, avec plus de 20 sites de plong\u00e9e entre les \u00eeles de Faial et de Pico.  <\/p>\n<p>Les sites de plong\u00e9e les plus courants se trouvent dans la r\u00e9serve marine \u00ab\u00a0Monte da Guia\u00a0\u00bb, sur l&rsquo;\u00eele de Faial. Pour se rendre sur le site de plong\u00e9e, nous utilisons toujours un bateau semi-rigide, car il se trouve \u00e0 environ 5 minutes de notre base. La temp\u00e9rature de nos eaux varie entre 20 et 24 \u00baC pendant les mois d&rsquo;\u00e9t\u00e9, une combinaison de plong\u00e9e de 5 mm ou 7 mm est donc g\u00e9n\u00e9ralement suffisante.  <\/p>\n<p>La vie marine sur les \u00eeles de Faial et de Pico est fantastique ! Tu auras la chance d&rsquo;apercevoir de curieuses balistes (Balistes carolinensis), des m\u00e9rous (Epinephelus marginatus), des phoques (Sparisoma cretense), des poulpes et des mur\u00e8nes parmi les rochers, ainsi que de petites esp\u00e8ces telles que des nudibranches color\u00e9s, entre autres. <\/p>\n<p>Si tu n&rsquo;as pas de certificat de plong\u00e9e, nous proposons \u00e9galement des sorties de snorkeling sur les sites de plong\u00e9e, ou un bapt\u00eame de plong\u00e9e, o\u00f9 tu es toujours accompagn\u00e9 d&rsquo;un instructeur qualifi\u00e9 qui s&rsquo;occupera de toi sous l&rsquo;eau.<\/p>\n","protected":false},"excerpt":{"rendered":"<p>Les A\u00e7ores sont sans aucun doute l&rsquo;une des meilleures destinations de plong\u00e9e de l&rsquo;Atlantique. Notre saison de plong\u00e9e s&rsquo;\u00e9tend d&rsquo;avril \u00e0 octobre. Nos sites de plong\u00e9e sont tr\u00e8s diversifi\u00e9s et peuvent r\u00e9pondre \u00e0 toutes les pr\u00e9f\u00e9rences et \u00e0 tous les niveaux d&rsquo;exp\u00e9rience, avec plus de 20 sites de plong\u00e9e entre les \u00eeles de Faial et de Pico.  <\/p>\n<p><em>* Le voyage est partag\u00e9 avec d&rsquo;autres participants et n\u00e9cessite un minimum de 3 personnes.<\/em><\/p>\n","protected":false},"featured_media":22279,"comment_status":"open","ping_status":"closed","template":"","meta":{"_acf_changed":false},"product_brand":[],"product_cat":[19484,19487,19485,19486],"product_tag":[19488],"class_list":{"0":"post-22262","1":"product","2":"type-product","3":"status-publish","4":"has-post-thumbnail","6":"product_cat-activites","7":"product_cat-faial","8":"product_cat-plongee","9":"product_cat-toutes-les-iles","10":"product_tag-faialisland","12":"first","13":"instock","14":"virtual","15":"sold-individually","16":"taxable","17":"purchasable","18":"product-type-phive_booking"},"acf":[],"_links":{"self":[{"href":"https:\/\/guidetotheazores.pt\/fr\/wp-json\/wp\/v2\/product\/22262","targetHints":{"allow":["GET"]}}],"collection":[{"href":"https:\/\/guidetotheazores.pt\/fr\/wp-json\/wp\/v2\/product"}],"about":[{"href":"https:\/\/guidetotheazores.pt\/fr\/wp-json\/wp\/v2\/types\/product"}],"replies":[{"embeddable":true,"href":"https:\/\/guidetotheazores.pt\/fr\/wp-json\/wp\/v2\/comments?post=22262"}],"wp:featuredmedia":[{"embeddable":true,"href":"https:\/\/guidetotheazores.pt\/fr\/wp-json\/wp\/v2\/media\/22279"}],"wp:attachment":[{"href":"https:\/\/guidetotheazores.pt\/fr\/wp-json\/wp\/v2\/media?parent=22262"}],"wp:term":[{"taxonomy":"product_brand","embeddable":true,"href":"https:\/\/guidetotheazores.pt\/fr\/wp-json\/wp\/v2\/product_brand?post=22262"},{"taxonomy":"product_cat","embeddable":true,"href":"https:\/\/guidetotheazores.pt\/fr\/wp-json\/wp\/v2\/product_cat?post=22262"},{"taxonomy":"product_tag","embeddable":true,"href":"https:\/\/guidetotheazores.pt\/fr\/wp-json\/wp\/v2\/product_tag?post=22262"}],"curies":[{"name":"wp","href":"https:\/\/api.w.org\/{rel}","templated":true}]}}