{"id":22269,"date":"2024-01-30T15:45:52","date_gmt":"2024-01-30T16:45:52","guid":{"rendered":"https:\/\/guidetotheazores.pt\/product\/observation-des-baleines-et-des-dauphins\/"},"modified":"2024-01-30T15:45:52","modified_gmt":"2024-01-30T16:45:52","slug":"observation-des-baleines-et-des-dauphins","status":"publish","type":"product","link":"https:\/\/guidetotheazores.pt\/fr\/produit\/observation-des-baleines-et-des-dauphins\/","title":{"rendered":"Observation des baleines et des dauphins"},"content":{"rendered":"<p><span class=\"wixui-rich-text__text\">Notre m\u00e9thode int\u00e8gre les comp\u00e9tences du Vi<\/span><span class=\"wixui-rich-text__text\">gia, personne qui recherche les baleines et les dauphins, avec nos \u00e9quipes d&rsquo;experts, assurant une approche s\u00fbre et non intrusive, en engagement avec les autorit\u00e9s locales.<\/span><span class=\"wixui-rich-text__text\">nt avec le code de conduite des A\u00e7ores pour interagir avec les c\u00e9tac\u00e9s. Ces pratiques nous permettent d&rsquo;atteindre des taux de r\u00e9ussite proches de 99 % dans nos observations tout au long de l&rsquo;ann\u00e9e. <\/span><\/p>\n","protected":false},"excerpt":{"rendered":"<p><span class=\"wixui-rich-text__text\">A<\/span><span class=\"wixui-rich-text__text\">zores<\/span><span class=\"wixui-rich-text__text\"> st<\/span><span class=\"wixui-rich-text__text\">et<\/span><span class=\"wixui-rich-text__text\">s<\/span><span class=\"wixui-rich-text__text\"> out as <\/span> <span class=\"wixui-rich-text__text\">l&rsquo;une des principales destinations pour l&rsquo;observation des baleines dans le monde. Avec une pr\u00e9sence enregistr\u00e9e de 28 esp\u00e8ces de baleines et de dauphins, c <\/span><span class=\"wixui-rich-text__text\">omprenant environ 33 % des esp\u00e8ces de c\u00e9tac\u00e9s reconnues dans le monde.  <\/span><\/p>\n<p>Point de rencontre : Marina de Angra, bureau d&rsquo;OceanEmotion<\/p>\n<p>Heure de r\u00e9union : De juin \u00e0 septembre : 8h15 &#8211; D&rsquo;octobre \u00e0 mai 8h30<\/p>\n<p>Dur\u00e9e environ 3-3.30h <\/p>\n<p class=\"p1\"><span class=\"s1\"><i>* Le voyage est partag\u00e9 avec d&rsquo;autres participants et n\u00e9cessite un minimum de 1 personne jusqu&rsquo;\u00e0 un maximum de 10 personnes.<\/i><\/span><\/p>\n","protected":false},"featured_media":22270,"comment_status":"open","ping_status":"closed","template":"","meta":{"_acf_changed":false},"product_brand":[],"product_cat":[19484,19496,19497,19486],"product_tag":[19498],"class_list":{"0":"post-22269","1":"product","2":"type-product","3":"status-publish","4":"has-post-thumbnail","6":"product_cat-activites","7":"product_cat-observation-des-baleines","8":"product_cat-terceira","9":"product_cat-toutes-les-iles","10":"product_tag-terceiraisland","12":"first","13":"instock","14":"virtual","15":"sold-individually","16":"taxable","17":"purchasable","18":"product-type-phive_booking"},"acf":[],"_links":{"self":[{"href":"https:\/\/guidetotheazores.pt\/fr\/wp-json\/wp\/v2\/product\/22269","targetHints":{"allow":["GET"]}}],"collection":[{"href":"https:\/\/guidetotheazores.pt\/fr\/wp-json\/wp\/v2\/product"}],"about":[{"href":"https:\/\/guidetotheazores.pt\/fr\/wp-json\/wp\/v2\/types\/product"}],"replies":[{"embeddable":true,"href":"https:\/\/guidetotheazores.pt\/fr\/wp-json\/wp\/v2\/comments?post=22269"}],"wp:featuredmedia":[{"embeddable":true,"href":"https:\/\/guidetotheazores.pt\/fr\/wp-json\/wp\/v2\/media\/22270"}],"wp:attachment":[{"href":"https:\/\/guidetotheazores.pt\/fr\/wp-json\/wp\/v2\/media?parent=22269"}],"wp:term":[{"taxonomy":"product_brand","embeddable":true,"href":"https:\/\/guidetotheazores.pt\/fr\/wp-json\/wp\/v2\/product_brand?post=22269"},{"taxonomy":"product_cat","embeddable":true,"href":"https:\/\/guidetotheazores.pt\/fr\/wp-json\/wp\/v2\/product_cat?post=22269"},{"taxonomy":"product_tag","embeddable":true,"href":"https:\/\/guidetotheazores.pt\/fr\/wp-json\/wp\/v2\/product_tag?post=22269"}],"curies":[{"name":"wp","href":"https:\/\/api.w.org\/{rel}","templated":true}]}}