{"id":22294,"date":"2024-01-25T14:20:51","date_gmt":"2024-01-25T15:20:51","guid":{"rendered":"https:\/\/guidetotheazores.pt\/product\/observation-des-baleines-autour-de-faial\/"},"modified":"2024-01-25T14:20:51","modified_gmt":"2024-01-25T15:20:51","slug":"observation-des-baleines-autour-de-faial","status":"publish","type":"product","link":"https:\/\/guidetotheazores.pt\/fr\/produit\/observation-des-baleines-autour-de-faial\/","title":{"rendered":"Observation des baleines autour de Faial"},"content":{"rendered":"<p>Au cours de cette activit\u00e9, tu auras l&rsquo;occasion d&rsquo;observer des baleines et des dauphins (c\u00e9tac\u00e9s) dans leur habitat naturel. La principale saison d&rsquo;observation des baleines sur l&rsquo;\u00eele de Faial s&rsquo;\u00e9tend d&rsquo;avril \u00e0 octobre. Tu peux partir en excursion d&rsquo;observation des baleines quels que soient ton \u00e2ge et ton \u00e9tat physique, tout le monde est le bienvenu ! Si tu as des conditions qui n\u00e9cessitent une assistance particuli\u00e8re, un pr\u00e9avis est n\u00e9cessaire. Nous travaillons avec les guetteurs traditionnels (datant de l&rsquo;\u00e9poque de la chasse \u00e0 la baleine) situ\u00e9s sur les \u00eeles de Faial et de Pico. Chaque jour, ils recherchent les baleines pour s&rsquo;assurer que tu puisses observer les c\u00e9tac\u00e9s avec succ\u00e8s lors de chaque voyage. La seule chose que nous ne pouvons pas garantir, ce sont les conditions m\u00e9t\u00e9orologiques qui nous emp\u00eachent parfois de partir en mer, il est donc pr\u00e9f\u00e9rable de r\u00e9server ton voyage \u00e0 l&rsquo;avance pour que nous puissions choisir le meilleur jour.      <\/p>\n","protected":false},"excerpt":{"rendered":"<p>Au cours de cette activit\u00e9, tu auras l&rsquo;occasion d&rsquo;observer des baleines et des dauphins (c\u00e9tac\u00e9s) dans leur habitat naturel. La principale saison d&rsquo;observation des baleines sur l&rsquo;\u00eele de Faial s&rsquo;\u00e9tend d&rsquo;avril \u00e0 octobre. Tu peux partir en excursion d&rsquo;observation des baleines quels que soient ton \u00e2ge et ton \u00e9tat physique, tout le monde est le bienvenu !  <\/p>\n<p><em>* Le voyage est partag\u00e9 avec d&rsquo;autres participants et n\u00e9cessite un minimum de 6 personnes.<\/em><\/p>\n","protected":false},"featured_media":22302,"comment_status":"open","ping_status":"closed","template":"","meta":{"_acf_changed":false},"product_brand":[],"product_cat":[19484,19487,19496,19486],"product_tag":[19488],"class_list":{"0":"post-22294","1":"product","2":"type-product","3":"status-publish","4":"has-post-thumbnail","6":"product_cat-activites","7":"product_cat-faial","8":"product_cat-observation-des-baleines","9":"product_cat-toutes-les-iles","10":"product_tag-faialisland","12":"first","13":"instock","14":"virtual","15":"sold-individually","16":"taxable","17":"purchasable","18":"product-type-phive_booking"},"acf":[],"_links":{"self":[{"href":"https:\/\/guidetotheazores.pt\/fr\/wp-json\/wp\/v2\/product\/22294","targetHints":{"allow":["GET"]}}],"collection":[{"href":"https:\/\/guidetotheazores.pt\/fr\/wp-json\/wp\/v2\/product"}],"about":[{"href":"https:\/\/guidetotheazores.pt\/fr\/wp-json\/wp\/v2\/types\/product"}],"replies":[{"embeddable":true,"href":"https:\/\/guidetotheazores.pt\/fr\/wp-json\/wp\/v2\/comments?post=22294"}],"wp:featuredmedia":[{"embeddable":true,"href":"https:\/\/guidetotheazores.pt\/fr\/wp-json\/wp\/v2\/media\/22302"}],"wp:attachment":[{"href":"https:\/\/guidetotheazores.pt\/fr\/wp-json\/wp\/v2\/media?parent=22294"}],"wp:term":[{"taxonomy":"product_brand","embeddable":true,"href":"https:\/\/guidetotheazores.pt\/fr\/wp-json\/wp\/v2\/product_brand?post=22294"},{"taxonomy":"product_cat","embeddable":true,"href":"https:\/\/guidetotheazores.pt\/fr\/wp-json\/wp\/v2\/product_cat?post=22294"},{"taxonomy":"product_tag","embeddable":true,"href":"https:\/\/guidetotheazores.pt\/fr\/wp-json\/wp\/v2\/product_tag?post=22294"}],"curies":[{"name":"wp","href":"https:\/\/api.w.org\/{rel}","templated":true}]}}