{"id":22301,"date":"2024-01-30T20:48:56","date_gmt":"2024-01-30T21:48:56","guid":{"rendered":"https:\/\/guidetotheazores.pt\/product\/journee-entiere-sur-lile-de-corvo\/"},"modified":"2024-01-30T20:48:56","modified_gmt":"2024-01-30T21:48:56","slug":"journee-entiere-sur-lile-de-corvo","status":"publish","type":"product","link":"https:\/\/guidetotheazores.pt\/fr\/produit\/journee-entiere-sur-lile-de-corvo\/","title":{"rendered":"Journ\u00e9e enti\u00e8re sur l&rsquo;\u00eele de Corvo"},"content":{"rendered":"<p>Une excursion en bateau \u00e0 Corvo est pour le moins passionnante. \u00c0 commencer par faire connaissance avec la plus petite \u00eele des A\u00e7ores.<br \/>\nNotre voyage dure environ une heure dans un bateau semi-rigide, en passant par les grottes et les chutes d&rsquo;eau de Flores.<br \/>\nEn chemin, nous avons de grandes chances de croiser des dauphins qui nous tiennent compagnie, ce qui rend l&rsquo;exp\u00e9rience encore plus attrayante.<br \/>\n\u00c0 ton arriv\u00e9e \u00e0 Corvo, o\u00f9 une camionnette t&rsquo;attendra, notre guide t&#8217;emm\u00e8nera voir Caldeir\u00e3o le long d&rsquo;un sentier, et apr\u00e8s la promenade, tu reviendras au village, o\u00f9 tu passeras devant les monuments historiques de la ville, un mus\u00e9e et d&rsquo;autres points importants de l&rsquo;\u00eele.<br \/>\nLe d\u00e9jeuner (self-service avec boisson et caf\u00e9) est inclus, ainsi que l&rsquo;assurance | La travers\u00e9e entre les \u00eeles aller-retour | Le transfert aller-retour \u00e0 l&rsquo;auberge et les droits d&rsquo;entr\u00e9e dans les monuments.<\/p>\n<p>Comprend<br \/>\nAssurance<br \/>\nExcursion en bateau aller-retour dans les grottes de l&rsquo;\u00eele de Flores<br \/>\nTransfert du bateau \u00e0 Caldeir\u00e3o<br \/>\nTransferts sur l&rsquo;\u00eele de Flores de l&rsquo;h\u00e9bergement au port d&#8217;embarquement et retour<br \/>\nTaxes<br \/>\nD\u00e9jeuner (buffet avec soupe, plat et boisson) ou go\u00fbter \u00e0 Caldeir\u00e3o (deux sandwichs, un fruit, un bonbon, une eau et un jus de fruit)<br \/>\nGuide en PT ou ING.<\/p>\n<p>Il est recommand\u00e9 d&rsquo;apporter :<br \/>\nDes chaussures adapt\u00e9es \u00e0 la marche (bottes), des v\u00eatements confortables, une veste l\u00e9g\u00e8re, un t-shirt ou un sweat-shirt suppl\u00e9mentaire, un renfort alimentaire, de l&rsquo;eau, un maillot de bain, une serviette, un sac \u00e0 dos, de la cr\u00e8me solaire et un chapeau.<\/p>\n","protected":false},"excerpt":{"rendered":"<p>Une excursion en bateau \u00e0 Corvo est pour le moins passionnante. \u00c0 commencer par faire connaissance avec la plus petite \u00eele des A\u00e7ores. <\/p>\n<p>Comprend<br \/>\nAssurance<br \/>\nExcursion en bateau aller-retour dans les grottes de l&rsquo;\u00eele de Flores<br \/>\nTransfert du bateau \u00e0 Caldeir\u00e3o<br \/>\nTransferts sur l&rsquo;\u00eele de Flores de l&rsquo;h\u00e9bergement au port d&#8217;embarquement et retour<br \/>\nTaxes<br \/>\nD\u00e9jeuner (buffet avec soupe, plat et boisson) ou go\u00fbter \u00e0 Caldeir\u00e3o (deux sandwichs, un fruit, un bonbon, une eau et un jus de fruit)<br \/>\nGuide en PT ou ING.<\/p>\n<p>Il est recommand\u00e9 d&rsquo;apporter :<br \/>\nDes chaussures adapt\u00e9es \u00e0 la marche (bottes), des v\u00eatements confortables, une veste l\u00e9g\u00e8re, un t-shirt ou un sweat-shirt suppl\u00e9mentaire, un renfort alimentaire, de l&rsquo;eau, un maillot de bain, une serviette, un sac \u00e0 dos, de la cr\u00e8me solaire et un chapeau.<\/p>\n<p>Dur\u00e9e de l&rsquo;excursion : 6 heures<\/p>\n","protected":false},"featured_media":22322,"comment_status":"open","ping_status":"closed","template":"","meta":{"_acf_changed":false},"product_brand":[],"product_cat":[19484,19501,19486,19500],"product_tag":[19502],"class_list":{"0":"post-22301","1":"product","2":"type-product","3":"status-publish","4":"has-post-thumbnail","6":"product_cat-activites","7":"product_cat-corvo","8":"product_cat-toutes-les-iles","9":"product_cat-visites-guidees","10":"product_tag-corvoisland","12":"first","13":"instock","14":"virtual","15":"sold-individually","16":"taxable","17":"purchasable","18":"product-type-phive_booking"},"acf":[],"_links":{"self":[{"href":"https:\/\/guidetotheazores.pt\/fr\/wp-json\/wp\/v2\/product\/22301","targetHints":{"allow":["GET"]}}],"collection":[{"href":"https:\/\/guidetotheazores.pt\/fr\/wp-json\/wp\/v2\/product"}],"about":[{"href":"https:\/\/guidetotheazores.pt\/fr\/wp-json\/wp\/v2\/types\/product"}],"replies":[{"embeddable":true,"href":"https:\/\/guidetotheazores.pt\/fr\/wp-json\/wp\/v2\/comments?post=22301"}],"wp:featuredmedia":[{"embeddable":true,"href":"https:\/\/guidetotheazores.pt\/fr\/wp-json\/wp\/v2\/media\/22322"}],"wp:attachment":[{"href":"https:\/\/guidetotheazores.pt\/fr\/wp-json\/wp\/v2\/media?parent=22301"}],"wp:term":[{"taxonomy":"product_brand","embeddable":true,"href":"https:\/\/guidetotheazores.pt\/fr\/wp-json\/wp\/v2\/product_brand?post=22301"},{"taxonomy":"product_cat","embeddable":true,"href":"https:\/\/guidetotheazores.pt\/fr\/wp-json\/wp\/v2\/product_cat?post=22301"},{"taxonomy":"product_tag","embeddable":true,"href":"https:\/\/guidetotheazores.pt\/fr\/wp-json\/wp\/v2\/product_tag?post=22301"}],"curies":[{"name":"wp","href":"https:\/\/api.w.org\/{rel}","templated":true}]}}