{"id":22331,"date":"2024-01-30T16:13:40","date_gmt":"2024-01-30T17:13:40","guid":{"rendered":"https:\/\/guidetotheazores.pt\/product\/ilots-de-chevres\/"},"modified":"2024-01-30T16:13:40","modified_gmt":"2024-01-30T17:13:40","slug":"ilots-de-chevres","status":"publish","type":"product","link":"https:\/\/guidetotheazores.pt\/fr\/produit\/ilots-de-chevres\/","title":{"rendered":"\u00celots de ch\u00e8vres"},"content":{"rendered":"<p><span class=\"wixui-rich-text__text\">Une fois \u00e0 proximit\u00e9, des informations sur l&rsquo;histoire, la g\u00e9ologie et les oiseaux marins seront partag\u00e9es, montrant la vari\u00e9t\u00e9 des structures volcaniques, des fissures et des grottes qui forment les \u00eelots.<\/span><span class=\"wixui-rich-text__text\"> la vari\u00e9t\u00e9 des structures volcaniques, des fissures et des grottes qui forment les \u00eelots.<\/span><\/p>\n","protected":false},"excerpt":{"rendered":"<p><span class=\"wixui-rich-text__text\">Ancien volcan, les plus grands \u00eelots des A\u00e7ores, lieu de nidification d&rsquo;une diversit\u00e9 d&rsquo;oiseaux marins et zone prot\u00e9g\u00e9e, les Ilh\u00e9us das Cabras sont un excellent moyen de d\u00e9couvrir l&rsquo;un des points forts des paysages de l&rsquo;\u00eele de Terceira.  <\/span><\/p>\n","protected":false},"featured_media":22332,"comment_status":"open","ping_status":"closed","template":"","meta":{"_acf_changed":false},"product_brand":[],"product_cat":[19484,19497,19486,19506],"product_tag":[19498],"class_list":{"0":"post-22331","1":"product","2":"type-product","3":"status-publish","4":"has-post-thumbnail","6":"product_cat-activites","7":"product_cat-terceira","8":"product_cat-toutes-les-iles","9":"product_cat-voile","10":"product_tag-terceiraisland","12":"first","13":"instock","14":"virtual","15":"sold-individually","16":"taxable","17":"purchasable","18":"product-type-phive_booking"},"acf":[],"_links":{"self":[{"href":"https:\/\/guidetotheazores.pt\/fr\/wp-json\/wp\/v2\/product\/22331","targetHints":{"allow":["GET"]}}],"collection":[{"href":"https:\/\/guidetotheazores.pt\/fr\/wp-json\/wp\/v2\/product"}],"about":[{"href":"https:\/\/guidetotheazores.pt\/fr\/wp-json\/wp\/v2\/types\/product"}],"replies":[{"embeddable":true,"href":"https:\/\/guidetotheazores.pt\/fr\/wp-json\/wp\/v2\/comments?post=22331"}],"wp:featuredmedia":[{"embeddable":true,"href":"https:\/\/guidetotheazores.pt\/fr\/wp-json\/wp\/v2\/media\/22332"}],"wp:attachment":[{"href":"https:\/\/guidetotheazores.pt\/fr\/wp-json\/wp\/v2\/media?parent=22331"}],"wp:term":[{"taxonomy":"product_brand","embeddable":true,"href":"https:\/\/guidetotheazores.pt\/fr\/wp-json\/wp\/v2\/product_brand?post=22331"},{"taxonomy":"product_cat","embeddable":true,"href":"https:\/\/guidetotheazores.pt\/fr\/wp-json\/wp\/v2\/product_cat?post=22331"},{"taxonomy":"product_tag","embeddable":true,"href":"https:\/\/guidetotheazores.pt\/fr\/wp-json\/wp\/v2\/product_tag?post=22331"}],"curies":[{"name":"wp","href":"https:\/\/api.w.org\/{rel}","templated":true}]}}