{"id":22337,"date":"2024-01-07T14:17:40","date_gmt":"2024-01-07T15:17:40","guid":{"rendered":"https:\/\/guidetotheazores.pt\/product\/visite-guidee-dune-journee-sur-lile-de-faial\/"},"modified":"2024-01-07T14:17:40","modified_gmt":"2024-01-07T15:17:40","slug":"visite-guidee-dune-journee-sur-lile-de-faial","status":"publish","type":"product","link":"https:\/\/guidetotheazores.pt\/fr\/produit\/visite-guidee-dune-journee-sur-lile-de-faial\/","title":{"rendered":"Visite guid\u00e9e d&rsquo;une journ\u00e9e sur l&rsquo;\u00eele de Faial"},"content":{"rendered":"<p>D\u00e9couvre l&rsquo;\u00eele de Faial d&rsquo;un bout \u00e0 l&rsquo;autre ! Avec l&rsquo;excursion d&rsquo;une journ\u00e9e compl\u00e8te, tu pourras voir tous les principaux sites de l&rsquo;\u00eele, et tu pourras m\u00eame choisir quelques arr\u00eats suppl\u00e9mentaires de ton choix ! Par exemple, tu peux visiter un mus\u00e9e, ainsi que te baigner sur l&rsquo;une de nos merveilleuses plages. Si tu veux en savoir plus sur notre nature, tu peux choisir de visiter des points de vue panoramiques plus \u00e9loign\u00e9s !   <\/p>\n<p>La dur\u00e9e est d&rsquo;environ 7-8 heures, et comprend l&rsquo;assurance, le guide local, le d\u00e9jeuner et m\u00eame des collations et des boissons \u00e0 bord&#8230; Ne perds pas de temps et r\u00e9serve ton excursion maintenant !<\/p>\n","protected":false},"excerpt":{"rendered":"<p>Excursion d&rsquo;une journ\u00e9e sur l&rsquo;\u00eele de Faial (d\u00e9jeuner inclus)<\/p>\n","protected":false},"featured_media":22344,"comment_status":"open","ping_status":"closed","template":"","meta":{"_acf_changed":false},"product_brand":[],"product_cat":[19484],"product_tag":[],"class_list":{"0":"post-22337","1":"product","2":"type-product","3":"status-publish","4":"has-post-thumbnail","6":"product_cat-activites","8":"first","9":"instock","10":"virtual","11":"sold-individually","12":"taxable","13":"purchasable","14":"product-type-phive_booking"},"acf":[],"_links":{"self":[{"href":"https:\/\/guidetotheazores.pt\/fr\/wp-json\/wp\/v2\/product\/22337","targetHints":{"allow":["GET"]}}],"collection":[{"href":"https:\/\/guidetotheazores.pt\/fr\/wp-json\/wp\/v2\/product"}],"about":[{"href":"https:\/\/guidetotheazores.pt\/fr\/wp-json\/wp\/v2\/types\/product"}],"replies":[{"embeddable":true,"href":"https:\/\/guidetotheazores.pt\/fr\/wp-json\/wp\/v2\/comments?post=22337"}],"wp:featuredmedia":[{"embeddable":true,"href":"https:\/\/guidetotheazores.pt\/fr\/wp-json\/wp\/v2\/media\/22344"}],"wp:attachment":[{"href":"https:\/\/guidetotheazores.pt\/fr\/wp-json\/wp\/v2\/media?parent=22337"}],"wp:term":[{"taxonomy":"product_brand","embeddable":true,"href":"https:\/\/guidetotheazores.pt\/fr\/wp-json\/wp\/v2\/product_brand?post=22337"},{"taxonomy":"product_cat","embeddable":true,"href":"https:\/\/guidetotheazores.pt\/fr\/wp-json\/wp\/v2\/product_cat?post=22337"},{"taxonomy":"product_tag","embeddable":true,"href":"https:\/\/guidetotheazores.pt\/fr\/wp-json\/wp\/v2\/product_tag?post=22337"}],"curies":[{"name":"wp","href":"https:\/\/api.w.org\/{rel}","templated":true}]}}