{"id":22353,"date":"2023-07-31T09:22:07","date_gmt":"2023-07-31T10:22:07","guid":{"rendered":"https:\/\/guidetotheazores.pt\/product\/conseils-de-voyage-et-de-relocalisation-pour-les-acores-appel-video-dune-heure\/"},"modified":"2023-07-31T09:22:07","modified_gmt":"2023-07-31T10:22:07","slug":"conseils-de-voyage-et-de-relocalisation-pour-les-acores-appel-video-dune-heure","status":"publish","type":"product","link":"https:\/\/guidetotheazores.pt\/fr\/produit\/conseils-de-voyage-et-de-relocalisation-pour-les-acores-appel-video-dune-heure\/","title":{"rendered":"Conseils de voyage et de relocalisation pour les A\u00e7ores &#8211; appel vid\u00e9o d&rsquo;une heure"},"content":{"rendered":"<p>Conseils de voyage et de relocalisation pour les A\u00e7ores &#8211; appel vid\u00e9o d&rsquo;une heure<\/p>\n<p>Si tu envisages de planifier un voyage ou de t&rsquo;installer aux A\u00e7ores mais que tu as de nombreuses questions qui ne trouvent pas de r\u00e9ponses claires sur le web, nous pouvons t&rsquo;aider avec une session en ligne d\u00e9di\u00e9e !<\/p>\n<p>Puis-je me d\u00e9placer avec les transports publics ?<\/p>\n<p>Quelles sont les \u00eeles reli\u00e9es par des ferries ?<\/p>\n<p>Y a-t-il des emplacements de camping ?<\/p>\n<p>O\u00f9 se trouvent les plus belles piscines naturelles ?<\/p>\n<p>Puis-je faire traverser ma voiture entre les \u00eeles ?<\/p>\n<p>Quelle est la meilleure p\u00e9riode de l&rsquo;ann\u00e9e pour les vacances ?<\/p>\n<p>Comment fonctionnent les soins de sant\u00e9 ? Combien co\u00fbte la vie ? Combien co\u00fbte l&rsquo;achat ou la location d&rsquo;une maison ?  <\/p>\n<p>Nous vivons aux A\u00e7ores depuis quatre ans sur l&rsquo;\u00eele de Faial, alors pour ces questions et d&rsquo;autres, nous avons les r\u00e9ponses pour toi.<\/p>\n<p>&nbsp;<\/p>\n","protected":false},"excerpt":{"rendered":"<p>Si tu envisages de planifier un voyage ou de t&rsquo;installer aux A\u00e7ores mais que tu as de nombreuses questions qui ne trouvent pas de r\u00e9ponses claires sur le web, nous pouvons t&rsquo;aider avec une session en ligne d\u00e9di\u00e9e !<\/p>\n","protected":false},"featured_media":22355,"comment_status":"closed","ping_status":"closed","template":"","meta":{"_acf_changed":false},"product_brand":[],"product_cat":[19508,19507],"product_tag":[],"class_list":{"0":"post-22353","1":"product","2":"type-product","3":"status-publish","4":"has-post-thumbnail","6":"product_cat-concepteur-de-voyage","7":"product_cat-services","9":"first","10":"instock","11":"virtual","12":"sold-individually","13":"taxable","14":"purchasable","15":"product-type-simple"},"acf":[],"_links":{"self":[{"href":"https:\/\/guidetotheazores.pt\/fr\/wp-json\/wp\/v2\/product\/22353","targetHints":{"allow":["GET"]}}],"collection":[{"href":"https:\/\/guidetotheazores.pt\/fr\/wp-json\/wp\/v2\/product"}],"about":[{"href":"https:\/\/guidetotheazores.pt\/fr\/wp-json\/wp\/v2\/types\/product"}],"replies":[{"embeddable":true,"href":"https:\/\/guidetotheazores.pt\/fr\/wp-json\/wp\/v2\/comments?post=22353"}],"wp:featuredmedia":[{"embeddable":true,"href":"https:\/\/guidetotheazores.pt\/fr\/wp-json\/wp\/v2\/media\/22355"}],"wp:attachment":[{"href":"https:\/\/guidetotheazores.pt\/fr\/wp-json\/wp\/v2\/media?parent=22353"}],"wp:term":[{"taxonomy":"product_brand","embeddable":true,"href":"https:\/\/guidetotheazores.pt\/fr\/wp-json\/wp\/v2\/product_brand?post=22353"},{"taxonomy":"product_cat","embeddable":true,"href":"https:\/\/guidetotheazores.pt\/fr\/wp-json\/wp\/v2\/product_cat?post=22353"},{"taxonomy":"product_tag","embeddable":true,"href":"https:\/\/guidetotheazores.pt\/fr\/wp-json\/wp\/v2\/product_tag?post=22353"}],"curies":[{"name":"wp","href":"https:\/\/api.w.org\/{rel}","templated":true}]}}