{"id":22360,"date":"2023-02-28T20:56:37","date_gmt":"2023-02-28T21:56:37","guid":{"rendered":"https:\/\/guidetotheazores.pt\/product\/demi-journee-privee-faial-une-premiere-impression\/"},"modified":"2023-02-28T20:56:37","modified_gmt":"2023-02-28T21:56:37","slug":"demi-journee-privee-faial-une-premiere-impression","status":"publish","type":"product","link":"https:\/\/guidetotheazores.pt\/fr\/produit\/demi-journee-privee-faial-une-premiere-impression\/","title":{"rendered":"Demi-journ\u00e9e priv\u00e9e Faial, une premi\u00e8re impression"},"content":{"rendered":"<p><strong>Points forts de l&rsquo;excursion :<\/strong><\/p>\n<ul>\n<li>Monte da Guia<\/li>\n<li>Miradouro da Lajinha<\/li>\n<li>Varadouro<\/li>\n<li>Capelinhos<\/li>\n<li>Caldeira<\/li>\n<li>Miradouro da Nossa Senhora da Concei\u00e7\u00e3o<\/li>\n<\/ul>\n<p><strong>Point de rencontre \/ prise en charge :<\/strong><\/p>\n<p>Cette excursion d&rsquo;une demi-journ\u00e9e commence soit \u00e0 9h00, soit \u00e0 14h00, indique-nous l&rsquo;heure qui te convient. Nous venons te chercher directement \u00e0 ton lieu d&rsquo;h\u00e9bergement ou \u00e0 l&rsquo;endroit de ton choix \u00e0 Faial. Nous pouvons \u00e9galement nous rencontrer dans la ville de Horta au Largo Dr. Manuel de Arriaga sur la place en face de l&rsquo;Hotel do Canal. N&rsquo;h\u00e9site pas \u00e0 nous faire part de ta pr\u00e9f\u00e9rence !   <\/p>\n<p><strong>Informations importantes :<\/strong><\/p>\n<ul>\n<li>N&rsquo;oublie pas ton appareil photo et charge-le compl\u00e8tement<\/li>\n<li>Porte des v\u00eatements ad\u00e9quats, le temps peut changer rapidement<\/li>\n<li>Porte de bonnes chaussures confortables<\/li>\n<li>Non accessible aux fauteuils roulants<\/li>\n<li>Accessible aux poussettes<\/li>\n<li>Les animaux d&rsquo;assistance sont autoris\u00e9s<\/li>\n<li>Visite guid\u00e9e priv\u00e9e pour un maximum de 6 participants<\/li>\n<li>Contacte-nous directement pour les groupes plus importants et pour les tarifs enfants.<\/li>\n<\/ul>\n<p><strong>Inclus dans la visite :<\/strong><\/p>\n<ul>\n<li>Beaucoup d&rsquo;histoires<\/li>\n<li>En-cas et boissons<\/li>\n<li>Assurance accidents personnels<\/li>\n<li>Assurance responsabilit\u00e9 civile<\/li>\n<\/ul>\n","protected":false},"excerpt":{"rendered":"<p>Cette excursion d&rsquo;une demi-journ\u00e9e d&rsquo;environ 3-4 heures, te donne une premi\u00e8re impression des principaux points d&rsquo;int\u00e9r\u00eat de l&rsquo;\u00eele. Elle est parfaite pour ceux qui ne restent que peu de temps \u00e0 Faial et qui ne veulent rien manquer.L&rsquo;excursion te conduit le long de la c\u00f4te sud, de Horta au volcan de Capelinhos, avec un certain nombre d&rsquo;arr\u00eats entre les deux. Sur le chemin du retour, nous emprunterons une route mineure en altitude au-dessus des villages. En fonction des conditions m\u00e9t\u00e9orologiques, tu visiteras soit la Caldeira, soit quelques points de vue au-dessus de Horta.   <\/p>\n","protected":false},"featured_media":22361,"comment_status":"open","ping_status":"closed","template":"","meta":{"_acf_changed":false},"product_brand":[],"product_cat":[19484,19487,19486,19500],"product_tag":[19488],"class_list":{"0":"post-22360","1":"product","2":"type-product","3":"status-publish","4":"has-post-thumbnail","6":"product_cat-activites","7":"product_cat-faial","8":"product_cat-toutes-les-iles","9":"product_cat-visites-guidees","10":"product_tag-faialisland","12":"first","13":"instock","14":"virtual","15":"sold-individually","16":"taxable","17":"purchasable","18":"product-type-phive_booking"},"acf":[],"_links":{"self":[{"href":"https:\/\/guidetotheazores.pt\/fr\/wp-json\/wp\/v2\/product\/22360","targetHints":{"allow":["GET"]}}],"collection":[{"href":"https:\/\/guidetotheazores.pt\/fr\/wp-json\/wp\/v2\/product"}],"about":[{"href":"https:\/\/guidetotheazores.pt\/fr\/wp-json\/wp\/v2\/types\/product"}],"replies":[{"embeddable":true,"href":"https:\/\/guidetotheazores.pt\/fr\/wp-json\/wp\/v2\/comments?post=22360"}],"wp:featuredmedia":[{"embeddable":true,"href":"https:\/\/guidetotheazores.pt\/fr\/wp-json\/wp\/v2\/media\/22361"}],"wp:attachment":[{"href":"https:\/\/guidetotheazores.pt\/fr\/wp-json\/wp\/v2\/media?parent=22360"}],"wp:term":[{"taxonomy":"product_brand","embeddable":true,"href":"https:\/\/guidetotheazores.pt\/fr\/wp-json\/wp\/v2\/product_brand?post=22360"},{"taxonomy":"product_cat","embeddable":true,"href":"https:\/\/guidetotheazores.pt\/fr\/wp-json\/wp\/v2\/product_cat?post=22360"},{"taxonomy":"product_tag","embeddable":true,"href":"https:\/\/guidetotheazores.pt\/fr\/wp-json\/wp\/v2\/product_tag?post=22360"}],"curies":[{"name":"wp","href":"https:\/\/api.w.org\/{rel}","templated":true}]}}