{"id":22369,"date":"2023-06-02T12:58:24","date_gmt":"2023-06-02T13:58:24","guid":{"rendered":"https:\/\/guidetotheazores.pt\/product\/villa-haven-hill\/"},"modified":"2023-06-02T12:58:24","modified_gmt":"2023-06-02T13:58:24","slug":"villa-haven-hill","status":"publish","type":"product","link":"https:\/\/guidetotheazores.pt\/fr\/produit\/villa-haven-hill\/","title":{"rendered":"Villa Haven Hill"},"content":{"rendered":"<p>Haven Hill est une villa r\u00e9nov\u00e9e de fa\u00e7on moderne par Azores Properties. Situ\u00e9e \u00e0 Horta sur un domaine priv\u00e9 de 23 000 m2. Il y a 5 chevaux sur le terrain, donc pour les personnes allergiques aux chevaux, cela peut \u00eatre un probl\u00e8me. Elle dispose de plusieurs chambres, d&rsquo;une piscine, de l&rsquo;air conditionn\u00e9, de l&rsquo;intimit\u00e9 et de deux terrasses avec une vue unique sur la baie de Horta et vers l&rsquo;\u00eele de Pico et S\u00e3o Jorge. La maison dispose d&rsquo;un salon spacieux avec une cuisine ouverte. Il y a une table \u00e0 l&rsquo;ext\u00e9rieur pour le d\u00eener qui peut accueillir 8 personnes ainsi que dans la maison pour 8 convives. Il y a deux salles de bains, l&rsquo;une avec toilettes et bidet, l&rsquo;autre avec toilettes plus des toilettes suppl\u00e9mentaires dans le couloir. Voyager dans la ville de Horta sera certainement plus agr\u00e9able que jamais. Ce logement est id\u00e9al si tu voyages en famille ou si tu souhaites plus d&rsquo;espace et de tranquillit\u00e9 seul ou en couple. La maison est enti\u00e8rement meubl\u00e9e et \u00e9quip\u00e9e de tout ce dont tu pourrais avoir besoin pour passer des vacances exclusives sur l&rsquo;\u00eele de Faial.         <\/p>\n","protected":false},"excerpt":{"rendered":"<p>Haven Hill est une villa r\u00e9nov\u00e9e de fa\u00e7on moderne par Azores Properties. Situ\u00e9e \u00e0 Horta sur un domaine priv\u00e9 de 23 000 m2. Elle dispose de plusieurs chambres, d&rsquo;une piscine, de l&rsquo;air conditionn\u00e9, de l&rsquo;intimit\u00e9 et de deux terrasses avec une vue unique sur la baie de Horta et vers l&rsquo;\u00eele de Pico et S\u00e3o Jorge.  <\/p>\n<p>Accueille jusqu&rsquo;\u00e0 7 personnes<\/p>\n","protected":false},"featured_media":22370,"comment_status":"open","ping_status":"closed","template":"","meta":{"_acf_changed":false},"product_brand":[],"product_cat":[19513,19487,19512,19486],"product_tag":[19488],"class_list":{"0":"post-22369","1":"product","2":"type-product","3":"status-publish","4":"has-post-thumbnail","6":"product_cat-alojamento-local","7":"product_cat-faial","8":"product_cat-hebergement","9":"product_cat-toutes-les-iles","10":"product_tag-faialisland","12":"first","13":"instock","14":"virtual","15":"sold-individually","16":"taxable","17":"purchasable","18":"product-type-phive_booking"},"acf":[],"_links":{"self":[{"href":"https:\/\/guidetotheazores.pt\/fr\/wp-json\/wp\/v2\/product\/22369","targetHints":{"allow":["GET"]}}],"collection":[{"href":"https:\/\/guidetotheazores.pt\/fr\/wp-json\/wp\/v2\/product"}],"about":[{"href":"https:\/\/guidetotheazores.pt\/fr\/wp-json\/wp\/v2\/types\/product"}],"replies":[{"embeddable":true,"href":"https:\/\/guidetotheazores.pt\/fr\/wp-json\/wp\/v2\/comments?post=22369"}],"wp:featuredmedia":[{"embeddable":true,"href":"https:\/\/guidetotheazores.pt\/fr\/wp-json\/wp\/v2\/media\/22370"}],"wp:attachment":[{"href":"https:\/\/guidetotheazores.pt\/fr\/wp-json\/wp\/v2\/media?parent=22369"}],"wp:term":[{"taxonomy":"product_brand","embeddable":true,"href":"https:\/\/guidetotheazores.pt\/fr\/wp-json\/wp\/v2\/product_brand?post=22369"},{"taxonomy":"product_cat","embeddable":true,"href":"https:\/\/guidetotheazores.pt\/fr\/wp-json\/wp\/v2\/product_cat?post=22369"},{"taxonomy":"product_tag","embeddable":true,"href":"https:\/\/guidetotheazores.pt\/fr\/wp-json\/wp\/v2\/product_tag?post=22369"}],"curies":[{"name":"wp","href":"https:\/\/api.w.org\/{rel}","templated":true}]}}