{"id":22385,"date":"2023-02-28T19:37:46","date_gmt":"2023-02-28T20:37:46","guid":{"rendered":"https:\/\/guidetotheazores.pt\/product\/visite-privee-dune-journee-a-pico\/"},"modified":"2023-02-28T19:37:46","modified_gmt":"2023-02-28T20:37:46","slug":"visite-privee-dune-journee-a-pico","status":"publish","type":"product","link":"https:\/\/guidetotheazores.pt\/fr\/produit\/visite-privee-dune-journee-a-pico\/","title":{"rendered":"Visite priv\u00e9e d&rsquo;une journ\u00e9e \u00e0 Pico"},"content":{"rendered":"<p class=\"MsoNormal\" style=\"line-height: normal;\"><b><span style=\"font-size: 12.0pt; font-family: 'Georgia',serif; color: #333333;\">Points forts de l&rsquo;excursion :<\/span><\/b><\/p>\n<ul type=\"disc\">\n<li class=\"MsoNormal\" style=\"line-height: normal;\"><span style=\"font-family: Georgia, serif;\">Passage en ferry vers Madalena do Pico<\/span><\/li>\n<li>Cria\u00e7\u00e3o Velha<\/li>\n<li>Porto do Calhau<\/li>\n<li>Farol de S\u00e3o Mateus<\/li>\n<li>Lajes do Pico<\/li>\n<li>Vigia da Queimada<\/li>\n<li>Calheta de Nesquim<\/li>\n<li>Ponta da Ilha<\/li>\n<li>Miradouro da Terr&rsquo;Alta<\/li>\n<li>Parque Florestal da Prainha<\/li>\n<li>S\u00e3o Roque da Pico<\/li>\n<li>Madalena do Pico<\/li>\n<\/ul>\n<p class=\"MsoNormal\" style=\"line-height: normal;\"><b><span lang=\"EN-GB\" style=\"font-size: 12.0pt; font-family: 'Georgia',serif; color: #333333;\">Point de rencontre \/ prise en charge :<\/span><\/b><\/p>\n<p class=\"MsoNormal\" style=\"line-height: normal;\"><span lang=\"EN-GB\" style=\"font-size: 12.0pt; font-family: 'Georgia',serif; color: #333333;\">Nous venons te chercher directement \u00e0 ton lieu d&rsquo;h\u00e9bergement ou \u00e0 l&rsquo;endroit de ton choix \u00e0 Faial. Nous pouvons aussi te retrouver directement \u00e0 la gare maritime.   <\/span><span style=\"font-size: 12.0pt; font-family: 'Georgia',serif; color: #333333;\">N&rsquo;h\u00e9site pas \u00e0 nous faire part de tes pr\u00e9f\u00e9rences !<\/span><\/p>\n<p class=\"MsoNormal\" style=\"line-height: normal;\"><b><span style=\"font-size: 12.0pt; font-family: 'Georgia',serif; color: #333333;\">Informations importantes :<\/span><\/b><\/p>\n<ul type=\"disc\">\n<li>Prends ta carte d&rsquo;identit\u00e9 \/ ton passeport pour le passage du ferry.<\/li>\n<li class=\"MsoNormal\" style=\"color: #333333; line-height: normal;\"><span lang=\"EN-GB\" style=\"font-size: 12.0pt; font-family: 'Georgia',serif;\">N&rsquo;oublie pas ton appareil photo et charge-le compl\u00e8tement<\/span><\/li>\n<li class=\"MsoNormal\" style=\"color: #333333; line-height: normal;\"><span lang=\"EN-GB\" style=\"font-size: 12.0pt; font-family: 'Georgia',serif;\">Porte des v\u00eatements ad\u00e9quats, le temps peut changer rapidement<\/span><\/li>\n<li class=\"MsoNormal\" style=\"color: #333333; line-height: normal;\"><span style=\"font-size: 12.0pt; font-family: 'Georgia',serif;\">Porte de bonnes chaussures confortables<\/span><\/li>\n<li class=\"MsoNormal\" style=\"color: #333333; line-height: normal;\"><span style=\"font-size: 12.0pt; font-family: 'Georgia',serif;\">Non accessible aux fauteuils roulants<\/span><\/li>\n<li class=\"MsoNormal\" style=\"color: #333333; line-height: normal;\"><span style=\"font-size: 12.0pt; font-family: 'Georgia',serif;\">Accessible aux poussettes<\/span><\/li>\n<li class=\"MsoNormal\" style=\"color: #333333; line-height: normal;\"><span style=\"font-size: 12.0pt; font-family: 'Georgia',serif;\">Les animaux d&rsquo;assistance sont autoris\u00e9s<\/span><\/li>\n<li class=\"MsoNormal\" style=\"color: #333333; line-height: normal;\"><span lang=\"EN-GB\" style=\"font-size: 12.0pt; font-family: 'Georgia',serif;\">Visite guid\u00e9e priv\u00e9e pour un maximum de 6 participants<\/span><\/li>\n<li class=\"MsoNormal\" style=\"color: #333333; line-height: normal;\"><span lang=\"EN-GB\" style=\"font-size: 12.0pt; font-family: 'Georgia',serif;\">Contacte-nous directement pour les groupes plus importants et pour les tarifs enfants.<\/span><\/li>\n<\/ul>\n<p class=\"MsoNormal\" style=\"line-height: normal;\"><b><span style=\"font-size: 12.0pt; font-family: 'Georgia',serif; color: #333333;\">Inclus dans la visite :<\/span><\/b><\/p>\n<ul type=\"disc\">\n<li class=\"MsoNormal\" style=\"color: #333333; line-height: normal;\"><span style=\"font-size: 12.0pt; font-family: 'Georgia',serif;\">Beaucoup d&rsquo;histoires<\/span><\/li>\n<li class=\"MsoNormal\" style=\"color: #333333; line-height: normal;\"><span style=\"font-size: 12.0pt; font-family: 'Georgia',serif;\">D\u00e9jeuner pique-nique riche avec boissons<\/span><\/li>\n<li>D\u00eener l\u00e9ger pique-nique avec boissons<\/li>\n<li class=\"MsoNormal\" style=\"color: #333333; line-height: normal;\"><span style=\"font-size: 12.0pt; font-family: 'Georgia',serif;\">En-cas et boissons<\/span><\/li>\n<li class=\"MsoNormal\" style=\"color: #333333; line-height: normal;\"><span style=\"font-size: 12.0pt; font-family: 'Georgia',serif;\">Assurance accidents personnels<\/span><\/li>\n<li class=\"MsoNormal\" style=\"color: #333333; line-height: normal;\"><span style=\"font-size: 12.0pt; font-family: 'Georgia',serif;\">Assurance responsabilit\u00e9 civile<\/span><\/li>\n<\/ul>\n<p>&nbsp;<\/p>\n","protected":false},"excerpt":{"rendered":"<p>Cette excursion d&rsquo;une journ\u00e9e compl\u00e8te \u00e0 Pico dure environ 8-9 heures, pendant lesquelles tu verras sur une tr\u00e8s longue journ\u00e9e tous les points forts de l&rsquo;\u00eele voisine de Pico. Cette excursion est parfaite pour les visiteurs de Faial qui veulent se faire une id\u00e9e compl\u00e8te de Pico.Pico, tout ce qu&rsquo;il faut voir, c&rsquo;est une excursion tout compris depuis ton h\u00e9bergement \u00e0 Faial, y compris les transferts en ferry, jusqu&rsquo;aux principaux points d&rsquo;int\u00e9r\u00eat de Pico. En raison de la taille de l&rsquo;\u00eele, Pico fait plus de 60 km de long, tu passeras beaucoup de temps dans la voiture, mais en r\u00e9compense, nous t&#8217;emm\u00e8nerons tout autour de l&rsquo;\u00eele de Pico. En fonction des horaires des ferries, tu partiras de Faial entre 7 et 9 heures du matin et tu reviendras le soir entre 16 et 18 heures. \u00c0 l&rsquo;heure du d\u00e9jeuner, nous ferons un pique-nique copieux dans l&rsquo;un des parcs de loisirs de Pico.    <\/p>\n","protected":false},"featured_media":22387,"comment_status":"open","ping_status":"closed","template":"","meta":{"_acf_changed":false},"product_brand":[],"product_cat":[19484,19515,19486,19500],"product_tag":[19516],"class_list":{"0":"post-22385","1":"product","2":"type-product","3":"status-publish","4":"has-post-thumbnail","6":"product_cat-activites","7":"product_cat-pico","8":"product_cat-toutes-les-iles","9":"product_cat-visites-guidees","10":"product_tag-picoisland","12":"first","13":"instock","14":"virtual","15":"sold-individually","16":"taxable","17":"purchasable","18":"product-type-phive_booking"},"acf":[],"_links":{"self":[{"href":"https:\/\/guidetotheazores.pt\/fr\/wp-json\/wp\/v2\/product\/22385","targetHints":{"allow":["GET"]}}],"collection":[{"href":"https:\/\/guidetotheazores.pt\/fr\/wp-json\/wp\/v2\/product"}],"about":[{"href":"https:\/\/guidetotheazores.pt\/fr\/wp-json\/wp\/v2\/types\/product"}],"replies":[{"embeddable":true,"href":"https:\/\/guidetotheazores.pt\/fr\/wp-json\/wp\/v2\/comments?post=22385"}],"wp:featuredmedia":[{"embeddable":true,"href":"https:\/\/guidetotheazores.pt\/fr\/wp-json\/wp\/v2\/media\/22387"}],"wp:attachment":[{"href":"https:\/\/guidetotheazores.pt\/fr\/wp-json\/wp\/v2\/media?parent=22385"}],"wp:term":[{"taxonomy":"product_brand","embeddable":true,"href":"https:\/\/guidetotheazores.pt\/fr\/wp-json\/wp\/v2\/product_brand?post=22385"},{"taxonomy":"product_cat","embeddable":true,"href":"https:\/\/guidetotheazores.pt\/fr\/wp-json\/wp\/v2\/product_cat?post=22385"},{"taxonomy":"product_tag","embeddable":true,"href":"https:\/\/guidetotheazores.pt\/fr\/wp-json\/wp\/v2\/product_tag?post=22385"}],"curies":[{"name":"wp","href":"https:\/\/api.w.org\/{rel}","templated":true}]}}