{"id":22401,"date":"2023-02-28T21:19:38","date_gmt":"2023-02-28T22:19:38","guid":{"rendered":"https:\/\/guidetotheazores.pt\/product\/randonnee-privee-dune-demi-journee-autour-de-la-caldeira\/"},"modified":"2023-02-28T21:19:38","modified_gmt":"2023-02-28T22:19:38","slug":"randonnee-privee-dune-demi-journee-autour-de-la-caldeira","status":"publish","type":"product","link":"https:\/\/guidetotheazores.pt\/fr\/produit\/randonnee-privee-dune-demi-journee-autour-de-la-caldeira\/","title":{"rendered":"Randonn\u00e9e priv\u00e9e d&rsquo;une demi-journ\u00e9e autour de la Caldeira"},"content":{"rendered":"<p><strong>Points forts de l&rsquo;excursion :<\/strong><\/p>\n<ul>\n<li>Vue imprenable sur Faial et les \u00eeles voisines.<\/li>\n<li>Caldeira do Faial<\/li>\n<li>Cabe\u00e7o Gordo<\/li>\n<\/ul>\n<p><strong>Point de rencontre \/ prise en charge :<\/strong><\/p>\n<p>Cette excursion d&rsquo;une demi-journ\u00e9e commence soit \u00e0 9h00, soit \u00e0 14h00, indique-nous l&rsquo;heure qui te convient. Nous venons te chercher directement \u00e0 ton lieu d&rsquo;h\u00e9bergement ou \u00e0 l&rsquo;endroit de ton choix \u00e0 Faial. Nous pouvons \u00e9galement nous rencontrer dans la ville de Horta au Largo Dr. Manuel de Arriaga sur la place en face de l&rsquo;Hotel do Canal. N&rsquo;h\u00e9site pas \u00e0 nous faire part de ta pr\u00e9f\u00e9rence !   <\/p>\n<p><strong>Informations importantes :<\/strong><\/p>\n<ul>\n<li>N&rsquo;oublie pas ton appareil photo et charge-le compl\u00e8tement<\/li>\n<li>Porte des v\u00eatements ad\u00e9quats, le temps peut changer rapidement<\/li>\n<li>Porte de bonnes chaussures confortables<\/li>\n<li>Les voyageurs doivent avoir une condition physique mod\u00e9r\u00e9e<\/li>\n<li>D\u00e9conseill\u00e9 aux voyageuses enceintes<\/li>\n<li>D\u00e9conseill\u00e9 aux voyageurs souffrant de probl\u00e8mes cardiaques ou d&rsquo;autres troubles m\u00e9dicaux graves.<\/li>\n<li>Recommand\u00e9 uniquement lorsque les conditions m\u00e9t\u00e9orologiques sont bonnes<\/li>\n<li>Visite guid\u00e9e priv\u00e9e pour un maximum de 6 participants<\/li>\n<li>Contacte-nous directement pour les groupes plus importants et pour les tarifs enfants.<\/li>\n<\/ul>\n<p><strong>Inclus dans la visite :<\/strong><\/p>\n<ul>\n<li>Beaucoup d&rsquo;histoires<\/li>\n<li>En-cas et boissons<\/li>\n<li>Assurance accidents personnels<\/li>\n<li>Assurance responsabilit\u00e9 civile<\/li>\n<\/ul>\n","protected":false},"excerpt":{"rendered":"<p>La randonn\u00e9e autour de la Caldeira est une exp\u00e9rience \u00e0 ne pas manquer si tu visites Faial. Ce c\u00f4ne volcanique effondr\u00e9 est l&rsquo;un des principaux points de rep\u00e8re de Faial. Avec ses 2 km de diam\u00e8tre, il constitue un rappel impressionnant de la force de la nature. Le sentier autour du p\u00e9rim\u00e8tre fait environ 7 km et peut \u00eatre fait en deux ou trois heures. La randonn\u00e9e autour de la Caldeira est physiquement facile, mais les personnes souffrant de vertige pourraient trouver quelques passages bien s\u00e9curis\u00e9s un peu difficiles. Cette randonn\u00e9e ne vaut la peine d&rsquo;\u00eatre faite que si le temps est clair et que le vent n&rsquo;est pas trop fort. Tu seras r\u00e9compens\u00e9 par des vues imprenables sur les \u00eeles voisines et la nature intacte.      <\/p>\n","protected":false},"featured_media":22403,"comment_status":"open","ping_status":"closed","template":"","meta":{"_acf_changed":false},"product_brand":[],"product_cat":[19484,19487,19486,19500],"product_tag":[19488],"class_list":{"0":"post-22401","1":"product","2":"type-product","3":"status-publish","4":"has-post-thumbnail","6":"product_cat-activites","7":"product_cat-faial","8":"product_cat-toutes-les-iles","9":"product_cat-visites-guidees","10":"product_tag-faialisland","12":"first","13":"instock","14":"virtual","15":"sold-individually","16":"taxable","17":"purchasable","18":"product-type-phive_booking"},"acf":[],"_links":{"self":[{"href":"https:\/\/guidetotheazores.pt\/fr\/wp-json\/wp\/v2\/product\/22401","targetHints":{"allow":["GET"]}}],"collection":[{"href":"https:\/\/guidetotheazores.pt\/fr\/wp-json\/wp\/v2\/product"}],"about":[{"href":"https:\/\/guidetotheazores.pt\/fr\/wp-json\/wp\/v2\/types\/product"}],"replies":[{"embeddable":true,"href":"https:\/\/guidetotheazores.pt\/fr\/wp-json\/wp\/v2\/comments?post=22401"}],"wp:featuredmedia":[{"embeddable":true,"href":"https:\/\/guidetotheazores.pt\/fr\/wp-json\/wp\/v2\/media\/22403"}],"wp:attachment":[{"href":"https:\/\/guidetotheazores.pt\/fr\/wp-json\/wp\/v2\/media?parent=22401"}],"wp:term":[{"taxonomy":"product_brand","embeddable":true,"href":"https:\/\/guidetotheazores.pt\/fr\/wp-json\/wp\/v2\/product_brand?post=22401"},{"taxonomy":"product_cat","embeddable":true,"href":"https:\/\/guidetotheazores.pt\/fr\/wp-json\/wp\/v2\/product_cat?post=22401"},{"taxonomy":"product_tag","embeddable":true,"href":"https:\/\/guidetotheazores.pt\/fr\/wp-json\/wp\/v2\/product_tag?post=22401"}],"curies":[{"name":"wp","href":"https:\/\/api.w.org\/{rel}","templated":true}]}}