{"id":22418,"date":"2023-02-27T12:49:20","date_gmt":"2023-02-27T13:49:20","guid":{"rendered":"https:\/\/guidetotheazores.pt\/product\/visite-privee-dune-journee-a-faial\/"},"modified":"2023-02-27T12:49:20","modified_gmt":"2023-02-27T13:49:20","slug":"visite-privee-dune-journee-a-faial","status":"publish","type":"product","link":"https:\/\/guidetotheazores.pt\/fr\/produit\/visite-privee-dune-journee-a-faial\/","title":{"rendered":"Visite priv\u00e9e d&rsquo;une journ\u00e9e \u00e0 Faial"},"content":{"rendered":"<p><strong>Points forts de l&rsquo;excursion :<\/strong><\/p>\n<ul>\n<li>Monte da Guia<\/li>\n<li>Miradouro da Lajinha<\/li>\n<li>Morro de Castelo Branco<\/li>\n<li>Varadouro<\/li>\n<li>Capelinhos<\/li>\n<li>Praia da Faj\u00e3<\/li>\n<li>Caldeira<\/li>\n<li>Farol da Ribeirinha<\/li>\n<li>Praia do Almoxarife<\/li>\n<li>Miradouro da Nossa Senhora da Concei\u00e7\u00e3o<\/li>\n<\/ul>\n<p><strong>Point de rencontre \/ prise en charge :<\/strong><\/p>\n<p>Cette excursion d&rsquo;une journ\u00e9e compl\u00e8te commence normalement \u00e0 9h00. Nous venons te chercher directement \u00e0 ton lieu d&rsquo;h\u00e9bergement ou \u00e0 l&rsquo;endroit de ton choix \u00e0 Faial. Nous pouvons \u00e9galement nous retrouver dans la ville de Horta au Largo Dr. Manuel de Arriaga sur la place en face de l&rsquo;Hotel do Canal. N&rsquo;h\u00e9site pas \u00e0 nous faire part de ta pr\u00e9f\u00e9rence !   <\/p>\n<p><strong>Informations importantes :<\/strong><\/p>\n<ul>\n<li>N&rsquo;oublie pas ton appareil photo et charge-le compl\u00e8tement<\/li>\n<li>Porte des v\u00eatements ad\u00e9quats, le temps peut changer rapidement<\/li>\n<li>Porte de bonnes chaussures confortables<\/li>\n<li>Non accessible aux fauteuils roulants<\/li>\n<li>Accessible aux poussettes<\/li>\n<li>Les animaux d&rsquo;assistance sont autoris\u00e9s<\/li>\n<li>Visite guid\u00e9e priv\u00e9e pour un maximum de 6 participants<\/li>\n<li>Contacte-nous directement pour les groupes plus importants et pour les tarifs enfants.<\/li>\n<\/ul>\n<p><strong>Inclus dans la visite :<\/strong><\/p>\n<ul>\n<li>Beaucoup d&rsquo;histoires<\/li>\n<li>D\u00e9jeuner pique-nique riche avec boissons<\/li>\n<li>En-cas et boissons<\/li>\n<li>Assurance accidents corporels<\/li>\n<li>Assurance responsabilit\u00e9 civile<\/li>\n<\/ul>\n<p>&nbsp;<\/p>\n","protected":false},"excerpt":{"rendered":"<p>L&rsquo;excursion d&rsquo;une journ\u00e9e compl\u00e8te dure environ 7 \u00e0 8 heures et te conduit \u00e0 tous les points d&rsquo;int\u00e9r\u00eat de Faial. Le Faial, tout en un jour est parfait pour les visiteurs qui veulent en savoir plus sur Faial, son histoire et ses habitants.L&rsquo;excursion te conduit le long de la c\u00f4te sud, de Horta au volcan de Capelinhos. \u00c0 l&rsquo;heure du d\u00e9jeuner, nous ferons un riche pique-nique dans l&rsquo;un des parcs de loisirs de Faial. L&rsquo;apr\u00e8s-midi, tu visiteras la Caldeira, tu verras le phare de Riberinha d\u00e9truit par un tremblement de terre, puis tu iras sur l&rsquo;une des meilleures plages de sable des A\u00e7ores.   <\/p>\n","protected":false},"featured_media":22419,"comment_status":"open","ping_status":"closed","template":"","meta":{"_acf_changed":false},"product_brand":[],"product_cat":[19484,19487,19486,19500],"product_tag":[19488],"class_list":{"0":"post-22418","1":"product","2":"type-product","3":"status-publish","4":"has-post-thumbnail","6":"product_cat-activites","7":"product_cat-faial","8":"product_cat-toutes-les-iles","9":"product_cat-visites-guidees","10":"product_tag-faialisland","12":"first","13":"instock","14":"virtual","15":"sold-individually","16":"taxable","17":"purchasable","18":"product-type-phive_booking"},"acf":[],"_links":{"self":[{"href":"https:\/\/guidetotheazores.pt\/fr\/wp-json\/wp\/v2\/product\/22418","targetHints":{"allow":["GET"]}}],"collection":[{"href":"https:\/\/guidetotheazores.pt\/fr\/wp-json\/wp\/v2\/product"}],"about":[{"href":"https:\/\/guidetotheazores.pt\/fr\/wp-json\/wp\/v2\/types\/product"}],"replies":[{"embeddable":true,"href":"https:\/\/guidetotheazores.pt\/fr\/wp-json\/wp\/v2\/comments?post=22418"}],"wp:featuredmedia":[{"embeddable":true,"href":"https:\/\/guidetotheazores.pt\/fr\/wp-json\/wp\/v2\/media\/22419"}],"wp:attachment":[{"href":"https:\/\/guidetotheazores.pt\/fr\/wp-json\/wp\/v2\/media?parent=22418"}],"wp:term":[{"taxonomy":"product_brand","embeddable":true,"href":"https:\/\/guidetotheazores.pt\/fr\/wp-json\/wp\/v2\/product_brand?post=22418"},{"taxonomy":"product_cat","embeddable":true,"href":"https:\/\/guidetotheazores.pt\/fr\/wp-json\/wp\/v2\/product_cat?post=22418"},{"taxonomy":"product_tag","embeddable":true,"href":"https:\/\/guidetotheazores.pt\/fr\/wp-json\/wp\/v2\/product_tag?post=22418"}],"curies":[{"name":"wp","href":"https:\/\/api.w.org\/{rel}","templated":true}]}}