{"id":22458,"date":"2023-02-23T11:42:58","date_gmt":"2023-02-23T12:42:58","guid":{"rendered":"https:\/\/guidetotheazores.pt\/product\/cocon\/"},"modified":"2023-02-23T11:42:58","modified_gmt":"2023-02-23T12:42:58","slug":"cocon","status":"publish","type":"product","link":"https:\/\/guidetotheazores.pt\/fr\/produit\/cocon\/","title":{"rendered":"Cocon"},"content":{"rendered":"<p><span style=\"vertical-align: inherit\"><span style=\"vertical-align: inherit\"><span style=\"vertical-align: inherit\"><span style=\"vertical-align: inherit\">Tendez la suspension \u00e0 3 m d&rsquo;altitude. Une partie de la fa\u00e7ade et le dessus sont transparents, ce qui permet de voir le corps qui se trouve \u00e0 l&rsquo;ext\u00e9rieur.   <\/span><\/span><\/span><\/span><br \/>\n<span style=\"vertical-align: inherit\"><span style=\"vertical-align: inherit\"><span style=\"vertical-align: inherit\"><span style=\"vertical-align: inherit\">Pour aller \u00e0 la plage, il est n\u00e9cessaire d&rsquo;aller dans une petite maison. A l&rsquo;int\u00e9rieur, il n&rsquo;y a qu&rsquo;un lit, de la lumi\u00e8re et le wi-fi. <\/span><\/span><\/span><\/span><\/p>\n<p><span style=\"vertical-align: inherit\"><span style=\"vertical-align: inherit\"><span style=\"vertical-align: inherit\"><span style=\"vertical-align: inherit\">Il n&rsquo;y a pas de salle de bain \u00e0 l&rsquo;int\u00e9rieur. Les lavabos et les toilettes ne sont qu&rsquo;\u00e0 quelques m\u00e8tres de distance. <\/span><\/span><\/span><\/span><\/p>\n","protected":false},"excerpt":{"rendered":"<p><span style=\"vertical-align: inherit\"><span style=\"vertical-align: inherit\"><span style=\"vertical-align: inherit\"><span style=\"vertical-align: inherit\">Le dispositif est suspendu \u00e0 3 m d&rsquo;altitude. Les parties avant et sup\u00e9rieure sont transparentes, ce qui permet de voir le corps qui se trouve \u00e0 l&rsquo;ext\u00e9rieur. <\/span><\/span><\/span><\/span><\/p>\n","protected":false},"featured_media":22466,"comment_status":"open","ping_status":"closed","template":"","meta":{"_acf_changed":false},"product_brand":[],"product_cat":[19519,19512,19497,19486],"product_tag":[19498],"class_list":{"0":"post-22458","1":"product","2":"type-product","3":"status-publish","4":"has-post-thumbnail","6":"product_cat-camping-et-glamping","7":"product_cat-hebergement","8":"product_cat-terceira","9":"product_cat-toutes-les-iles","10":"product_tag-terceiraisland","12":"first","13":"instock","14":"virtual","15":"sold-individually","16":"taxable","17":"purchasable","18":"product-type-phive_booking"},"acf":[],"_links":{"self":[{"href":"https:\/\/guidetotheazores.pt\/fr\/wp-json\/wp\/v2\/product\/22458","targetHints":{"allow":["GET"]}}],"collection":[{"href":"https:\/\/guidetotheazores.pt\/fr\/wp-json\/wp\/v2\/product"}],"about":[{"href":"https:\/\/guidetotheazores.pt\/fr\/wp-json\/wp\/v2\/types\/product"}],"replies":[{"embeddable":true,"href":"https:\/\/guidetotheazores.pt\/fr\/wp-json\/wp\/v2\/comments?post=22458"}],"wp:featuredmedia":[{"embeddable":true,"href":"https:\/\/guidetotheazores.pt\/fr\/wp-json\/wp\/v2\/media\/22466"}],"wp:attachment":[{"href":"https:\/\/guidetotheazores.pt\/fr\/wp-json\/wp\/v2\/media?parent=22458"}],"wp:term":[{"taxonomy":"product_brand","embeddable":true,"href":"https:\/\/guidetotheazores.pt\/fr\/wp-json\/wp\/v2\/product_brand?post=22458"},{"taxonomy":"product_cat","embeddable":true,"href":"https:\/\/guidetotheazores.pt\/fr\/wp-json\/wp\/v2\/product_cat?post=22458"},{"taxonomy":"product_tag","embeddable":true,"href":"https:\/\/guidetotheazores.pt\/fr\/wp-json\/wp\/v2\/product_tag?post=22458"}],"curies":[{"name":"wp","href":"https:\/\/api.w.org\/{rel}","templated":true}]}}