{"id":22474,"date":"2023-02-27T10:11:58","date_gmt":"2023-02-27T11:11:58","guid":{"rendered":"https:\/\/guidetotheazores.pt\/product\/dome-de-cryptomeria\/"},"modified":"2023-02-27T10:11:58","modified_gmt":"2023-02-27T11:11:58","slug":"dome-de-cryptomeria","status":"publish","type":"product","link":"https:\/\/guidetotheazores.pt\/fr\/produit\/dome-de-cryptomeria\/","title":{"rendered":"D\u00f4me de cryptom\u00e9ria"},"content":{"rendered":"<p><span style=\"vertical-align: inherit\"><span style=\"vertical-align: inherit\"><span style=\"vertical-align: inherit\"><span style=\"vertical-align: inherit\">C&rsquo;est une maison g\u00e9od\u00e9sique, avec une chambre \u00e0 coucher (chambre de baloi\u00e7o), avec la possibilit\u00e9 de mettre une chambre suppl\u00e9mentaire (35\u20ac par chambre suppl\u00e9mentaire). Il y a une salle de bain (avec sanitaires et lavabo, sans douche), la douche se trouve dans les bains d&rsquo;apaisement qui se trouvent \u00e9galement en face (photo en annexe). C&rsquo;est une fa\u00e7on de camper en toute tranquillit\u00e9.  <\/span><\/span><\/span><\/span><\/p>\n","protected":false},"excerpt":{"rendered":"<p>Une tente d\u00f4me g\u00e9od\u00e9sique confortable avec un lit double et une salle de bain.<\/p>\n","protected":false},"featured_media":22484,"comment_status":"open","ping_status":"closed","template":"","meta":{"_acf_changed":false},"product_brand":[],"product_cat":[19519,19512,19497,19486],"product_tag":[19498],"class_list":{"0":"post-22474","1":"product","2":"type-product","3":"status-publish","4":"has-post-thumbnail","6":"product_cat-camping-et-glamping","7":"product_cat-hebergement","8":"product_cat-terceira","9":"product_cat-toutes-les-iles","10":"product_tag-terceiraisland","12":"first","13":"instock","14":"virtual","15":"sold-individually","16":"taxable","17":"purchasable","18":"product-type-phive_booking"},"acf":[],"_links":{"self":[{"href":"https:\/\/guidetotheazores.pt\/fr\/wp-json\/wp\/v2\/product\/22474","targetHints":{"allow":["GET"]}}],"collection":[{"href":"https:\/\/guidetotheazores.pt\/fr\/wp-json\/wp\/v2\/product"}],"about":[{"href":"https:\/\/guidetotheazores.pt\/fr\/wp-json\/wp\/v2\/types\/product"}],"replies":[{"embeddable":true,"href":"https:\/\/guidetotheazores.pt\/fr\/wp-json\/wp\/v2\/comments?post=22474"}],"wp:featuredmedia":[{"embeddable":true,"href":"https:\/\/guidetotheazores.pt\/fr\/wp-json\/wp\/v2\/media\/22484"}],"wp:attachment":[{"href":"https:\/\/guidetotheazores.pt\/fr\/wp-json\/wp\/v2\/media?parent=22474"}],"wp:term":[{"taxonomy":"product_brand","embeddable":true,"href":"https:\/\/guidetotheazores.pt\/fr\/wp-json\/wp\/v2\/product_brand?post=22474"},{"taxonomy":"product_cat","embeddable":true,"href":"https:\/\/guidetotheazores.pt\/fr\/wp-json\/wp\/v2\/product_cat?post=22474"},{"taxonomy":"product_tag","embeddable":true,"href":"https:\/\/guidetotheazores.pt\/fr\/wp-json\/wp\/v2\/product_tag?post=22474"}],"curies":[{"name":"wp","href":"https:\/\/api.w.org\/{rel}","templated":true}]}}