{"id":22495,"date":"2022-02-18T12:11:28","date_gmt":"2022-02-18T13:11:28","guid":{"rendered":"https:\/\/guidetotheazores.pt\/product\/escuna-chambre-simple-salle-de-bain-commune\/"},"modified":"2022-02-18T12:11:28","modified_gmt":"2022-02-18T13:11:28","slug":"escuna-chambre-simple-salle-de-bain-commune","status":"publish","type":"product","link":"https:\/\/guidetotheazores.pt\/fr\/produit\/escuna-chambre-simple-salle-de-bain-commune\/","title":{"rendered":"ESCUNA &#8211; Chambre simple, salle de bain commune"},"content":{"rendered":"<p>ESCUNA &#8211; Chambre simple<br \/>\nDeuxi\u00e8me \u00e9tage (sans ascenseur)<br \/>\nVue sur la cour int\u00e9rieure<br \/>\nSalle de bain partag\u00e9e uniquement avec la chambre double Clipper (m\u00eame \u00e9tage)<\/p>\n<p>Toutes les chambres de la Casa BuonVento sont \u00e9quip\u00e9es d&rsquo;un bureau, d&rsquo;une armoire ou d&rsquo;un cintre, d&rsquo;un ventilateur et\/ou d&rsquo;un chauffage radiant.<br \/>\nLe linge de lit et les serviettes sont fournis.<\/p>\n<p>Nos h\u00f4tes disposent d&rsquo;une cuisine commune enti\u00e8rement \u00e9quip\u00e9e (vaisselle, couverts, appareils \u00e9lectrom\u00e9nagers) et d&rsquo;un petit coin salon avec canap\u00e9, t\u00e9l\u00e9vision et livres.<\/p>\n<p><strong>SERVICES<\/strong><\/p>\n<ul>\n<li>Service de nettoyage tous les 3 jours, changement de serviettes et de draps une fois par semaine (changement suppl\u00e9mentaire sur demande).<\/li>\n<li>Wifi gratuit dans toute la structure<\/li>\n<li>Serviettes de plage (sur demande)<\/li>\n<li>Utilisation de la cuisine commune<\/li>\n<li>Acc\u00e8s gratuit au petit salon commun avec t\u00e9l\u00e9vision, canap\u00e9 et livres.<\/li>\n<li>R\u00e9servation d&rsquo;un service de transfert depuis\/vers l&rsquo;a\u00e9roport\/le terminal Maritimo (sur demande).<\/li>\n<li>Organisation d&rsquo;activit\u00e9s sur les \u00eeles de Faial et de Pico (observation des baleines, visites de la ville et de l&rsquo;\u00eele, escalade de la montagne de Pico, etc. &#8211; sur demande)<\/li>\n<li>R\u00e9servations au restaurant (sur demande)<\/li>\n<li>Location de voiture (sur demande)<\/li>\n<li>Blanchisserie (sur demande, frais suppl\u00e9mentaires)<\/li>\n<li>Stockage des bagages<\/li>\n<\/ul>\n","protected":false},"excerpt":{"rendered":"<p>ESCUNA &#8211; Chambre simple<br \/>\nDeuxi\u00e8me \u00e9tage (sans ascenseur)<br \/>\nVue sur la cour int\u00e9rieure<br \/>\nSalle de bain partag\u00e9e uniquement avec la chambre double Clipper (m\u00eame \u00e9tage)<\/p>\n","protected":false},"featured_media":22496,"comment_status":"open","ping_status":"closed","template":"","meta":{"_acf_changed":false},"product_brand":[],"product_cat":[19513,19487,19512,19486],"product_tag":[19488],"class_list":{"0":"post-22495","1":"product","2":"type-product","3":"status-publish","4":"has-post-thumbnail","6":"product_cat-alojamento-local","7":"product_cat-faial","8":"product_cat-hebergement","9":"product_cat-toutes-les-iles","10":"product_tag-faialisland","12":"first","13":"instock","14":"virtual","15":"sold-individually","16":"taxable","17":"purchasable","18":"product-type-phive_booking"},"acf":[],"_links":{"self":[{"href":"https:\/\/guidetotheazores.pt\/fr\/wp-json\/wp\/v2\/product\/22495","targetHints":{"allow":["GET"]}}],"collection":[{"href":"https:\/\/guidetotheazores.pt\/fr\/wp-json\/wp\/v2\/product"}],"about":[{"href":"https:\/\/guidetotheazores.pt\/fr\/wp-json\/wp\/v2\/types\/product"}],"replies":[{"embeddable":true,"href":"https:\/\/guidetotheazores.pt\/fr\/wp-json\/wp\/v2\/comments?post=22495"}],"wp:featuredmedia":[{"embeddable":true,"href":"https:\/\/guidetotheazores.pt\/fr\/wp-json\/wp\/v2\/media\/22496"}],"wp:attachment":[{"href":"https:\/\/guidetotheazores.pt\/fr\/wp-json\/wp\/v2\/media?parent=22495"}],"wp:term":[{"taxonomy":"product_brand","embeddable":true,"href":"https:\/\/guidetotheazores.pt\/fr\/wp-json\/wp\/v2\/product_brand?post=22495"},{"taxonomy":"product_cat","embeddable":true,"href":"https:\/\/guidetotheazores.pt\/fr\/wp-json\/wp\/v2\/product_cat?post=22495"},{"taxonomy":"product_tag","embeddable":true,"href":"https:\/\/guidetotheazores.pt\/fr\/wp-json\/wp\/v2\/product_tag?post=22495"}],"curies":[{"name":"wp","href":"https:\/\/api.w.org\/{rel}","templated":true}]}}