{"id":22498,"date":"2023-01-04T12:56:48","date_gmt":"2023-01-04T13:56:48","guid":{"rendered":"https:\/\/guidetotheazores.pt\/product\/planification-du-voyage-aux-acores-seance-privee\/"},"modified":"2023-01-04T12:56:48","modified_gmt":"2023-01-04T13:56:48","slug":"planification-du-voyage-aux-acores-seance-privee","status":"publish","type":"product","link":"https:\/\/guidetotheazores.pt\/fr\/produit\/planification-du-voyage-aux-acores-seance-privee\/","title":{"rendered":"Planification du voyage aux A\u00e7ores &#8211; S\u00e9ance priv\u00e9e"},"content":{"rendered":"<p>Une heure de vid\u00e9oconf\u00e9rence avec Ilaria &#8211; conceptrice de voyages aux A\u00e7ores<\/p>\n<p>Tu pr\u00e9pares un voyage \u00e0 faire soi-m\u00eame aux A\u00e7ores et tu aimerais avoir des conseils sur les \u00eeles, les itin\u00e9raires possibles, comment se d\u00e9placer, ce qu&rsquo;il ne faut pas manquer, les dur\u00e9es de voyage, les jours minimums n\u00e9cessaires, les bagages \u00e0 emporter et mille autres choses ? Avec ce service, nous organiserons un appel vid\u00e9o de 40&prime; avec mon introduction aux choses essentielles \u00e0 savoir pour une planification de voyage r\u00e9ussie et une session de temps pour tes questions dans la file d&rsquo;attente. <\/p>\n<p>Prix : 50\u20ac &#8211; Session priv\u00e9e<\/p>\n<p>Une fois que tu auras r\u00e9serv\u00e9 la s\u00e9ance, Ilaria te contactera pour convenir du meilleur moment possible.<\/p>\n<p>&nbsp;<\/p>\n","protected":false},"excerpt":{"rendered":"<p>Une heure de vid\u00e9oconf\u00e9rence avec Ilaria (conceptrice de voyages aux A\u00e7ores) pour une planification de voyage r\u00e9ussie !<\/p>\n","protected":false},"featured_media":22500,"comment_status":"open","ping_status":"closed","template":"","meta":{"_acf_changed":false},"product_brand":[],"product_cat":[19508,19507],"product_tag":[],"class_list":{"0":"post-22498","1":"product","2":"type-product","3":"status-publish","4":"has-post-thumbnail","6":"product_cat-concepteur-de-voyage","7":"product_cat-services","9":"first","10":"instock","11":"virtual","12":"taxable","13":"purchasable","14":"product-type-simple"},"acf":[],"_links":{"self":[{"href":"https:\/\/guidetotheazores.pt\/fr\/wp-json\/wp\/v2\/product\/22498","targetHints":{"allow":["GET"]}}],"collection":[{"href":"https:\/\/guidetotheazores.pt\/fr\/wp-json\/wp\/v2\/product"}],"about":[{"href":"https:\/\/guidetotheazores.pt\/fr\/wp-json\/wp\/v2\/types\/product"}],"replies":[{"embeddable":true,"href":"https:\/\/guidetotheazores.pt\/fr\/wp-json\/wp\/v2\/comments?post=22498"}],"wp:featuredmedia":[{"embeddable":true,"href":"https:\/\/guidetotheazores.pt\/fr\/wp-json\/wp\/v2\/media\/22500"}],"wp:attachment":[{"href":"https:\/\/guidetotheazores.pt\/fr\/wp-json\/wp\/v2\/media?parent=22498"}],"wp:term":[{"taxonomy":"product_brand","embeddable":true,"href":"https:\/\/guidetotheazores.pt\/fr\/wp-json\/wp\/v2\/product_brand?post=22498"},{"taxonomy":"product_cat","embeddable":true,"href":"https:\/\/guidetotheazores.pt\/fr\/wp-json\/wp\/v2\/product_cat?post=22498"},{"taxonomy":"product_tag","embeddable":true,"href":"https:\/\/guidetotheazores.pt\/fr\/wp-json\/wp\/v2\/product_tag?post=22498"}],"curies":[{"name":"wp","href":"https:\/\/api.w.org\/{rel}","templated":true}]}}