{"id":22522,"date":"2021-11-02T13:56:16","date_gmt":"2021-11-02T14:56:16","guid":{"rendered":"https:\/\/guidetotheazores.pt\/product\/casa-aguaplano-cozy-cottage\/"},"modified":"2026-05-05T08:57:27","modified_gmt":"2026-05-05T09:57:27","slug":"casa-aguaplano-cozy-cottage","status":"publish","type":"product","link":"https:\/\/guidetotheazores.pt\/fr\/produit\/casa-aguaplano-cozy-cottage\/","title":{"rendered":"Casa Aguaplano Cozy Cottage"},"content":{"rendered":"<p>Casa Aguaplano est un confortable chalet en bois de 30 m2 adjacent \u00e0 notre maison, donnant sur une for\u00eat luxuriante et sur l&rsquo;oc\u00e9an, orient\u00e9 sud-ouest \u00e0 Capelo, \u00eele de Faial, A\u00e7ores.<\/p>\n<p>Profite des fabuleux couchers de soleil depuis une maison couverte en bois enti\u00e8rement r\u00e9nov\u00e9e, \u00e9quip\u00e9e d&rsquo;une cuisine, d&rsquo;un four \u00e0 bois traditionnel, d&rsquo;un d\u00e9shumidificateur, du wi-fi, d&rsquo;une terrasse et d&rsquo;un patio lat\u00e9ral avec barbecue pour te d\u00e9tendre et pr\u00e9server ton intimit\u00e9.<\/p>\n<p>Valeria et Sigfrido te souhaitent la bienvenue dans leur refuge des A\u00e7ores.<\/p>\n<p>Le volcan Capelinhos et les piscines naturelles de Varadouro sont \u00e0 quelques minutes (explore-en plus dans notre <a href=\"https:\/\/guidetotheazores.pt\/varadouro-faial-azores-complete-travel-guide\/\">guide de voyage Varadouro Faial<\/a>), il y a un bon restaurant (Bela Vista) ainsi qu&rsquo;une boutique et 2 snack-bars \u00e0 distance de marche. L&rsquo;a\u00e9roport est accessible en 10 minutes en voiture. Horta est \u00e0 seulement 20 minutes.  <\/p>\n<p>Nous parlons anglais, portugais, fran\u00e7ais, espagnol et, bien s\u00fbr, italien.<\/p>\n<p>Disponible de mars \u00e0 novembre<\/p>\n<p>Caract\u00e9ristiques et commodit\u00e9s :<\/p>\n<p>Cuisine compl\u00e8te avec cuisini\u00e8re \u00e9lectrique, r\u00e9frig\u00e9rateur, four et toutes les fa\u00e7ons possibles de faire du caf\u00e9.<\/p>\n<p>Salle de bain attenante avec douche \u00e0 l&rsquo;italienne<\/p>\n<p>Patio avec vue sur la for\u00eat et l&rsquo;oc\u00e9an<\/p>\n<p>Espace barbecue<\/p>\n<p>Buanderie avec lave-linge et s\u00e8che-linge<\/p>\n<p>Wi-fi et t\u00e9l\u00e9vision<\/p>\n<p>En \u00e9t\u00e9, des l\u00e9gumes frais et des herbes aromatiques cultiv\u00e9s dans notre serre.<\/p>\n<p>&nbsp;<\/p>\n<p>&nbsp;<\/p>\n<p>&nbsp;<\/p>\n","protected":false},"excerpt":{"rendered":"<p>Douillet cottage en bois de 30 m\u00b2 pr\u00e8s du volcan Capelinhos avec vue sur l&rsquo;oc\u00e9an, fabuleux couchers de soleil, patio avec barbecue et toutes les commodit\u00e9s. \u00c0 quelques minutes des piscines naturelles et de Horta. <\/p>\n<p>&nbsp;<\/p>\n","protected":false},"featured_media":22526,"comment_status":"open","ping_status":"closed","template":"","meta":{"_acf_changed":false},"product_brand":[],"product_cat":[19513,19487,19512,19486],"product_tag":[19488],"class_list":{"0":"post-22522","1":"product","2":"type-product","3":"status-publish","4":"has-post-thumbnail","6":"product_cat-alojamento-local","7":"product_cat-faial","8":"product_cat-hebergement","9":"product_cat-toutes-les-iles","10":"product_tag-faialisland","12":"first","13":"instock","14":"virtual","15":"sold-individually","16":"taxable","17":"purchasable","18":"product-type-phive_booking"},"acf":[],"_links":{"self":[{"href":"https:\/\/guidetotheazores.pt\/fr\/wp-json\/wp\/v2\/product\/22522","targetHints":{"allow":["GET"]}}],"collection":[{"href":"https:\/\/guidetotheazores.pt\/fr\/wp-json\/wp\/v2\/product"}],"about":[{"href":"https:\/\/guidetotheazores.pt\/fr\/wp-json\/wp\/v2\/types\/product"}],"replies":[{"embeddable":true,"href":"https:\/\/guidetotheazores.pt\/fr\/wp-json\/wp\/v2\/comments?post=22522"}],"wp:featuredmedia":[{"embeddable":true,"href":"https:\/\/guidetotheazores.pt\/fr\/wp-json\/wp\/v2\/media\/22526"}],"wp:attachment":[{"href":"https:\/\/guidetotheazores.pt\/fr\/wp-json\/wp\/v2\/media?parent=22522"}],"wp:term":[{"taxonomy":"product_brand","embeddable":true,"href":"https:\/\/guidetotheazores.pt\/fr\/wp-json\/wp\/v2\/product_brand?post=22522"},{"taxonomy":"product_cat","embeddable":true,"href":"https:\/\/guidetotheazores.pt\/fr\/wp-json\/wp\/v2\/product_cat?post=22522"},{"taxonomy":"product_tag","embeddable":true,"href":"https:\/\/guidetotheazores.pt\/fr\/wp-json\/wp\/v2\/product_tag?post=22522"}],"curies":[{"name":"wp","href":"https:\/\/api.w.org\/{rel}","templated":true}]}}